{"id":55019,"date":"2020-11-12T17:51:52","date_gmt":"2020-11-12T16:51:52","guid":{"rendered":"https:\/\/www.customeeple.com\/?post_type=product&#038;p=55019"},"modified":"2020-11-12T17:59:57","modified_gmt":"2020-11-12T16:59:57","slug":"el-dorado","status":"publish","type":"product","link":"https:\/\/www.customeeple.com\/es\/producto\/el-dorado\/","title":{"rendered":"\u00a0El Dorado (ESP)"},"content":{"rendered":"<div class=\"product attribute overview\">\n<div class=\"value\">\n<section id=\"wrapper\">\n<div class=\"container\">\n<div id=\"content-wrapper\">\n<section id=\"main\">\n<div class=\"row pad10\">\n<div class=\"tabs\">\n<div id=\"tab-content\" class=\"tab-content\">\n<div id=\"description\" class=\"tab-pane fade in active\" role=\"tabpanel\">\n<div class=\"product-description\">\n<p>\u00bfEst\u00e1s listo para vivir una emocionante aventura en busca de la ciudad perdida del oro? Tendr\u00e1s que formar un grupo de valientes aventureros y guiarlos en una expedici\u00f3n a trav\u00e9s de la jungla de Sudam\u00e9rica. Tendr\u00e1s que planificar bien la ruta, contratar a los profesionales adecuados y conseguir el equipamiento necesario. \u00a1Para llegar hasta El Dorado y ganar tendr\u00e1s que tomar la mejor ruta! Un jego de estrategia increible para una diversi\u00f3n sin fin, gracias al tablero de juego variable: m\u00e1s de 100.000 configuraciones distintas.<\/p>\n<\/div>\n<\/div>\n<\/div>\n<\/div>\n<\/div>\n<\/section>\n<\/div>\n<\/div>\n<\/section>\n<ul>\n<li><strong>N\u00famero de jugadores:\u00a0<\/strong>2-4 jugadores<\/li>\n<li><strong>Edad m\u00ednima recomendada: <\/strong>10 a\u00f1os<\/li>\n<li><strong>Duraci\u00f3n: 60<\/strong>\u00a0minutos<\/li>\n<\/ul>\n<\/div>\n<\/div>\n","protected":false},"excerpt":{"rendered":"<p>Boardgame.<\/p>\n","protected":false},"featured_media":55011,"template":"","meta":{"_acf_changed":false},"product_brand":[],"product_cat":[1561,1653,1180],"product_tag":[1264,1280,1747],"class_list":{"0":"post-55019","1":"product","2":"type-product","3":"status-publish","4":"has-post-thumbnail","6":"product_cat-familiar-es","7":"product_cat-boardgames","8":"product_cat-retail-products-es","9":"product_tag-boardgame-es","10":"product_tag-juego-de-mesa-es","11":"product_tag-juego-del-ano-es","13":"first","14":"onbackorder","15":"sale","16":"taxable","17":"shipping-taxable","18":"purchasable","19":"product-type-simple"},"exclude_global_add_ons":[],"addons":[],"acf":[],"_links":{"self":[{"href":"https:\/\/www.customeeple.com\/es\/wp-json\/wp\/v2\/product\/55019","targetHints":{"allow":["GET"]}}],"collection":[{"href":"https:\/\/www.customeeple.com\/es\/wp-json\/wp\/v2\/product"}],"about":[{"href":"https:\/\/www.customeeple.com\/es\/wp-json\/wp\/v2\/types\/product"}],"wp:featuredmedia":[{"embeddable":true,"href":"https:\/\/www.customeeple.com\/es\/wp-json\/wp\/v2\/media\/55011"}],"wp:attachment":[{"href":"https:\/\/www.customeeple.com\/es\/wp-json\/wp\/v2\/media?parent=55019"}],"wp:term":[{"taxonomy":"product_brand","embeddable":true,"href":"https:\/\/www.customeeple.com\/es\/wp-json\/wp\/v2\/product_brand?post=55019"},{"taxonomy":"product_cat","embeddable":true,"href":"https:\/\/www.customeeple.com\/es\/wp-json\/wp\/v2\/product_cat?post=55019"},{"taxonomy":"product_tag","embeddable":true,"href":"https:\/\/www.customeeple.com\/es\/wp-json\/wp\/v2\/product_tag?post=55019"}],"curies":[{"name":"wp","href":"https:\/\/api.w.org\/{rel}","templated":true}]}}