{"id":55017,"date":"2020-11-12T17:51:49","date_gmt":"2020-11-12T16:51:49","guid":{"rendered":"https:\/\/www.customeeple.com\/?post_type=product&#038;p=55017"},"modified":"2020-11-12T17:59:44","modified_gmt":"2020-11-12T16:59:44","slug":"karuba","status":"publish","type":"product","link":"https:\/\/www.customeeple.com\/es\/producto\/karuba\/","title":{"rendered":"Karuba (ESP)"},"content":{"rendered":"<div class=\"product attribute overview\">\n<div class=\"value\">\n<p><span class=\"br\">\u00a1Por fin! Tras un largo viaje en bote, los cazadores de tesoros han alcanzado la isla Karuba y pueden hacerse a la b\u00fasqueda de los tesoros escondidos. \u00bfQui\u00e9n guiar\u00e1 con m\u00e1s inteligencia a su equipo de aventureros a trav\u00e9s de la jungla, prestar\u00e1 atenci\u00f3n al resto de jugadores y estar\u00e1 atento al oro y los cristales del camino? Lo m\u00e1s importante de todo es \u00a1emprender la marcha a tiempo!, pues los primeros se aseguran los preciados tesoros de los templos.<\/span><\/p>\n<p><strong>Componentes<\/strong>:<\/p>\n<p>4 islas, 64 cristales, 16 pepitas de oro, 16 tesoros de templo, 16 aventureros, 16 templos, 144 fichas jungla,\u00a0 instrucciones.<\/p>\n<ul>\n<li><strong>N\u00famero de jugadores:\u00a0<\/strong>2-4 jugadores<\/li>\n<li><strong>Edad m\u00ednima recomendada: 8<\/strong>\u00a0a\u00f1os<\/li>\n<li><strong>Duraci\u00f3n:\u00a0<\/strong>40 minutos<\/li>\n<\/ul>\n<\/div>\n<\/div>\n","protected":false},"excerpt":{"rendered":"<p>Boardgame.<\/p>\n","protected":false},"featured_media":55009,"template":"","meta":{"_acf_changed":false},"product_brand":[],"product_cat":[1561,1991,1653,1180],"product_tag":[1264,1731,1280],"class_list":{"0":"post-55017","1":"product","2":"type-product","3":"status-publish","4":"has-post-thumbnail","6":"product_cat-familiar-es","7":"product_cat-ha-es","8":"product_cat-boardgames","9":"product_cat-retail-products-es","10":"product_tag-boardgame-es","11":"product_tag-haba-es","12":"product_tag-juego-de-mesa-es","14":"first","15":"onbackorder","16":"sale","17":"taxable","18":"shipping-taxable","19":"purchasable","20":"product-type-simple"},"exclude_global_add_ons":[],"addons":[],"acf":[],"_links":{"self":[{"href":"https:\/\/www.customeeple.com\/es\/wp-json\/wp\/v2\/product\/55017","targetHints":{"allow":["GET"]}}],"collection":[{"href":"https:\/\/www.customeeple.com\/es\/wp-json\/wp\/v2\/product"}],"about":[{"href":"https:\/\/www.customeeple.com\/es\/wp-json\/wp\/v2\/types\/product"}],"wp:featuredmedia":[{"embeddable":true,"href":"https:\/\/www.customeeple.com\/es\/wp-json\/wp\/v2\/media\/55009"}],"wp:attachment":[{"href":"https:\/\/www.customeeple.com\/es\/wp-json\/wp\/v2\/media?parent=55017"}],"wp:term":[{"taxonomy":"product_brand","embeddable":true,"href":"https:\/\/www.customeeple.com\/es\/wp-json\/wp\/v2\/product_brand?post=55017"},{"taxonomy":"product_cat","embeddable":true,"href":"https:\/\/www.customeeple.com\/es\/wp-json\/wp\/v2\/product_cat?post=55017"},{"taxonomy":"product_tag","embeddable":true,"href":"https:\/\/www.customeeple.com\/es\/wp-json\/wp\/v2\/product_tag?post=55017"}],"curies":[{"name":"wp","href":"https:\/\/api.w.org\/{rel}","templated":true}]}}