{"id":54995,"date":"2020-11-11T14:10:52","date_gmt":"2020-11-11T13:10:52","guid":{"rendered":"https:\/\/www.customeeple.com\/?post_type=product&#038;p=54995"},"modified":"2024-11-30T21:23:01","modified_gmt":"2024-11-30T20:23:01","slug":"root","status":"publish","type":"product","link":"https:\/\/www.customeeple.com\/es\/producto\/root\/","title":{"rendered":"Root (ESP)"},"content":{"rendered":"<div class=\"p_collection\">\n<div id=\"primary_block\" class=\"clearfix\">\n<div class=\"add-top p_collection\">\n<div dir=\"ltr\">Root es el juego de guerra y aventura asim\u00e9trico definitivo, en el que de 2 a 4 intr\u00e9pidos jugador@s se enfrentan por el dominio de un bosque poblado por simp\u00e1ticas criaturas.<\/div>\n<div dir=\"ltr\"><\/div>\n<div dir=\"ltr\">Juega como una de las 4 facciones en liza, usando usando reglas y mec\u00e1nicas \u00fanicas:<\/div>\n<div dir=\"ltr\">&#8211; El Marquesado \u2013 Domina el bosque, extrae sus recursos y mant\u00e9n a raya a sus habitantes.<br \/>\n&#8211; El Nido de \u00c1guilas \u2013 Recupera tus dominios al tiempo que evitas tus disputas internas.<br \/>\n&#8211; La Alianza \u2013 Re\u00fane simpatizantes y coordina revueltas contra el orden establecido.<br \/>\n&#8211; El Vagabundo \u2013 Forja y rompe alianzas con los otros jugadores para obtener fama y fortuna.<\/div>\n<div dir=\"ltr\"><\/div>\n<div>\n<ul>\n<li>2-4 Jugadores,<\/li>\n<li>Edad 10+,<\/li>\n<li>Duraci\u00f3n 60-90 minutos<\/li>\n<\/ul>\n<\/div>\n<\/div>\n<\/div>\n<\/div>\n","protected":false},"excerpt":{"rendered":"<p>Boardgame.<\/p>\n","protected":false},"featured_media":54993,"template":"","meta":{"_acf_changed":false},"product_brand":[],"product_cat":[1561,1653,1556,1180],"product_tag":[1264,1280],"class_list":{"0":"post-54995","1":"product","2":"type-product","3":"status-publish","4":"has-post-thumbnail","6":"product_cat-familiar-es","7":"product_cat-boardgames","8":"product_cat-board-games-es","9":"product_cat-retail-products-es","10":"product_tag-boardgame-es","11":"product_tag-juego-de-mesa-es","13":"first","14":"onbackorder","15":"sale","16":"taxable","17":"shipping-taxable","18":"purchasable","19":"product-type-simple"},"exclude_global_add_ons":[],"addons":[],"acf":[],"_links":{"self":[{"href":"https:\/\/www.customeeple.com\/es\/wp-json\/wp\/v2\/product\/54995","targetHints":{"allow":["GET"]}}],"collection":[{"href":"https:\/\/www.customeeple.com\/es\/wp-json\/wp\/v2\/product"}],"about":[{"href":"https:\/\/www.customeeple.com\/es\/wp-json\/wp\/v2\/types\/product"}],"wp:featuredmedia":[{"embeddable":true,"href":"https:\/\/www.customeeple.com\/es\/wp-json\/wp\/v2\/media\/54993"}],"wp:attachment":[{"href":"https:\/\/www.customeeple.com\/es\/wp-json\/wp\/v2\/media?parent=54995"}],"wp:term":[{"taxonomy":"product_brand","embeddable":true,"href":"https:\/\/www.customeeple.com\/es\/wp-json\/wp\/v2\/product_brand?post=54995"},{"taxonomy":"product_cat","embeddable":true,"href":"https:\/\/www.customeeple.com\/es\/wp-json\/wp\/v2\/product_cat?post=54995"},{"taxonomy":"product_tag","embeddable":true,"href":"https:\/\/www.customeeple.com\/es\/wp-json\/wp\/v2\/product_tag?post=54995"}],"curies":[{"name":"wp","href":"https:\/\/api.w.org\/{rel}","templated":true}]}}