{"id":54991,"date":"2020-11-11T14:01:57","date_gmt":"2020-11-11T13:01:57","guid":{"rendered":"https:\/\/www.customeeple.com\/?post_type=product&#038;p=54991"},"modified":"2020-11-11T14:08:03","modified_gmt":"2020-11-11T13:08:03","slug":"magic-maze-kids","status":"publish","type":"product","link":"https:\/\/www.customeeple.com\/es\/producto\/magic-maze-kids\/","title":{"rendered":"Magic Maze Kids (ESP)"},"content":{"rendered":"<div class=\"product attribute overview\">\n<div class=\"value\">\n<p>Magic Maze Kids es un juego en el que l@s ni\u00f1@s \u00a0cooperan simult\u00e1neamente para salvar al Rey.<\/p>\n<p>Cada ni\u00f1o tiene su acci\u00f3n, a la cual los otros no tienen acceso; usa tu acci\u00f3n en el momento preciso para ayudar al grupo.<\/p>\n<p>Magic Maze Kids evoluciona con tu hijo, \u00a1ya que tiene 4 niveles de dificultad!<\/p>\n<ul>\n<li><strong>N\u00famero de jugadores:\u00a0<\/strong>2-4 jugadores<\/li>\n<li><strong>Edad m\u00ednima recomendada:<\/strong>5 a\u00f1os<\/li>\n<li><strong>Duraci\u00f3n:\u00a0<\/strong>15 minutos<\/li>\n<\/ul>\n<\/div>\n<\/div>\n","protected":false},"excerpt":{"rendered":"<p>Boardgame.<\/p>\n","protected":false},"featured_media":54985,"template":"","meta":{"_acf_changed":false},"product_brand":[],"product_cat":[1561,1564,1653,1180],"product_tag":[1264,1280],"class_list":{"0":"post-54991","1":"product","2":"type-product","3":"status-publish","4":"has-post-thumbnail","6":"product_cat-familiar-es","7":"product_cat-childrens-es","8":"product_cat-boardgames","9":"product_cat-retail-products-es","10":"product_tag-boardgame-es","11":"product_tag-juego-de-mesa-es","13":"first","14":"onbackorder","15":"sale","16":"taxable","17":"shipping-taxable","18":"purchasable","19":"product-type-simple"},"exclude_global_add_ons":[],"addons":[],"acf":[],"_links":{"self":[{"href":"https:\/\/www.customeeple.com\/es\/wp-json\/wp\/v2\/product\/54991","targetHints":{"allow":["GET"]}}],"collection":[{"href":"https:\/\/www.customeeple.com\/es\/wp-json\/wp\/v2\/product"}],"about":[{"href":"https:\/\/www.customeeple.com\/es\/wp-json\/wp\/v2\/types\/product"}],"wp:featuredmedia":[{"embeddable":true,"href":"https:\/\/www.customeeple.com\/es\/wp-json\/wp\/v2\/media\/54985"}],"wp:attachment":[{"href":"https:\/\/www.customeeple.com\/es\/wp-json\/wp\/v2\/media?parent=54991"}],"wp:term":[{"taxonomy":"product_brand","embeddable":true,"href":"https:\/\/www.customeeple.com\/es\/wp-json\/wp\/v2\/product_brand?post=54991"},{"taxonomy":"product_cat","embeddable":true,"href":"https:\/\/www.customeeple.com\/es\/wp-json\/wp\/v2\/product_cat?post=54991"},{"taxonomy":"product_tag","embeddable":true,"href":"https:\/\/www.customeeple.com\/es\/wp-json\/wp\/v2\/product_tag?post=54991"}],"curies":[{"name":"wp","href":"https:\/\/api.w.org\/{rel}","templated":true}]}}