{"id":54977,"date":"2020-11-11T13:45:30","date_gmt":"2020-11-11T12:45:30","guid":{"rendered":"https:\/\/www.customeeple.com\/?post_type=product&#038;p=54977"},"modified":"2020-11-29T20:03:10","modified_gmt":"2020-11-29T19:03:10","slug":"magic-maze","status":"publish","type":"product","link":"https:\/\/www.customeeple.com\/es\/producto\/magic-maze\/","title":{"rendered":"Magic Maze (ESP)"},"content":{"rendered":"<div class=\"product attribute overview\">\n<div class=\"value\">\n<p>\u00bfQu\u00e9 hace este juego \u00fanico? Todos los jugadores pueder realizar acciones con los h\u00e9roes, con la limitaci\u00f3n de que cada jugador s\u00f3lo podr\u00e1 ejecutar una \u00fanica acci\u00f3n. Por ello, es su responsabilidad reconocer cuando es apropiado actuar, ya que sus compa\u00f1eros no pueden hacer nada mas que mirarle fijamente o utilizar el pe\u00f3n de \u201cHaz algo!\u201d enfrente suyo y esperar que reaccione adecuadamente.<br \/>\nDeber\u00e1s trabajar en equipo para ayudar a los h\u00e9roes a explorar el centro comercial, robar el equipo y escapar.<\/p>\n<ul>\n<li><strong>N\u00famero de jugadores:\u00a0<\/strong>1 a 9<\/li>\n<li><strong>Edad recomendada:\u00a0<\/strong>8+<\/li>\n<li><strong>Tiempo de juego:\u00a0<\/strong>15 minutos<\/li>\n<\/ul>\n<p><strong>Contenido \u00edntegro en castellano.<\/strong><\/p>\n<p><strong>Premios:<\/strong><\/p>\n<ul>\n<li>Nominado a juego del a\u00f1o en Espa\u00f1a 2017<\/li>\n<li>Nominado a juego del a\u00f1o en Alemania 2017<\/li>\n<li>Premio del p\u00fablico del Festival Internacional de Juegos de C\u00f3rdoba 2017<\/li>\n<li>Premio a juego m\u00e1s innovador en Alemania (Innospiel) 2017<\/li>\n<\/ul>\n<\/div>\n<\/div>\n","protected":false},"excerpt":{"rendered":"<p>Boardgame.<\/p>\n","protected":false},"featured_media":54981,"template":"","meta":{"_acf_changed":false},"product_brand":[],"product_cat":[1561,1564,1653,1180],"product_tag":[1264,1280],"class_list":{"0":"post-54977","1":"product","2":"type-product","3":"status-publish","4":"has-post-thumbnail","6":"product_cat-familiar-es","7":"product_cat-childrens-es","8":"product_cat-boardgames","9":"product_cat-retail-products-es","10":"product_tag-boardgame-es","11":"product_tag-juego-de-mesa-es","13":"first","14":"onbackorder","15":"sale","16":"taxable","17":"shipping-taxable","18":"purchasable","19":"product-type-simple"},"exclude_global_add_ons":[],"addons":[],"acf":[],"_links":{"self":[{"href":"https:\/\/www.customeeple.com\/es\/wp-json\/wp\/v2\/product\/54977","targetHints":{"allow":["GET"]}}],"collection":[{"href":"https:\/\/www.customeeple.com\/es\/wp-json\/wp\/v2\/product"}],"about":[{"href":"https:\/\/www.customeeple.com\/es\/wp-json\/wp\/v2\/types\/product"}],"wp:featuredmedia":[{"embeddable":true,"href":"https:\/\/www.customeeple.com\/es\/wp-json\/wp\/v2\/media\/54981"}],"wp:attachment":[{"href":"https:\/\/www.customeeple.com\/es\/wp-json\/wp\/v2\/media?parent=54977"}],"wp:term":[{"taxonomy":"product_brand","embeddable":true,"href":"https:\/\/www.customeeple.com\/es\/wp-json\/wp\/v2\/product_brand?post=54977"},{"taxonomy":"product_cat","embeddable":true,"href":"https:\/\/www.customeeple.com\/es\/wp-json\/wp\/v2\/product_cat?post=54977"},{"taxonomy":"product_tag","embeddable":true,"href":"https:\/\/www.customeeple.com\/es\/wp-json\/wp\/v2\/product_tag?post=54977"}],"curies":[{"name":"wp","href":"https:\/\/api.w.org\/{rel}","templated":true}]}}