{"id":5497,"date":"2014-11-18T11:11:42","date_gmt":"2014-11-18T10:11:42","guid":{"rendered":"http:\/\/www.customeeple.com\/product\/decoracion-navidena-de-infinity\/"},"modified":"2014-11-18T15:13:31","modified_gmt":"2014-11-18T14:13:31","slug":"decoracion-navidena-de-infinity","status":"publish","type":"product","link":"https:\/\/www.customeeple.com\/es\/producto\/decoracion-navidena-de-infinity\/","title":{"rendered":"Adornos navide\u00f1os de Infinity"},"content":{"rendered":"<p>Siente el esp\u00edritu navide\u00f1o futurista con nuestros adornos de\u00a0 <strong><a href=\"http:\/\/www.infinitythegame.com\/infinity\/en\">Infinity.<\/a><\/strong><\/p>\n<p>Por un tiempo <strong>limitado<\/strong> hemos decidido fabricar adornos navide\u00f1os. Cuelgalos de tu \u00e1rbol de navidad como decoraci\u00f3n tem\u00e1tica.<\/p>\n<p>Consigue los 8 logos. Cada adorno esta fabricado en contrachapado y tiene un peque\u00f1o agujero en la parte superior con un hilo decorativo \u00abbaker&#8217;s twine\u00bb para que esten listo para ser colgados en cualquier lugar.<\/p>\n<p>&nbsp;<\/p>\n<div class=\"moreinfo\">\n<p><strong>Material: <\/strong>Madera<strong>\u00a0<\/strong>Contrachapada<\/p>\n<p dir=\"ltr\"><strong>Espesor:<\/strong> 2,5 mm<\/p>\n<p dir=\"ltr\"><strong>Tama\u00f1o: <\/strong>7 cm di\u00e1metro<strong><br \/>\n<\/strong><\/p>\n<p dir=\"ltr\"><strong>Cantidad:<\/strong> 8 Unidades<\/p>\n<p><strong>Uso:<\/strong> Como decoraci\u00f3n navide\u00f1a con logos <strong><a href=\"http:\/\/www.infinitythegame.com\/infinity\/en\">Infinity<\/a><\/strong><\/p>\n<\/div>\n<div class=\"infopreorder\"><strong>Nota:<\/strong> Este producto desaparecer\u00e1 de nuestro catalogo el 15 de Enero. Las piezas se venden sin pintar.<\/div>\n","protected":false},"excerpt":{"rendered":"<p>Decoraci\u00f3n navide\u00f1a con motivos de <strong><a href=\"http:\/\/www.infinitythegame.com\/infinity\/en\">Infinity<\/a><\/strong> para tu \u00e1rbol de navidad.<\/p>\n","protected":false},"featured_media":5770,"template":"","meta":{"_acf_changed":false},"product_brand":[],"product_cat":[191,1370,291,1394,1372],"product_tag":[646,306],"class_list":{"0":"post-5497","1":"product","2":"type-product","3":"status-publish","4":"has-post-thumbnail","6":"product_cat-accesorios","7":"product_cat-customeeple-es","8":"product_cat-infinity-es-2","9":"product_cat-infinity-es","10":"product_cat-sci-fi-es","11":"product_tag-infinity-es-2","12":"product_tag-infinity-the-game-es-2","14":"first","15":"instock","16":"taxable","17":"shipping-taxable","18":"purchasable","19":"product-type-simple"},"exclude_global_add_ons":[],"addons":[],"acf":[],"_links":{"self":[{"href":"https:\/\/www.customeeple.com\/es\/wp-json\/wp\/v2\/product\/5497","targetHints":{"allow":["GET"]}}],"collection":[{"href":"https:\/\/www.customeeple.com\/es\/wp-json\/wp\/v2\/product"}],"about":[{"href":"https:\/\/www.customeeple.com\/es\/wp-json\/wp\/v2\/types\/product"}],"wp:featuredmedia":[{"embeddable":true,"href":"https:\/\/www.customeeple.com\/es\/wp-json\/wp\/v2\/media\/5770"}],"wp:attachment":[{"href":"https:\/\/www.customeeple.com\/es\/wp-json\/wp\/v2\/media?parent=5497"}],"wp:term":[{"taxonomy":"product_brand","embeddable":true,"href":"https:\/\/www.customeeple.com\/es\/wp-json\/wp\/v2\/product_brand?post=5497"},{"taxonomy":"product_cat","embeddable":true,"href":"https:\/\/www.customeeple.com\/es\/wp-json\/wp\/v2\/product_cat?post=5497"},{"taxonomy":"product_tag","embeddable":true,"href":"https:\/\/www.customeeple.com\/es\/wp-json\/wp\/v2\/product_tag?post=5497"}],"curies":[{"name":"wp","href":"https:\/\/api.w.org\/{rel}","templated":true}]}}