{"id":54891,"date":"2020-11-07T17:18:58","date_gmt":"2020-11-07T16:18:58","guid":{"rendered":"https:\/\/www.customeeple.com\/?post_type=product&#038;p=54891"},"modified":"2025-02-11T00:00:08","modified_gmt":"2025-02-10T23:00:08","slug":"space-marines-outriders","status":"publish","type":"product","link":"https:\/\/www.customeeple.com\/es\/producto\/space-marines-outriders\/","title":{"rendered":"Incursores de los Space Marines"},"content":{"rendered":"<p>Las escuadras de Incursores avanzan por delante de las principales l\u00edneas de Marines Espaciales, protegiendo flancos de formaciones m\u00e1s grandes o dando caza a infiltrados enemigos. Cuando llega la batalla, llevan a cabo ataques rel\u00e1mpago sobre posiciones defendidas, y arrollan a quienes tratan de escapar de la venganza de su Cap\u00edtulo.<\/p>\n<p>No busques a otros que a los tan bien llamados Incursores para rugir al frente de tu ej\u00e9rcito principal y llevar la lucha a la vanguardia enemiga desde el principio, o para barrer en torno a los flancos de tu oponente y rodear sus fuerzas.<\/p>\n<p>Este set est\u00e1 provisto de 40 piezas de pl\u00e1stico y tambi\u00e9n contiene 2x peanas ovaladas Citadel de 90 mm con agujeros hexagonales. Las miniaturas son de encaje a presi\u00f3n, as\u00ed que no hace falta pegamento para montarlas. Tambi\u00e9n se incluye una hoja de calcoman\u00edas de Marines Espaciales Primaris.<\/p>\n","protected":false},"excerpt":{"rendered":"<p>Games Workshop Miniature.<\/p>\n","protected":false},"featured_media":54850,"template":"","meta":{"_acf_changed":false},"product_brand":[],"product_cat":[1177,1180,1372,1623,1229],"product_tag":[1179,1740,787],"class_list":{"0":"post-54891","1":"product","2":"type-product","3":"status-publish","4":"has-post-thumbnail","6":"product_cat-games-workshop-es","7":"product_cat-retail-products-es","8":"product_cat-sci-fi-es","9":"product_cat-wargames-es-2","10":"product_cat-warhammer-40k-es","11":"product_tag-gamesworkshop-es","12":"product_tag-space-marines-es","13":"product_tag-warhammer-40k-es-2","15":"first","16":"onbackorder","17":"taxable","18":"shipping-taxable","19":"purchasable","20":"product-type-simple"},"exclude_global_add_ons":[],"addons":[],"acf":[],"_links":{"self":[{"href":"https:\/\/www.customeeple.com\/es\/wp-json\/wp\/v2\/product\/54891","targetHints":{"allow":["GET"]}}],"collection":[{"href":"https:\/\/www.customeeple.com\/es\/wp-json\/wp\/v2\/product"}],"about":[{"href":"https:\/\/www.customeeple.com\/es\/wp-json\/wp\/v2\/types\/product"}],"wp:featuredmedia":[{"embeddable":true,"href":"https:\/\/www.customeeple.com\/es\/wp-json\/wp\/v2\/media\/54850"}],"wp:attachment":[{"href":"https:\/\/www.customeeple.com\/es\/wp-json\/wp\/v2\/media?parent=54891"}],"wp:term":[{"taxonomy":"product_brand","embeddable":true,"href":"https:\/\/www.customeeple.com\/es\/wp-json\/wp\/v2\/product_brand?post=54891"},{"taxonomy":"product_cat","embeddable":true,"href":"https:\/\/www.customeeple.com\/es\/wp-json\/wp\/v2\/product_cat?post=54891"},{"taxonomy":"product_tag","embeddable":true,"href":"https:\/\/www.customeeple.com\/es\/wp-json\/wp\/v2\/product_tag?post=54891"}],"curies":[{"name":"wp","href":"https:\/\/api.w.org\/{rel}","templated":true}]}}