{"id":54887,"date":"2020-11-07T17:11:06","date_gmt":"2020-11-07T16:11:06","guid":{"rendered":"https:\/\/www.customeeple.com\/?post_type=product&#038;p=54887"},"modified":"2024-07-14T00:00:11","modified_gmt":"2024-07-13T23:00:11","slug":"ghazghkull-thraka","status":"publish","type":"product","link":"https:\/\/www.customeeple.com\/es\/producto\/ghazghkull-thraka\/","title":{"rendered":"Ghazghkull Thraka"},"content":{"rendered":"<p>Ghazghkull Mag Uruk Thraka es un poderoso profeta del \u00a1Waaagh!, capaz de llevar a miles de millones de Orkos a un frenes\u00ed de conquista y sangre. Es el pielverde m\u00e1s influyente de la galaxia, y lidera a millones a la guerra.<\/p>\n<p>Lidera tu ej\u00e9rcito Orko con este plato fuerte de miniatura. Se puede montar inclinado a su derecha mientras arrasa a sus enemigos con el arma de cuatro ca\u00f1ones Rug\u00edo de Mork, o inclinado a su izquierda, a punto de machakar a alguien con la devastadora Garra de Mork. Va acompa\u00f1ado a la batalla por su suertudo portaestandarte Makari. Ya est\u00e9s buscando una completa bestia sobre el tablero o tu siguiente desaf\u00edo de pintura, Ghazghkull Thraka es ideal. Sin duda es el profeta del \u00a1Waaagh!<\/p>\n<p>Ese kit permite montar un Ghazghkull Thraka y un Makari. Viene provisto de 61 piezas de pl\u00e1stico y una peana redonda Citadel de 80 mm y una peana redonda Citadel de 25 mm.<\/p>\n","protected":false},"excerpt":{"rendered":"<p>Games Workshop miniature.<\/p>\n","protected":false},"featured_media":54848,"template":"","meta":{"_acf_changed":false},"product_brand":[],"product_cat":[1177,1180,1372,1623,1229],"product_tag":[1179,1738,787],"class_list":{"0":"post-54887","1":"product","2":"type-product","3":"status-publish","4":"has-post-thumbnail","6":"product_cat-games-workshop-es","7":"product_cat-retail-products-es","8":"product_cat-sci-fi-es","9":"product_cat-wargames-es-2","10":"product_cat-warhammer-40k-es","11":"product_tag-gamesworkshop-es","12":"product_tag-orks-es","13":"product_tag-warhammer-40k-es-2","15":"first","16":"onbackorder","17":"sale","18":"taxable","19":"shipping-taxable","20":"purchasable","21":"product-type-simple"},"exclude_global_add_ons":[],"addons":[],"acf":[],"_links":{"self":[{"href":"https:\/\/www.customeeple.com\/es\/wp-json\/wp\/v2\/product\/54887","targetHints":{"allow":["GET"]}}],"collection":[{"href":"https:\/\/www.customeeple.com\/es\/wp-json\/wp\/v2\/product"}],"about":[{"href":"https:\/\/www.customeeple.com\/es\/wp-json\/wp\/v2\/types\/product"}],"wp:featuredmedia":[{"embeddable":true,"href":"https:\/\/www.customeeple.com\/es\/wp-json\/wp\/v2\/media\/54848"}],"wp:attachment":[{"href":"https:\/\/www.customeeple.com\/es\/wp-json\/wp\/v2\/media?parent=54887"}],"wp:term":[{"taxonomy":"product_brand","embeddable":true,"href":"https:\/\/www.customeeple.com\/es\/wp-json\/wp\/v2\/product_brand?post=54887"},{"taxonomy":"product_cat","embeddable":true,"href":"https:\/\/www.customeeple.com\/es\/wp-json\/wp\/v2\/product_cat?post=54887"},{"taxonomy":"product_tag","embeddable":true,"href":"https:\/\/www.customeeple.com\/es\/wp-json\/wp\/v2\/product_tag?post=54887"}],"curies":[{"name":"wp","href":"https:\/\/api.w.org\/{rel}","templated":true}]}}