{"id":54885,"date":"2020-11-07T17:03:09","date_gmt":"2020-11-07T16:03:09","guid":{"rendered":"https:\/\/www.customeeple.com\/?post_type=product&#038;p=54885"},"modified":"2026-03-25T11:54:52","modified_gmt":"2026-03-25T10:54:52","slug":"ragnar-blackmane","status":"publish","type":"product","link":"https:\/\/www.customeeple.com\/es\/producto\/ragnar-blackmane\/","title":{"rendered":"Ragnar Blackmane"},"content":{"rendered":"<p>Con un confianza suprema y siempre ansioso por ser el primero en entrar al combate, el Se\u00f1or Lobo Ragnar Blackmane lidera su Gran Compa\u00f1\u00eda en invasiones planetarias devastadoras. No tan obstinado como en su juventud, las furias bers\u00e9rker de Ragnar siguen siendo huracanes de violencia, y sus aterradores aullidos congelan la sangre de sus rivales.<\/p>\n<p>Como Se\u00f1or Lobo, Ragnar es el Jarl de su Gran Compa\u00f1\u00eda, los Pelaje Negro, y es un Se\u00f1or de la guerra estupendo con el que llevar a tus Lobos Espaciales a la batalla. Su m\u00e1ximo esplendor llega a la hora de abrir una franja sangrienta en el coraz\u00f3n del ej\u00e9rcito enemigo: \u00a1se\u00f1\u00e1lale al enemigo y mira lo que hace!<\/p>\n<p>Esta miniatura viene provista de 18 piezas de pl\u00e1stico y una peana redonda Citadel de 40 mm.<\/p>\n","protected":false},"excerpt":{"rendered":"<p>Games Workshop Miniature.<\/p>\n","protected":false},"featured_media":54840,"template":"","meta":{"_acf_changed":false},"product_brand":[],"product_cat":[1177,1180,1372,1623,1229],"product_tag":[1179,1736,787],"class_list":{"0":"post-54885","1":"product","2":"type-product","3":"status-publish","4":"has-post-thumbnail","6":"product_cat-games-workshop-es","7":"product_cat-retail-products-es","8":"product_cat-sci-fi-es","9":"product_cat-wargames-es-2","10":"product_cat-warhammer-40k-es","11":"product_tag-gamesworkshop-es","12":"product_tag-space-wolves-es","13":"product_tag-warhammer-40k-es-2","15":"first","16":"onbackorder","17":"sale","18":"taxable","19":"shipping-taxable","20":"purchasable","21":"product-type-simple"},"exclude_global_add_ons":[],"addons":[],"acf":[],"_links":{"self":[{"href":"https:\/\/www.customeeple.com\/es\/wp-json\/wp\/v2\/product\/54885","targetHints":{"allow":["GET"]}}],"collection":[{"href":"https:\/\/www.customeeple.com\/es\/wp-json\/wp\/v2\/product"}],"about":[{"href":"https:\/\/www.customeeple.com\/es\/wp-json\/wp\/v2\/types\/product"}],"wp:featuredmedia":[{"embeddable":true,"href":"https:\/\/www.customeeple.com\/es\/wp-json\/wp\/v2\/media\/54840"}],"wp:attachment":[{"href":"https:\/\/www.customeeple.com\/es\/wp-json\/wp\/v2\/media?parent=54885"}],"wp:term":[{"taxonomy":"product_brand","embeddable":true,"href":"https:\/\/www.customeeple.com\/es\/wp-json\/wp\/v2\/product_brand?post=54885"},{"taxonomy":"product_cat","embeddable":true,"href":"https:\/\/www.customeeple.com\/es\/wp-json\/wp\/v2\/product_cat?post=54885"},{"taxonomy":"product_tag","embeddable":true,"href":"https:\/\/www.customeeple.com\/es\/wp-json\/wp\/v2\/product_tag?post=54885"}],"curies":[{"name":"wp","href":"https:\/\/api.w.org\/{rel}","templated":true}]}}