{"id":54881,"date":"2020-11-07T13:09:08","date_gmt":"2020-11-07T12:09:08","guid":{"rendered":"https:\/\/www.customeeple.com\/?post_type=product&#038;p=54881"},"modified":"2020-11-07T13:38:41","modified_gmt":"2020-11-07T12:38:41","slug":"combat-patrol-deathwatch","status":"publish","type":"product","link":"https:\/\/www.customeeple.com\/es\/producto\/combat-patrol-deathwatch\/","title":{"rendered":"Patrulla: Deathwatch"},"content":{"rendered":"<p>Los Vig\u00edas de la Muerte son un extendido Cap\u00edtulo de los Marines Espaciales y la mayor arma del Imperium contra las m\u00faltiples amenazas que representan las incontables razas xenos. Desde sus bases ocultas en fortalezas de vigilancia orbitales, los Vig\u00edas de la Muerte env\u00edan agentes cuidadosamente elegidos para dar caza y exterminar a presencias alien\u00edgenas all\u00e1 donde se encuentren. Cada uno de estos guerreros poshumanos es un veterano de incontables batallas, un diezmo entregado por su Cap\u00edtulo original para desempe\u00f1ar la Larga Vigilia con los Vig\u00edas de la Muerte, protegiendo contra las incursiones alien\u00edgenas. Solo los cazaxenos m\u00e1s h\u00e1biles reciben este honor y, entre sus nuevos hermanos de batalla, aprenden t\u00e1cticas y estrategias para matar a una amplia gama de razas alien\u00edgenas. Los Vig\u00edas de la Muerte son una fuerza de \u00e9lite equipada con variedad de tipos de munici\u00f3n especialista, armas inusuales y equipo secreto desarrollado para abatir con mayor eficiencia a sus enemigos. Son cazadores de armadura negra, llenos con el odio justo hacia los xenos, y no descansar\u00e1n hasta que la mancha alien\u00edgena sea purgada de la Galaxia.<\/p>\n<p>\u00a1Si buscas proteger al Imperium de amenazas xenos, entonces Patrulla: Deathwatch es la mejor forma de hacerlo! Los contenidos de este set se han elegido espec\u00edficamente para ofrecerte una fuerza de Vig\u00edas de la Muerte para partidas tama\u00f1o Patrulla (aproximadamente, 25 de Potencia en miniaturas).<\/p>\n<p><strong>Este set incluye las siguientes unidades multicomponente:<\/strong><\/p>\n<p>&#8211; 1 Teniente Primaris (provisto de una peana Citadel redonda de 40 mm)<br \/>&#8211; 1 Apotecario Primaris (provisto de una peana Citadel redonda de 40 mm)<br \/>&#8211; 10 Intercesores Primaris (10 miniaturas, cada una provista de una peana Citadel redonda de 32 mm)<br \/>&#8211; 3 Agresores Primaris (3 miniaturas, cada una provista de una peana Citadel redonda de 40 mm).<br \/>&#8211; 2 matrices de mejoras para los Vig\u00edas de la Muerte<\/p>\n","protected":false},"excerpt":{"rendered":"<p>Games Workshop boardgame.<\/p>\n","protected":false},"featured_media":54852,"template":"","meta":{"_acf_changed":false},"product_brand":[],"product_cat":[1177,1180,1372,1623,1229],"product_tag":[1422,1264,1179,785],"class_list":{"0":"post-54881","1":"product","2":"type-product","3":"status-publish","4":"has-post-thumbnail","6":"product_cat-games-workshop-es","7":"product_cat-retail-products-es","8":"product_cat-sci-fi-es","9":"product_cat-wargames-es-2","10":"product_cat-warhammer-40k-es","11":"product_tag-40000-es","12":"product_tag-boardgame-es","13":"product_tag-gamesworkshop-es","14":"product_tag-wargame-es-2","16":"first","17":"onbackorder","18":"sale","19":"taxable","20":"shipping-taxable","21":"purchasable","22":"product-type-simple"},"exclude_global_add_ons":[],"addons":[],"acf":[],"_links":{"self":[{"href":"https:\/\/www.customeeple.com\/es\/wp-json\/wp\/v2\/product\/54881","targetHints":{"allow":["GET"]}}],"collection":[{"href":"https:\/\/www.customeeple.com\/es\/wp-json\/wp\/v2\/product"}],"about":[{"href":"https:\/\/www.customeeple.com\/es\/wp-json\/wp\/v2\/types\/product"}],"wp:featuredmedia":[{"embeddable":true,"href":"https:\/\/www.customeeple.com\/es\/wp-json\/wp\/v2\/media\/54852"}],"wp:attachment":[{"href":"https:\/\/www.customeeple.com\/es\/wp-json\/wp\/v2\/media?parent=54881"}],"wp:term":[{"taxonomy":"product_brand","embeddable":true,"href":"https:\/\/www.customeeple.com\/es\/wp-json\/wp\/v2\/product_brand?post=54881"},{"taxonomy":"product_cat","embeddable":true,"href":"https:\/\/www.customeeple.com\/es\/wp-json\/wp\/v2\/product_cat?post=54881"},{"taxonomy":"product_tag","embeddable":true,"href":"https:\/\/www.customeeple.com\/es\/wp-json\/wp\/v2\/product_tag?post=54881"}],"curies":[{"name":"wp","href":"https:\/\/api.w.org\/{rel}","templated":true}]}}