{"id":54805,"date":"2020-11-06T19:13:44","date_gmt":"2020-11-06T18:13:44","guid":{"rendered":"https:\/\/www.customeeple.com\/?post_type=product&#038;p=54805"},"modified":"2020-11-06T19:32:45","modified_gmt":"2020-11-06T18:32:45","slug":"codigo-secreto-13-4","status":"publish","type":"product","link":"https:\/\/www.customeeple.com\/es\/producto\/codigo-secreto-13-4\/","title":{"rendered":"C\u00f3digo secreto 13 + 4\u00a0(ESP)"},"content":{"rendered":"<div class=\"p_collection\">\n<div id=\"primary_block\" class=\"clearfix\">\n<div class=\"add-top p_collection\">\n<div class=\"p_collection\">\n<div class=\"p_collection\">\n<div class=\"p_collection\">\n<div class=\"p_collection\">\n<p>Esta noche dar\u00e1 comienzo la misi\u00f3n secreta \u00abAm\u00f3n Ra\u00bb. El equipo, compuesto por cuatro agentes secretos muy astutos, entrar\u00e1 a robar en el museo y descifrar\u00e1 los complicados c\u00f3digos del dispositivo de seguridad gracias a c\u00e1lculos muy precisos. Ya sea con sumas, con restas, con multiplicaciones o con divisiones, los n\u00fameros de los dados tienen que combinarse de manera que los resultados se correspondan con los n\u00fameros del c\u00f3digo. \u00bfQui\u00e9n ser\u00e1 el primero en superar todas las barreras luminosas para atrapar la valiosa m\u00e1scara de Am\u00f3n Ra?<\/p>\n<div class=\"product-content\"><label class=\"br product-content-label\">Contenido:<\/label>1 tablero de juego, 4 agentes secretos, 15 fichas de n\u00fameros, 6 dados 1 instrucciones del juego.<\/div>\n<div><\/div>\n<p><strong>Cantidad de jugadores<\/strong>: 2-4<\/p>\n<p><strong>Duraci\u00f3n<\/strong>: 15 minutos<\/p>\n<p><strong>Edad<\/strong>: 8+ a\u00f1os<\/p>\n<\/div>\n<\/div>\n<\/div>\n<\/div>\n<\/div>\n<\/div>\n<\/div>\n","protected":false},"excerpt":{"rendered":"<p>Boardgame.<\/p>\n","protected":false},"featured_media":54807,"template":"","meta":{"_acf_changed":false},"product_brand":[],"product_cat":[1561,1991,1653,1180],"product_tag":[1264,1731],"class_list":{"0":"post-54805","1":"product","2":"type-product","3":"status-publish","4":"has-post-thumbnail","6":"product_cat-familiar-es","7":"product_cat-ha-es","8":"product_cat-boardgames","9":"product_cat-retail-products-es","10":"product_tag-boardgame-es","11":"product_tag-haba-es","13":"first","14":"onbackorder","15":"sale","16":"taxable","17":"shipping-taxable","18":"purchasable","19":"product-type-simple"},"exclude_global_add_ons":[],"addons":[],"acf":[],"_links":{"self":[{"href":"https:\/\/www.customeeple.com\/es\/wp-json\/wp\/v2\/product\/54805","targetHints":{"allow":["GET"]}}],"collection":[{"href":"https:\/\/www.customeeple.com\/es\/wp-json\/wp\/v2\/product"}],"about":[{"href":"https:\/\/www.customeeple.com\/es\/wp-json\/wp\/v2\/types\/product"}],"wp:featuredmedia":[{"embeddable":true,"href":"https:\/\/www.customeeple.com\/es\/wp-json\/wp\/v2\/media\/54807"}],"wp:attachment":[{"href":"https:\/\/www.customeeple.com\/es\/wp-json\/wp\/v2\/media?parent=54805"}],"wp:term":[{"taxonomy":"product_brand","embeddable":true,"href":"https:\/\/www.customeeple.com\/es\/wp-json\/wp\/v2\/product_brand?post=54805"},{"taxonomy":"product_cat","embeddable":true,"href":"https:\/\/www.customeeple.com\/es\/wp-json\/wp\/v2\/product_cat?post=54805"},{"taxonomy":"product_tag","embeddable":true,"href":"https:\/\/www.customeeple.com\/es\/wp-json\/wp\/v2\/product_tag?post=54805"}],"curies":[{"name":"wp","href":"https:\/\/api.w.org\/{rel}","templated":true}]}}