{"id":54802,"date":"2020-11-06T18:51:26","date_gmt":"2020-11-06T17:51:26","guid":{"rendered":"https:\/\/www.customeeple.com\/?post_type=product&#038;p=54802"},"modified":"2020-11-06T19:36:03","modified_gmt":"2020-11-06T18:36:03","slug":"terraforming-mars","status":"publish","type":"product","link":"https:\/\/www.customeeple.com\/es\/producto\/terraforming-mars\/","title":{"rendered":"Terraforming Mars (ESP)"},"content":{"rendered":"<div class=\"p_collection\">\n<div id=\"primary_block\" class=\"clearfix\">\n<div class=\"add-top p_collection\">\n<div class=\"p_collection\">\n<div class=\"p_collection\">\n<div class=\"p_collection\">\n<div class=\"p_collection\">\n<p>En el a\u00f1o 2400, la humanidad empieza a terraformar el planeta Marte. Gigantescas corporaciones, patrocinadas por el gobierno mundial en la tierra, empiezan enormes proyectos para elevar la temperatura, los niveles de oxigeno y la cobertura del planeta por oc\u00e9anos hasta que el medio ambiente sea habitable.\u00a0Seg\u00fan avance la terraformaci\u00f3n, m\u00e1s y m\u00e1s personas migrar\u00e1n desde la Tierra para vivir en el planeta rojo. Controla una corporaci\u00f3n, juega cartas de proyecto, aumenta tu producci\u00f3n, coloca tus ciudades y \u00e1reas verdes sobre el mapa y lucha por los hitos y recompensas. \u00bfLiderar\u00e1 tu corporaci\u00f3n el camino hacia una nueva era de la Humanidad?.<\/p>\n<p><strong>Autor:<\/strong>\u00a0<a title=\"Jacob Fryxelius\" href=\"https:\/\/boardgamegeek.com\/boardgamedesigner\/52075\/jacob-fryxelius\">J<\/a>acob Fryxelius<\/p>\n<p>&nbsp;<\/p>\n<p><strong>Jugadores:<\/strong>\u00a01-5<\/p>\n<p><strong>Duraci\u00f3n:\u00a0<\/strong>90-120 minutos<\/p>\n<p><strong>Edad:<\/strong> 12+<\/p>\n<\/div>\n<\/div>\n<\/div>\n<\/div>\n<\/div>\n<\/div>\n<\/div>\n","protected":false},"excerpt":{"rendered":"<p>Boardgame.<\/p>\n","protected":false},"featured_media":54790,"template":"","meta":{"_acf_changed":false},"product_brand":[],"product_cat":[1653,1556,1180],"product_tag":[1264,1282],"class_list":{"0":"post-54802","1":"product","2":"type-product","3":"status-publish","4":"has-post-thumbnail","6":"product_cat-boardgames","7":"product_cat-board-games-es","8":"product_cat-retail-products-es","9":"product_tag-boardgame-es","10":"product_tag-malditogames-es","12":"first","13":"instock","14":"sale","15":"taxable","16":"shipping-taxable","17":"purchasable","18":"product-type-simple"},"exclude_global_add_ons":[],"addons":[],"acf":[],"_links":{"self":[{"href":"https:\/\/www.customeeple.com\/es\/wp-json\/wp\/v2\/product\/54802","targetHints":{"allow":["GET"]}}],"collection":[{"href":"https:\/\/www.customeeple.com\/es\/wp-json\/wp\/v2\/product"}],"about":[{"href":"https:\/\/www.customeeple.com\/es\/wp-json\/wp\/v2\/types\/product"}],"wp:featuredmedia":[{"embeddable":true,"href":"https:\/\/www.customeeple.com\/es\/wp-json\/wp\/v2\/media\/54790"}],"wp:attachment":[{"href":"https:\/\/www.customeeple.com\/es\/wp-json\/wp\/v2\/media?parent=54802"}],"wp:term":[{"taxonomy":"product_brand","embeddable":true,"href":"https:\/\/www.customeeple.com\/es\/wp-json\/wp\/v2\/product_brand?post=54802"},{"taxonomy":"product_cat","embeddable":true,"href":"https:\/\/www.customeeple.com\/es\/wp-json\/wp\/v2\/product_cat?post=54802"},{"taxonomy":"product_tag","embeddable":true,"href":"https:\/\/www.customeeple.com\/es\/wp-json\/wp\/v2\/product_tag?post=54802"}],"curies":[{"name":"wp","href":"https:\/\/api.w.org\/{rel}","templated":true}]}}