{"id":54800,"date":"2020-11-06T18:48:58","date_gmt":"2020-11-06T17:48:58","guid":{"rendered":"https:\/\/www.customeeple.com\/?post_type=product&#038;p=54800"},"modified":"2020-11-06T18:50:35","modified_gmt":"2020-11-06T17:50:35","slug":"terraforming-mars-venus-next","status":"publish","type":"product","link":"https:\/\/www.customeeple.com\/es\/producto\/terraforming-mars-venus-next\/","title":{"rendered":"Terraforming Mars: Venus Next (ESP)"},"content":{"rendered":"<div class=\"p_collection\">\n<div id=\"primary_block\" class=\"clearfix\">\n<div class=\"add-top p_collection\">\n<div class=\"p_collection\">\n<div class=\"p_collection\">\n<div class=\"p_collection\">\n<div class=\"p_collection\">\n<p>Venus podr\u00eda ser el planeta m\u00e1s mort\u00edfero en el Sistema Solar&#8230; \u00a1pero tiene potencial!<br \/>\nPor encima de sus corrosivas nubes, lejos de su abrasadora superficie, los humanos han comenzado la colonizaci\u00f3n y terraformaci\u00f3n. Tu corporaci\u00f3n tiene la oportunidad de ganarse una reputaci\u00f3n permitiendo que Venus ayude en la terraformaci\u00f3n de Marte. \u00a1Construye ciudades flotantes, difumina la luz solar para reducir el efecto invernadero, y lleva la vida a este planeta!<\/p>\n<p>Ahora podr\u00e1s\u00a0terraformar Venus y establecer nuevas ciudades en el Sistema Solar interior. Esta expansi\u00f3n incluye nuevas cartas, corporaciones, un hito y recompensa adicional, con lo que los jugadores tendr\u00e1n a\u00fan m\u00e1s caminos hacia la victoria y un nuevo objetivo: lograr que Venus sea habitable.<\/p>\n<p><em>Terraforming Mars: Venus Next\u00a0<\/em>es una expansi\u00f3n para\u00a0<em>Terraforming Mars<\/em>. Se juega de forma conjunta con el juego base y puede ser combinado con cualquier otra expansi\u00f3n o variante.<\/p>\n<p><strong>Componentes:<\/strong><\/p>\n<ul>\n<li>49 cartas de proyecto<\/li>\n<li>5 cartas de corporaci\u00f3n<\/li>\n<li>1 loseta de hito<\/li>\n<li>1 loseta de recompensa<\/li>\n<li>1 tablero de Venus<\/li>\n<li>1 marcador escala de Venus<\/li>\n<li>1 manual de reglas<\/li>\n<\/ul>\n<\/div>\n<\/div>\n<\/div>\n<\/div>\n<\/div>\n<\/div>\n<\/div>\n","protected":false},"excerpt":{"rendered":"<p>Boardgame.<\/p>\n","protected":false},"featured_media":54792,"template":"","meta":{"_acf_changed":false},"product_brand":[],"product_cat":[1653,1556,1180],"product_tag":[1264,1282],"class_list":{"0":"post-54800","1":"product","2":"type-product","3":"status-publish","4":"has-post-thumbnail","6":"product_cat-boardgames","7":"product_cat-board-games-es","8":"product_cat-retail-products-es","9":"product_tag-boardgame-es","10":"product_tag-malditogames-es","12":"first","13":"onbackorder","14":"sale","15":"taxable","16":"shipping-taxable","17":"purchasable","18":"product-type-simple"},"exclude_global_add_ons":[],"addons":[],"acf":[],"_links":{"self":[{"href":"https:\/\/www.customeeple.com\/es\/wp-json\/wp\/v2\/product\/54800","targetHints":{"allow":["GET"]}}],"collection":[{"href":"https:\/\/www.customeeple.com\/es\/wp-json\/wp\/v2\/product"}],"about":[{"href":"https:\/\/www.customeeple.com\/es\/wp-json\/wp\/v2\/types\/product"}],"wp:featuredmedia":[{"embeddable":true,"href":"https:\/\/www.customeeple.com\/es\/wp-json\/wp\/v2\/media\/54792"}],"wp:attachment":[{"href":"https:\/\/www.customeeple.com\/es\/wp-json\/wp\/v2\/media?parent=54800"}],"wp:term":[{"taxonomy":"product_brand","embeddable":true,"href":"https:\/\/www.customeeple.com\/es\/wp-json\/wp\/v2\/product_brand?post=54800"},{"taxonomy":"product_cat","embeddable":true,"href":"https:\/\/www.customeeple.com\/es\/wp-json\/wp\/v2\/product_cat?post=54800"},{"taxonomy":"product_tag","embeddable":true,"href":"https:\/\/www.customeeple.com\/es\/wp-json\/wp\/v2\/product_tag?post=54800"}],"curies":[{"name":"wp","href":"https:\/\/api.w.org\/{rel}","templated":true}]}}