{"id":54798,"date":"2020-11-06T18:42:18","date_gmt":"2020-11-06T17:42:18","guid":{"rendered":"https:\/\/www.customeeple.com\/?post_type=product&#038;p=54798"},"modified":"2022-12-28T19:22:59","modified_gmt":"2022-12-28T18:22:59","slug":"terraforming-mars-preludio","status":"publish","type":"product","link":"https:\/\/www.customeeple.com\/es\/producto\/terraforming-mars-preludio\/","title":{"rendered":"Terraforming Mars: Preludio (ESP)"},"content":{"rendered":"<div class=\"p_collection\">\n<div id=\"primary_block\" class=\"clearfix\">\n<div class=\"add-top p_collection\">\n<div class=\"p_collection\">\n<div class=\"p_collection\">\n<div class=\"p_collection\">\n<div class=\"p_collection\">\n<p><em>Mientras las megacorporaciones est\u00e1n prepar\u00e1ndose para comenzar el proceso de la terraformaci\u00f3n, has tenido la oportunidad de realizar algunas elecciones tempranas que definir\u00e1n tu corporaci\u00f3n y marcar\u00e1n el rumbo de la futura historia de Marte: \u00a1este es el preludio de tus mayores haza\u00f1as!<\/em><\/p>\n<p><em>Terraforming Mars: Preludio<\/em>\u00a0es una expansi\u00f3n que te permitir\u00e1 catapultar tu terraformaci\u00f3n. Se centra en las etapas iniciales de la colonizaci\u00f3n de Marte, y cuenta la historia del pasado de las corporaciones.<\/p>\n<p>Al elegir una corporaci\u00f3n y una mano inicial de cartas, cada jugador tomar\u00e1 tambi\u00e9n 4 cartas de Preludio, de las cuales escoger\u00e1 2: podr\u00e1 avanzar algunos de los par\u00e1metros globales o a\u00f1adir mejoras al motor de su corporaci\u00f3n. Esta expansi\u00f3n abre las puertas a potentes combos de salida, e incrementa la asimetr\u00eda entre los jugadores.<\/p>\n<p>Tambi\u00e9n incluye 7 cartas de proyectos que encajan tem\u00e1ticamente con las primeras etapas de la terraformaci\u00f3n.\u00a0<em>Preludio\u00a0<\/em>puede combinarse con cualquiera de las otras expansiones o variantes, y con el juego base por s\u00ed mismo.<\/p>\n<\/div>\n<\/div>\n<\/div>\n<\/div>\n<\/div>\n<\/div>\n<\/div>\n","protected":false},"excerpt":{"rendered":"<p>Boardgame.<\/p>\n","protected":false},"featured_media":54794,"template":"","meta":{"_acf_changed":false},"product_brand":[],"product_cat":[1653,1556,1180],"product_tag":[1264,1282],"class_list":{"0":"post-54798","1":"product","2":"type-product","3":"status-publish","4":"has-post-thumbnail","6":"product_cat-boardgames","7":"product_cat-board-games-es","8":"product_cat-retail-products-es","9":"product_tag-boardgame-es","10":"product_tag-malditogames-es","12":"first","13":"instock","14":"sale","15":"taxable","16":"shipping-taxable","17":"purchasable","18":"product-type-simple"},"exclude_global_add_ons":[],"addons":[],"acf":[],"_links":{"self":[{"href":"https:\/\/www.customeeple.com\/es\/wp-json\/wp\/v2\/product\/54798","targetHints":{"allow":["GET"]}}],"collection":[{"href":"https:\/\/www.customeeple.com\/es\/wp-json\/wp\/v2\/product"}],"about":[{"href":"https:\/\/www.customeeple.com\/es\/wp-json\/wp\/v2\/types\/product"}],"wp:featuredmedia":[{"embeddable":true,"href":"https:\/\/www.customeeple.com\/es\/wp-json\/wp\/v2\/media\/54794"}],"wp:attachment":[{"href":"https:\/\/www.customeeple.com\/es\/wp-json\/wp\/v2\/media?parent=54798"}],"wp:term":[{"taxonomy":"product_brand","embeddable":true,"href":"https:\/\/www.customeeple.com\/es\/wp-json\/wp\/v2\/product_brand?post=54798"},{"taxonomy":"product_cat","embeddable":true,"href":"https:\/\/www.customeeple.com\/es\/wp-json\/wp\/v2\/product_cat?post=54798"},{"taxonomy":"product_tag","embeddable":true,"href":"https:\/\/www.customeeple.com\/es\/wp-json\/wp\/v2\/product_tag?post=54798"}],"curies":[{"name":"wp","href":"https:\/\/api.w.org\/{rel}","templated":true}]}}