{"id":54736,"date":"2020-11-05T18:46:30","date_gmt":"2020-11-05T17:46:30","guid":{"rendered":"https:\/\/www.customeeple.com\/?post_type=product&#038;p=54736"},"modified":"2020-11-05T18:54:38","modified_gmt":"2020-11-05T17:54:38","slug":"the-army-painter-wet-palette","status":"publish","type":"product","link":"https:\/\/www.customeeple.com\/es\/producto\/the-army-painter-wet-palette\/","title":{"rendered":"The Army Painter Wet Palette"},"content":{"rendered":"<div class=\"p_collection\">\n<div id=\"primary_block\" class=\"clearfix\">\n<div class=\"add-top p_collection\">\n<div class=\"p_collection\">\n<div class=\"p_collection\">\n<div class=\"p_collection\">\n<div class=\"p_collection\">\n<p>La mejor paleta h\u00fameda que existe: calidad superior y dise\u00f1o personalizado para mantener tus pinturas de perfectamente suaves y cremosas. La paleta h\u00fameda viene con 2 l\u00e1minas de espuma de agua y 50 l\u00e1minas de agua. El dise\u00f1o especial de la capa interior puede contener hasta 6 pinceles Wargamer y 10 pinceles Hobby de la gama The Army Painter.<\/p>\n<p>\u2022 HERRAMIENTA DE CALIDAD SUPERIOR PARA CUALQUIER AFICIONADO<br \/>\u2022 ALMACENA TUS PINCELES DE FORMA SEGURA<br \/>\u2022 \u00a1MANTEN LA PINTURA FRESCA Y LISTA!<\/p>\n<\/div>\n<\/div>\n<\/div>\n<\/div>\n<\/div>\n<\/div>\n<\/div>\n","protected":false},"excerpt":{"rendered":"<p>Boardgame.<\/p>\n","protected":false},"featured_media":54728,"template":"","meta":{"_acf_changed":false},"product_brand":[],"product_cat":[1405,1401,1180],"product_tag":[1630,1722,1723,1721],"class_list":{"0":"post-54736","1":"product","2":"type-product","3":"status-publish","4":"has-post-thumbnail","6":"product_cat-herramientas","7":"product_cat-pintura-y-modelismo","8":"product_cat-retail-products-es","9":"product_tag-paints-es","10":"product_tag-tap-es","11":"product_tag-the-army-painter-es","12":"product_tag-tool-es","14":"first","15":"instock","16":"sale","17":"taxable","18":"shipping-taxable","19":"purchasable","20":"product-type-simple"},"exclude_global_add_ons":[],"addons":[],"acf":[],"_links":{"self":[{"href":"https:\/\/www.customeeple.com\/es\/wp-json\/wp\/v2\/product\/54736","targetHints":{"allow":["GET"]}}],"collection":[{"href":"https:\/\/www.customeeple.com\/es\/wp-json\/wp\/v2\/product"}],"about":[{"href":"https:\/\/www.customeeple.com\/es\/wp-json\/wp\/v2\/types\/product"}],"wp:featuredmedia":[{"embeddable":true,"href":"https:\/\/www.customeeple.com\/es\/wp-json\/wp\/v2\/media\/54728"}],"wp:attachment":[{"href":"https:\/\/www.customeeple.com\/es\/wp-json\/wp\/v2\/media?parent=54736"}],"wp:term":[{"taxonomy":"product_brand","embeddable":true,"href":"https:\/\/www.customeeple.com\/es\/wp-json\/wp\/v2\/product_brand?post=54736"},{"taxonomy":"product_cat","embeddable":true,"href":"https:\/\/www.customeeple.com\/es\/wp-json\/wp\/v2\/product_cat?post=54736"},{"taxonomy":"product_tag","embeddable":true,"href":"https:\/\/www.customeeple.com\/es\/wp-json\/wp\/v2\/product_tag?post=54736"}],"curies":[{"name":"wp","href":"https:\/\/api.w.org\/{rel}","templated":true}]}}