{"id":54680,"date":"2020-11-04T17:50:29","date_gmt":"2020-11-04T16:50:30","guid":{"rendered":"https:\/\/www.customeeple.com\/?post_type=product&#038;p=54680"},"modified":"2020-11-04T18:00:51","modified_gmt":"2020-11-04T17:00:51","slug":"cry-havoc","status":"publish","type":"product","link":"https:\/\/www.customeeple.com\/es\/producto\/cry-havoc\/","title":{"rendered":"Cry Havoc (ESP)"},"content":{"rendered":"<div class=\"p_collection\">\n<div class=\"p_collection\">\n<p>Cry Havoc es un juego asim\u00e9trico de control de \u00e1rea mediante el uso de cartas, para 2-4 jugadores. Cada jugador controla una de las cuatro Facciones cuyo objetivo ser\u00e1 recolectar la mayor cantidad de Cristales del planeta, lo que compensar\u00e1 de sobra los costes del conflicto. Para lograrlo, los jugadores tendr\u00e1n que personalizar sus mazos de cartas, construir poderosas Estructuras y utilizar sus Habilidades especiales para alcanzar la victoria.<\/p>\n<div class=\"news_box background_color_grey_light product_components\">\n<div class=\"news_box_content\">\n<h6><strong><span class=\"color_grey_dark\">CONTENIDO<\/span><\/strong><\/h6>\n<\/div>\n<hr \/>\n<div class=\"news_box_content\">20 cartas de Habilidad (44&#215;68 mm), 64 cartas de T\u00e1ctica (63&#215;88 mm), 6 fichas de Evento, 12 fichas de Exploraci\u00f3n, 12 fichas de Nido de Trogs, 18 fichas de Patrulla de Guerra Trog, 8 fichas de Batalla, 1 marcador de Acci\u00f3n, 4 fichas de Cuartel General, 14 piezas de Estructura, 46 fichas de Estructura, 3 fichas de Artiller\u00eda, 3 fichas de Torre de vigilancia, 32 fichas de Control, 5 fichas de Puntuaci\u00f3n Habilitada, 4 indicadores de Puntuaci\u00f3n, 8 fichas de Iniciativa, 52 miniaturas, m\u00e1s de 50 Cristales de pl\u00e1stico, 1 tablero principal, 1 tablero de Batalla, 4 tableros de Facci\u00f3n y 1 Libro de Reglas.<\/div>\n<\/div>\n<\/div>\n<\/div>\n<div class=\"product_components double-top add-border\">\n<div>\n<p>&nbsp;<\/p>\n<p><strong>Cantidad de jugadores<\/strong>: 2-4<\/p>\n<p><strong>Duraci\u00f3n<\/strong>: 60-120 minutos<\/p>\n<p><strong>Edad<\/strong>: 10+ a\u00f1os<\/p>\n<\/div>\n<div><\/div>\n<\/div>\n","protected":false},"excerpt":{"rendered":"<p>Boardgame.<\/p>\n","protected":false},"featured_media":54688,"template":"","meta":{"_acf_changed":false},"product_brand":[],"product_cat":[1653,1180],"product_tag":[1286,1264,1280],"class_list":{"0":"post-54680","1":"product","2":"type-product","3":"status-publish","4":"has-post-thumbnail","6":"product_cat-boardgames","7":"product_cat-retail-products-es","8":"product_tag-asmodee-es","9":"product_tag-boardgame-es","10":"product_tag-juego-de-mesa-es","12":"first","13":"instock","14":"taxable","15":"shipping-taxable","16":"purchasable","17":"product-type-simple"},"exclude_global_add_ons":[],"addons":[],"acf":[],"_links":{"self":[{"href":"https:\/\/www.customeeple.com\/es\/wp-json\/wp\/v2\/product\/54680","targetHints":{"allow":["GET"]}}],"collection":[{"href":"https:\/\/www.customeeple.com\/es\/wp-json\/wp\/v2\/product"}],"about":[{"href":"https:\/\/www.customeeple.com\/es\/wp-json\/wp\/v2\/types\/product"}],"wp:featuredmedia":[{"embeddable":true,"href":"https:\/\/www.customeeple.com\/es\/wp-json\/wp\/v2\/media\/54688"}],"wp:attachment":[{"href":"https:\/\/www.customeeple.com\/es\/wp-json\/wp\/v2\/media?parent=54680"}],"wp:term":[{"taxonomy":"product_brand","embeddable":true,"href":"https:\/\/www.customeeple.com\/es\/wp-json\/wp\/v2\/product_brand?post=54680"},{"taxonomy":"product_cat","embeddable":true,"href":"https:\/\/www.customeeple.com\/es\/wp-json\/wp\/v2\/product_cat?post=54680"},{"taxonomy":"product_tag","embeddable":true,"href":"https:\/\/www.customeeple.com\/es\/wp-json\/wp\/v2\/product_tag?post=54680"}],"curies":[{"name":"wp","href":"https:\/\/api.w.org\/{rel}","templated":true}]}}