{"id":54670,"date":"2020-11-04T17:33:07","date_gmt":"2020-11-04T16:33:07","guid":{"rendered":"https:\/\/www.customeeple.com\/?post_type=product&#038;p=54670"},"modified":"2020-11-04T17:37:16","modified_gmt":"2020-11-04T16:37:16","slug":"harry-potter-hogwarts-battle","status":"publish","type":"product","link":"https:\/\/www.customeeple.com\/es\/producto\/harry-potter-hogwarts-battle\/","title":{"rendered":"Harry Potter: Hogwarts Battle (ESP)"},"content":{"rendered":"<div class=\"p_collection\">\n<div class=\"p_collection\">\n<p>En este juego cooperativo, elegir\u00e1s a uno de los heroicos Harry Potter, Ron Weasley, Hermione Granger o Neville Longbottom para derrotar a una serie de malvadas amenazas. Los Villanos inician ataques contra ti para intentar conquistar el mundo m\u00e1gico haci\u00e9ndose con los Lugares. Este juego est\u00e1 dise\u00f1ado para ser jugado a lo largo de siete aventuras de dificultad creciente para derrotar de una vez por todas a Quien-t\u00fa-sabes. Jugando cooperativamente como los H\u00e9roes, ganas la partida si derrotas a todos los Villanos antes de que se hagan con el control de todos los Lugares y pones Hogwarts a salvo, por ahora&#8230; Sin embargo, si los Villanos logran hacerse con el control de todos los Lugares, \u00a1habr\u00e1s perdido la partida!<\/p>\n<\/div>\n<div class=\"product_components double-top add-border\">\n<div class=\"color_grey_medium capitalize bold\"><strong>CONTENIDO<\/strong><\/div>\n<hr \/>\n<div>Tablero de juego, 252 cartas (47 peque\u00f1as, 142 normales, 63 grandes), 4 dados, 7 cajas de juego, 7 reglas de juego, 4 tableros de personaje, 8 fichas de Control de Villano, 70 fichas (35 de Ataque, 25 de Influencia, 4 de Vida, 2 de Escudo, 4 secretas).<\/div>\n<\/div>\n<\/div>\n<div class=\"product_components double-top add-border\">\n<div>\n<p>&nbsp;<\/p>\n<p><strong>Cantidad de jugadores<\/strong>: 2-4<\/p>\n<p><strong>Duraci\u00f3n<\/strong>: 30-60 minutos<\/p>\n<p><strong>Edad<\/strong>: 11+ a\u00f1os<\/p>\n<\/div>\n<div><\/div>\n<\/div>\n","protected":false},"excerpt":{"rendered":"<p>Boardgame.<\/p>\n","protected":false},"featured_media":54664,"template":"","meta":{"_acf_changed":false},"product_brand":[],"product_cat":[1557,1653,1180],"product_tag":[1286,1264,1280],"class_list":{"0":"post-54670","1":"product","2":"type-product","3":"status-publish","4":"has-post-thumbnail","6":"product_cat-card-game-es","7":"product_cat-boardgames","8":"product_cat-retail-products-es","9":"product_tag-asmodee-es","10":"product_tag-boardgame-es","11":"product_tag-juego-de-mesa-es","13":"first","14":"onbackorder","15":"sale","16":"taxable","17":"shipping-taxable","18":"purchasable","19":"product-type-simple"},"exclude_global_add_ons":[],"addons":[],"acf":[],"_links":{"self":[{"href":"https:\/\/www.customeeple.com\/es\/wp-json\/wp\/v2\/product\/54670","targetHints":{"allow":["GET"]}}],"collection":[{"href":"https:\/\/www.customeeple.com\/es\/wp-json\/wp\/v2\/product"}],"about":[{"href":"https:\/\/www.customeeple.com\/es\/wp-json\/wp\/v2\/types\/product"}],"wp:featuredmedia":[{"embeddable":true,"href":"https:\/\/www.customeeple.com\/es\/wp-json\/wp\/v2\/media\/54664"}],"wp:attachment":[{"href":"https:\/\/www.customeeple.com\/es\/wp-json\/wp\/v2\/media?parent=54670"}],"wp:term":[{"taxonomy":"product_brand","embeddable":true,"href":"https:\/\/www.customeeple.com\/es\/wp-json\/wp\/v2\/product_brand?post=54670"},{"taxonomy":"product_cat","embeddable":true,"href":"https:\/\/www.customeeple.com\/es\/wp-json\/wp\/v2\/product_cat?post=54670"},{"taxonomy":"product_tag","embeddable":true,"href":"https:\/\/www.customeeple.com\/es\/wp-json\/wp\/v2\/product_tag?post=54670"}],"curies":[{"name":"wp","href":"https:\/\/api.w.org\/{rel}","templated":true}]}}