{"id":54661,"date":"2020-11-04T17:01:14","date_gmt":"2020-11-04T16:01:14","guid":{"rendered":"https:\/\/www.customeeple.com\/?post_type=product&#038;p=54661"},"modified":"2020-11-18T18:51:56","modified_gmt":"2020-11-18T17:51:56","slug":"sherlock-holmes-carlton-house-y-queens-park","status":"publish","type":"product","link":"https:\/\/www.customeeple.com\/es\/producto\/sherlock-holmes-carlton-house-y-queens-park\/","title":{"rendered":"Sherlock Holmes: Carlton House y Queen\u2019s Park (ESP)"},"content":{"rendered":"<div class=\"p_collection\">\n<div id=\"primary_block\" class=\"clearfix\">\n<div class=\"add-top p_collection\">\n<div class=\"p_collection\">\n<div class=\"p_collection\">\n<div class=\"p_collection\">\n<p><em>Sherlock Holmes Detective Asesor \u00abCarlton House y Queen\u2019s Park\u00bb<\/em>\u00a0te sumerge en los cr\u00edmenes y las intrigas del Londres victoriano. Con la ayuda de varios peri\u00f3dicos y de una gu\u00eda y un plano de Londres, tu equipo y t\u00fa deber\u00e9is investigar cada caso para resolverlo, e intentar superar al m\u00e1s famoso de los detectives.<\/p>\n<p><em>Carlton House<\/em><\/p>\n<p>Las calles de Londres dejar\u00e1n de ser el \u00fanico escenario de tus investigaciones. Cruza las puertas de esta famosa mansi\u00f3n e intenta resolver cinco enigm\u00e1ticos casos.<\/p>\n<p><em>El rastro enrevesado y El rescate del diablo<\/em><\/p>\n<p>\u00a1Dos intrincados entreactos, ajenos a Carlton House, que pondr\u00e1n a prueba tus dotes detectivescas!<\/p>\n<p><em>Queen\u2019s Park<\/em><\/p>\n<p>Te aguardan tres d\u00edas de investigaci\u00f3n en el frondoso entorno de este famoso parque de Londres. \u00a1Estos casos se lo pondr\u00e1n dif\u00edcil incluso a los jugadores m\u00e1s avezados!<\/p>\n<\/div>\n<div class=\"product_components double-top add-border\">\n<div class=\"color_grey_medium capitalize bold\"><strong>FORMATO<\/strong><\/div>\n<hr \/>\n<div>1 plano de Londres, 3 planos adicionales, 1 sobre con 12 pistas, 10 cuadernos de casos, 10 peri\u00f3dicos, 1 gu\u00eda de Londres y 1 libro de reglas.<\/div>\n<\/div>\n<div class=\"product_components add-top\">\n<div><\/div>\n<div class=\"color_grey_medium capitalize bold\"><strong>NOTAS<\/strong><\/div>\n<hr \/>\n<div>Esta caja contiene 10 casos, y es un juego independiente.<\/div>\n<\/div>\n<\/div>\n<\/div>\n<div class=\"product_components double-top add-border\">\n<div><\/div>\n<\/div>\n<\/div>\n<\/div>\n<\/div>\n<div class=\"product_components double-top add-border\">\n<div>\n<p><strong>Cantidad de jugadores<\/strong>: 1 a 8 jugadores<\/p>\n<p><strong>Duraci\u00f3n<\/strong>: 90 minutos<\/p>\n<p><strong>Edad<\/strong>: 12+ a\u00f1os<\/p>\n<p><strong>Idioma<\/strong>: Espa\u00f1ol<\/p>\n<\/div>\n<div><\/div>\n<\/div>\n","protected":false},"excerpt":{"rendered":"<p>Boardgame.<\/p>\n","protected":false},"featured_media":54659,"template":"","meta":{"_acf_changed":false},"product_brand":[],"product_cat":[1561,1653,1180],"product_tag":[1286,1264,1280],"class_list":{"0":"post-54661","1":"product","2":"type-product","3":"status-publish","4":"has-post-thumbnail","6":"product_cat-familiar-es","7":"product_cat-boardgames","8":"product_cat-retail-products-es","9":"product_tag-asmodee-es","10":"product_tag-boardgame-es","11":"product_tag-juego-de-mesa-es","13":"first","14":"onbackorder","15":"sale","16":"taxable","17":"shipping-taxable","18":"purchasable","19":"product-type-simple"},"exclude_global_add_ons":[],"addons":[],"acf":[],"_links":{"self":[{"href":"https:\/\/www.customeeple.com\/es\/wp-json\/wp\/v2\/product\/54661","targetHints":{"allow":["GET"]}}],"collection":[{"href":"https:\/\/www.customeeple.com\/es\/wp-json\/wp\/v2\/product"}],"about":[{"href":"https:\/\/www.customeeple.com\/es\/wp-json\/wp\/v2\/types\/product"}],"wp:featuredmedia":[{"embeddable":true,"href":"https:\/\/www.customeeple.com\/es\/wp-json\/wp\/v2\/media\/54659"}],"wp:attachment":[{"href":"https:\/\/www.customeeple.com\/es\/wp-json\/wp\/v2\/media?parent=54661"}],"wp:term":[{"taxonomy":"product_brand","embeddable":true,"href":"https:\/\/www.customeeple.com\/es\/wp-json\/wp\/v2\/product_brand?post=54661"},{"taxonomy":"product_cat","embeddable":true,"href":"https:\/\/www.customeeple.com\/es\/wp-json\/wp\/v2\/product_cat?post=54661"},{"taxonomy":"product_tag","embeddable":true,"href":"https:\/\/www.customeeple.com\/es\/wp-json\/wp\/v2\/product_tag?post=54661"}],"curies":[{"name":"wp","href":"https:\/\/api.w.org\/{rel}","templated":true}]}}