{"id":54647,"date":"2020-11-04T16:43:33","date_gmt":"2020-11-04T15:43:34","guid":{"rendered":"https:\/\/www.customeeple.com\/?post_type=product&#038;p=54647"},"modified":"2020-11-04T16:50:01","modified_gmt":"2020-11-04T15:50:01","slug":"sherlock-holmes-los-crimenes-del-tamesis-y-otros-casos","status":"publish","type":"product","link":"https:\/\/www.customeeple.com\/es\/producto\/sherlock-holmes-los-crimenes-del-tamesis-y-otros-casos\/","title":{"rendered":"Sherlock Holmes: Los cr\u00edmenes del T\u00e1mesis y otros casos (ESP)"},"content":{"rendered":"<div class=\"p_collection\">\n<div id=\"primary_block\" class=\"clearfix\">\n<div class=\"add-top p_collection\">\n<div class=\"p_collection\">\n<div class=\"p_collection\">\n<p>Los cr\u00edmenes del T\u00e1mesis y otros casos\u00a1Resuelve diez misterios en el Londres victoriano! La maldici\u00f3n de la momia, Los cr\u00edmenes del T\u00e1mesis, Los misterios de Londres, Los cuadros robados\u2026 Misteriosos casos sometidos a la mente del m\u00e1s ilustre de los detectives: \u00a1Sherlock Holmes! Equipado con un ejemplar del Times, un plano de Londres, una gu\u00eda de Londres y, sobre todo, de tu l\u00f3gica, recorrer\u00e1s las calles de Londres para resolver los cr\u00edmenes m\u00e1s despreciables. \u00bfIr\u00e1s a estudiar las escenas del crimen? \u00bfVisitar\u00e1s al inspector Lestrade? La decisi\u00f3n est\u00e1 en tus manos y cada pista te acercar\u00e1 un poco m\u00e1s a la verdad.<\/p>\n<\/div>\n<div class=\"product_components double-top add-border\">\n<div class=\"color_grey_medium capitalize bold\"><strong>FORMATO<\/strong><\/div>\n<hr \/>\n<div>1 plano de Londres, 10 cuadernos de casos, 10 peri\u00f3dicos, 1 gu\u00eda de Londres y 1 libro de reglas.<\/div>\n<\/div>\n<\/div>\n<div class=\"product_components double-top add-border\">\n<div><\/div>\n<\/div>\n<\/div>\n<\/div>\n<\/div>\n<div class=\"product_components double-top add-border\">\n<div>\n<p><strong>Cantidad de jugadores<\/strong>: 1 a 8 jugadores<\/p>\n<p><strong>Duraci\u00f3n<\/strong>: 90 minutos<\/p>\n<p><strong>Edad<\/strong>: 12+ a\u00f1os<\/p>\n<p><strong>Idioma<\/strong>: Espa\u00f1ol<\/p>\n<\/div>\n<div><\/div>\n<\/div>\n","protected":false},"excerpt":{"rendered":"<p>Boardgame.<\/p>\n","protected":false},"featured_media":54653,"template":"","meta":{"_acf_changed":false},"product_brand":[],"product_cat":[1561,1653,1180],"product_tag":[1286,1264,1280],"class_list":{"0":"post-54647","1":"product","2":"type-product","3":"status-publish","4":"has-post-thumbnail","6":"product_cat-familiar-es","7":"product_cat-boardgames","8":"product_cat-retail-products-es","9":"product_tag-asmodee-es","10":"product_tag-boardgame-es","11":"product_tag-juego-de-mesa-es","13":"first","14":"onbackorder","15":"taxable","16":"shipping-taxable","17":"purchasable","18":"product-type-simple"},"exclude_global_add_ons":[],"addons":[],"acf":[],"_links":{"self":[{"href":"https:\/\/www.customeeple.com\/es\/wp-json\/wp\/v2\/product\/54647","targetHints":{"allow":["GET"]}}],"collection":[{"href":"https:\/\/www.customeeple.com\/es\/wp-json\/wp\/v2\/product"}],"about":[{"href":"https:\/\/www.customeeple.com\/es\/wp-json\/wp\/v2\/types\/product"}],"wp:featuredmedia":[{"embeddable":true,"href":"https:\/\/www.customeeple.com\/es\/wp-json\/wp\/v2\/media\/54653"}],"wp:attachment":[{"href":"https:\/\/www.customeeple.com\/es\/wp-json\/wp\/v2\/media?parent=54647"}],"wp:term":[{"taxonomy":"product_brand","embeddable":true,"href":"https:\/\/www.customeeple.com\/es\/wp-json\/wp\/v2\/product_brand?post=54647"},{"taxonomy":"product_cat","embeddable":true,"href":"https:\/\/www.customeeple.com\/es\/wp-json\/wp\/v2\/product_cat?post=54647"},{"taxonomy":"product_tag","embeddable":true,"href":"https:\/\/www.customeeple.com\/es\/wp-json\/wp\/v2\/product_tag?post=54647"}],"curies":[{"name":"wp","href":"https:\/\/api.w.org\/{rel}","templated":true}]}}