{"id":54638,"date":"2020-11-04T13:52:33","date_gmt":"2020-11-04T12:52:33","guid":{"rendered":"https:\/\/www.customeeple.com\/?post_type=product&#038;p=54638"},"modified":"2020-11-04T13:56:45","modified_gmt":"2020-11-04T12:56:45","slug":"jaipur-nueva-edicion","status":"publish","type":"product","link":"https:\/\/www.customeeple.com\/es\/producto\/jaipur-nueva-edicion\/","title":{"rendered":"Jaipur Nueva Edici\u00f3n (ESP)"},"content":{"rendered":"<div class=\"p_collection\">\n<div id=\"primary_block\" class=\"clearfix\">\n<div class=\"add-top p_collection\">\n<div class=\"p_collection\">\n<p>En\u00a0<em>Jaipur<\/em>, el objetivo es convertirse en el mercader personal del Maharaj\u00e1 consiguiendo m\u00e1s riquezas que tu oponente al final de cada ronda. Para ello, consigue e intercambia productos en el mercado y luego v\u00e9ndelos para obtener rupias. Si consigues hacer una venta grande (tres cartas o m\u00e1s), recibir\u00e1s una ficha de Bonificaci\u00f3n.<\/p>\n<p><strong>CONTENIDO<\/strong><\/p>\n<\/div>\n<div class=\"product_components double-top add-border\">\n<hr \/>\n<div>\n<div class=\"p_collection\">\n<p>55 cartas, 60 fichas y 1 reglamento.<\/p>\n<\/div>\n<div class=\"product_components double-top add-border\">\n<div class=\"color_grey_medium capitalize bold\"><\/div>\n<\/div>\n<\/div>\n<\/div>\n<\/div>\n<\/div>\n<\/div>\n<div class=\"product_components double-top add-border\">\n<div>\n<p><strong>Cantidad de jugadores<\/strong>: 2 jugadores<\/p>\n<p><strong>Duraci\u00f3n<\/strong>: 30 minutos<\/p>\n<p><strong>Edad<\/strong>: 12+ a\u00f1os<\/p>\n<p><strong>Idioma<\/strong>: Espa\u00f1ol<\/p>\n<\/div>\n<div><\/div>\n<\/div>\n","protected":false},"excerpt":{"rendered":"<p>Boardgame.<\/p>\n","protected":false},"featured_media":54634,"template":"","meta":{"_acf_changed":false},"product_brand":[],"product_cat":[1561,1557,1653,1180],"product_tag":[1286,1264,1280],"class_list":{"0":"post-54638","1":"product","2":"type-product","3":"status-publish","4":"has-post-thumbnail","6":"product_cat-familiar-es","7":"product_cat-card-game-es","8":"product_cat-boardgames","9":"product_cat-retail-products-es","10":"product_tag-asmodee-es","11":"product_tag-boardgame-es","12":"product_tag-juego-de-mesa-es","14":"first","15":"onbackorder","16":"sale","17":"taxable","18":"shipping-taxable","19":"purchasable","20":"product-type-simple"},"exclude_global_add_ons":[],"addons":[],"acf":[],"_links":{"self":[{"href":"https:\/\/www.customeeple.com\/es\/wp-json\/wp\/v2\/product\/54638","targetHints":{"allow":["GET"]}}],"collection":[{"href":"https:\/\/www.customeeple.com\/es\/wp-json\/wp\/v2\/product"}],"about":[{"href":"https:\/\/www.customeeple.com\/es\/wp-json\/wp\/v2\/types\/product"}],"wp:featuredmedia":[{"embeddable":true,"href":"https:\/\/www.customeeple.com\/es\/wp-json\/wp\/v2\/media\/54634"}],"wp:attachment":[{"href":"https:\/\/www.customeeple.com\/es\/wp-json\/wp\/v2\/media?parent=54638"}],"wp:term":[{"taxonomy":"product_brand","embeddable":true,"href":"https:\/\/www.customeeple.com\/es\/wp-json\/wp\/v2\/product_brand?post=54638"},{"taxonomy":"product_cat","embeddable":true,"href":"https:\/\/www.customeeple.com\/es\/wp-json\/wp\/v2\/product_cat?post=54638"},{"taxonomy":"product_tag","embeddable":true,"href":"https:\/\/www.customeeple.com\/es\/wp-json\/wp\/v2\/product_tag?post=54638"}],"curies":[{"name":"wp","href":"https:\/\/api.w.org\/{rel}","templated":true}]}}