{"id":54626,"date":"2020-11-04T13:37:37","date_gmt":"2020-11-04T12:37:37","guid":{"rendered":"https:\/\/www.customeeple.com\/?post_type=product&#038;p=54626"},"modified":"2020-11-04T13:49:08","modified_gmt":"2020-11-04T12:49:08","slug":"dixit-odyssey","status":"publish","type":"product","link":"https:\/\/www.customeeple.com\/es\/producto\/dixit-odyssey\/","title":{"rendered":"Dixit Odyssey (ESP)"},"content":{"rendered":"<div class=\"p_collection\">\n<div id=\"primary_block\" class=\"clearfix\">\n<div class=\"add-top p_collection\">\n<div class=\"p_collection\">\n<p>\u00a1Con\u00a0<em>Dixit Odyssey<\/em>, encuentra toda la magia de Dixit, el juego de mesa m\u00e1s galardonado de los \u00faltimos a\u00f1os, donde tu imaginaci\u00f3n crea incre\u00edbles historias!<br \/>\nDescubre las divertidas variantes de las reglas cl\u00e1sicas de Dixit y juega hasta con 12 jugadores a la vez. \u00a1Sum\u00e9rgete en el fant\u00e1stico mundo de Dixit Odyssey con 84 nuevas cartas ilustradas!<br \/>\n<em>\u00bfC\u00f3mo se juega?<\/em><\/p>\n<ul>\n<li>En tu turno, como narrador, elige una carta de tu mano y da una pista sobre ella (palabras, frases, canciones, etc.). Por ejemplo: \u201cLuz\u201d.<\/li>\n<li>Todos los jugadores eligen de entre sus cartas, la que mejor se adapte a la pista. Baraja y revela todas las cartas elegidas.<\/li>\n<li>Todos los jugadores, en secreto, intentan adivinar tu carta, utilizando las fichas de voto. Una vez que todos hayan votado, \u00a1Comienza la ronda de puntuaci\u00f3n!<\/li>\n<\/ul>\n<\/div>\n<div class=\"product_components double-top add-border\">\n<div class=\"color_grey_medium capitalize bold\"><strong>CONTENIDO<\/strong><\/div>\n<hr \/>\n<div>84 cartas, 1 marcador de puntuaci\u00f3n, 12 tableros de voto, 24 fichas de voto, 12 conejos de madera y reglas.<\/div>\n<div><\/div>\n<\/div>\n<\/div>\n<\/div>\n<\/div>\n<div class=\"product_components double-top add-border\">\n<div>\n<p><strong>Cantidad de jugadores<\/strong>: 3 a 6 jugadores<\/p>\n<p><strong>Duraci\u00f3n<\/strong>: 30 minutos<\/p>\n<p><strong>Edad<\/strong>: +6 a\u00f1os<\/p>\n<p><strong>Idioma<\/strong>: Espa\u00f1ol<\/p>\n<\/div>\n<div><\/div>\n<\/div>\n","protected":false},"excerpt":{"rendered":"<p>Boardgame.<\/p>\n","protected":false},"featured_media":54630,"template":"","meta":{"_acf_changed":false},"product_brand":[],"product_cat":[1561,1557,1653,1180],"product_tag":[1286,1264,1280],"class_list":{"0":"post-54626","1":"product","2":"type-product","3":"status-publish","4":"has-post-thumbnail","6":"product_cat-familiar-es","7":"product_cat-card-game-es","8":"product_cat-boardgames","9":"product_cat-retail-products-es","10":"product_tag-asmodee-es","11":"product_tag-boardgame-es","12":"product_tag-juego-de-mesa-es","14":"first","15":"instock","16":"sale","17":"taxable","18":"shipping-taxable","19":"purchasable","20":"product-type-simple"},"exclude_global_add_ons":[],"addons":[],"acf":[],"_links":{"self":[{"href":"https:\/\/www.customeeple.com\/es\/wp-json\/wp\/v2\/product\/54626","targetHints":{"allow":["GET"]}}],"collection":[{"href":"https:\/\/www.customeeple.com\/es\/wp-json\/wp\/v2\/product"}],"about":[{"href":"https:\/\/www.customeeple.com\/es\/wp-json\/wp\/v2\/types\/product"}],"wp:featuredmedia":[{"embeddable":true,"href":"https:\/\/www.customeeple.com\/es\/wp-json\/wp\/v2\/media\/54630"}],"wp:attachment":[{"href":"https:\/\/www.customeeple.com\/es\/wp-json\/wp\/v2\/media?parent=54626"}],"wp:term":[{"taxonomy":"product_brand","embeddable":true,"href":"https:\/\/www.customeeple.com\/es\/wp-json\/wp\/v2\/product_brand?post=54626"},{"taxonomy":"product_cat","embeddable":true,"href":"https:\/\/www.customeeple.com\/es\/wp-json\/wp\/v2\/product_cat?post=54626"},{"taxonomy":"product_tag","embeddable":true,"href":"https:\/\/www.customeeple.com\/es\/wp-json\/wp\/v2\/product_tag?post=54626"}],"curies":[{"name":"wp","href":"https:\/\/api.w.org\/{rel}","templated":true}]}}