{"id":54619,"date":"2020-11-04T13:28:16","date_gmt":"2020-11-04T12:28:16","guid":{"rendered":"https:\/\/www.customeeple.com\/?post_type=product&#038;p=54619"},"modified":"2020-11-04T13:33:07","modified_gmt":"2020-11-04T12:33:07","slug":"marvel-champions-brigada-de-demolicion","status":"publish","type":"product","link":"https:\/\/www.customeeple.com\/es\/producto\/marvel-champions-brigada-de-demolicion\/","title":{"rendered":"Marvel Champions: Brigada de Demolici\u00f3n (ESP)"},"content":{"rendered":"<div class=\"p_collection\">\n<div id=\"primary_block\" class=\"clearfix\">\n<div class=\"add-top p_collection\">\n<div class=\"p_collection\">\n<div class=\"p_collection\">\n<div class=\"p_collection\">\n<div class=\"p_collection\">\n<p>Desde que los cuatro miembros de la Brigada de Demolici\u00f3n decidieron unir sus fuerzas, han sido una verdadera molestia para todo gran H\u00e9roe de Marvel, desde Thor hasta los Defensores. No son simples matones de tres al cuarto. El principal activo de la Brigada de Demolici\u00f3n consiste en la magia imbuida por la palanca del l\u00edder del equipo, Destructor, que otorga a cada miembro del equipo una inmensa fuerza f\u00edsica y genera un v\u00ednculo m\u00edstico entre ellos.<\/p>\n<p>El pack de escenario\u00a0<em>Brigada de Demolici\u00f3n<\/em>\u00a0es una expansi\u00f3n para\u00a0<em>Marvel Champions: El juego de cartas<\/em>. \u00a1Los cuatro miembros de la Brigada de Demolici\u00f3n pretenden fugarse de la c\u00e1rcel, y vosotros sois los \u00fanicos que pod\u00e9is detenerlos!<\/p>\n<p>Las 73 cartas nuevas que contiene este escenario ponen a los cuatro Villanos en juego a la vez, cada uno con un Plan secundario y un mazo propios. \u00bfPodr\u00e1n vuestros H\u00e9roes volver a meter entre rejas a Destructor, Martinete, Bulldozer y Bola de Trueno?<\/p>\n<\/div>\n<div class=\"product_components double-top\">\n<div class=\"color_grey_medium capitalize bold\"><strong>CONTENIDO<\/strong><\/div>\n<hr \/>\n<div>73 cartas.<\/div>\n<\/div>\n<div class=\"product_components add-top\">\n<div><\/div>\n<div class=\"color_grey_medium capitalize bold\"><strong>NOTAS<\/strong><\/div>\n<hr \/>\n<div>Se necesita una caja b\u00e1sica de Marvel Champions: El juego de cartas para utilizar esta expansi\u00f3n.<\/div>\n<\/div>\n<\/div>\n<\/div>\n<\/div>\n<p>&nbsp;<\/p>\n<p><strong>Cantidad de jugadores<\/strong>: 1-4<\/p>\n<\/div>\n<\/div>\n<\/div>\n<div class=\"product_components double-top add-border\">\n<div>\n<p><strong>Duraci\u00f3n<\/strong>: 45-90 minutos<\/p>\n<p><strong>Edad<\/strong>: +14 a\u00f1os<\/p>\n<p><strong>Idioma<\/strong>: Espa\u00f1ol<\/p>\n<\/div>\n<div><\/div>\n<\/div>\n","protected":false},"excerpt":{"rendered":"<p>Boardgame.<\/p>\n","protected":false},"featured_media":54605,"template":"","meta":{"_acf_changed":false},"product_brand":[],"product_cat":[1653,1556,1180],"product_tag":[1286,1264,1280],"class_list":{"0":"post-54619","1":"product","2":"type-product","3":"status-publish","4":"has-post-thumbnail","6":"product_cat-boardgames","7":"product_cat-board-games-es","8":"product_cat-retail-products-es","9":"product_tag-asmodee-es","10":"product_tag-boardgame-es","11":"product_tag-juego-de-mesa-es","13":"first","14":"onbackorder","15":"taxable","16":"shipping-taxable","17":"purchasable","18":"product-type-simple"},"exclude_global_add_ons":[],"addons":[],"acf":[],"_links":{"self":[{"href":"https:\/\/www.customeeple.com\/es\/wp-json\/wp\/v2\/product\/54619","targetHints":{"allow":["GET"]}}],"collection":[{"href":"https:\/\/www.customeeple.com\/es\/wp-json\/wp\/v2\/product"}],"about":[{"href":"https:\/\/www.customeeple.com\/es\/wp-json\/wp\/v2\/types\/product"}],"wp:featuredmedia":[{"embeddable":true,"href":"https:\/\/www.customeeple.com\/es\/wp-json\/wp\/v2\/media\/54605"}],"wp:attachment":[{"href":"https:\/\/www.customeeple.com\/es\/wp-json\/wp\/v2\/media?parent=54619"}],"wp:term":[{"taxonomy":"product_brand","embeddable":true,"href":"https:\/\/www.customeeple.com\/es\/wp-json\/wp\/v2\/product_brand?post=54619"},{"taxonomy":"product_cat","embeddable":true,"href":"https:\/\/www.customeeple.com\/es\/wp-json\/wp\/v2\/product_cat?post=54619"},{"taxonomy":"product_tag","embeddable":true,"href":"https:\/\/www.customeeple.com\/es\/wp-json\/wp\/v2\/product_tag?post=54619"}],"curies":[{"name":"wp","href":"https:\/\/api.w.org\/{rel}","templated":true}]}}