{"id":54617,"date":"2020-11-04T13:23:59","date_gmt":"2020-11-04T12:24:00","guid":{"rendered":"https:\/\/www.customeeple.com\/?post_type=product&#038;p=54617"},"modified":"2020-11-04T13:27:22","modified_gmt":"2020-11-04T12:27:22","slug":"marvel-champions-ms-marvel","status":"publish","type":"product","link":"https:\/\/www.customeeple.com\/es\/producto\/marvel-champions-ms-marvel\/","title":{"rendered":"Marvel Champions: Ms Marvel (ESP)"},"content":{"rendered":"<div class=\"p_collection\">\n<div id=\"primary_block\" class=\"clearfix\">\n<div class=\"add-top p_collection\">\n<div class=\"p_collection\">\n<div class=\"p_collection\">\n<div class=\"p_collection\">\n<p>La adolescente Kamala Khan ya ten\u00eda sus propios dilemas existenciales sobre qui\u00e9n era y qui\u00e9n quer\u00eda ser, pero en realidad solo quer\u00eda una vida sencilla. Cuando qued\u00f3 atrapada en una niebla terr\u00edgena que envolv\u00eda Nueva Jersey, la vida de Kamala tom\u00f3 otra direcci\u00f3n bien diferente. Despu\u00e9s de salir de la niebla, Kamala descubri\u00f3 que era capaz de transformar su cuerpo en casi cualquier cosa. \u00a1Inspirada por su \u00eddolo Carol Danvers, Kamala tom\u00f3 el nombre de Ms. Marvel y en Nueva Jersey apareci\u00f3 una nueva luchadora adolescente contra el crimen!<\/p>\n<p>Con la capacidad de transformar su cuerpo en casi cualquier cosa, Ms. Marvel es uno de los personajes m\u00e1s vers\u00e1tiles de Marvel Champions. \u00a1Recupera poderosos Eventos para que vuelvan a tu mano y aplasta al Villano antes de que complete su plan!<\/p>\n<p>Este pack de H\u00e9roe de 60 cartas incluye:<\/p>\n<ul>\n<li>\u00a1Un mazo completo de 40 cartas de Ms. Marvel!<\/li>\n<li>\u00a129 cartas nuevas que pueden a\u00f1adirse al mazo de cualquier otro H\u00e9roe!<\/li>\n<li>\u00a1Un conjunto de archienemigo protagonizado por el insidioso Thomas Edison!<\/li>\n<\/ul>\n<\/div>\n<div class=\"product_components double-top\">\n<div class=\"color_grey_medium capitalize bold\"><strong>CONTENIDO<\/strong><\/div>\n<hr \/>\n<div>60 cartas.<\/div>\n<div><\/div>\n<\/div>\n<div class=\"product_components add-top\">\n<div class=\"color_grey_medium capitalize bold\"><strong>NOTAS<\/strong><\/div>\n<hr \/>\n<div>Se necesita una caja b\u00e1sica de Marvel Champions para usar este producto.<\/div>\n<\/div>\n<\/div>\n<\/div>\n<p>&nbsp;<\/p>\n<p><strong>Cantidad de jugadores<\/strong>: 1-4<\/p>\n<\/div>\n<\/div>\n<\/div>\n<div class=\"product_components double-top add-border\">\n<div>\n<p><strong>Duraci\u00f3n<\/strong>: 45-90 minutos<\/p>\n<p><strong>Edad<\/strong>: +14 a\u00f1os<\/p>\n<p><strong>Idioma<\/strong>: Espa\u00f1ol<\/p>\n<\/div>\n<div><\/div>\n<\/div>\n","protected":false},"excerpt":{"rendered":"<p>Boardgame.<\/p>\n","protected":false},"featured_media":54615,"template":"","meta":{"_acf_changed":false},"product_brand":[],"product_cat":[1653,1556,1180],"product_tag":[1286,1264,1280],"class_list":{"0":"post-54617","1":"product","2":"type-product","3":"status-publish","4":"has-post-thumbnail","6":"product_cat-boardgames","7":"product_cat-board-games-es","8":"product_cat-retail-products-es","9":"product_tag-asmodee-es","10":"product_tag-boardgame-es","11":"product_tag-juego-de-mesa-es","13":"first","14":"onbackorder","15":"taxable","16":"shipping-taxable","17":"purchasable","18":"product-type-simple"},"exclude_global_add_ons":[],"addons":[],"acf":[],"_links":{"self":[{"href":"https:\/\/www.customeeple.com\/es\/wp-json\/wp\/v2\/product\/54617","targetHints":{"allow":["GET"]}}],"collection":[{"href":"https:\/\/www.customeeple.com\/es\/wp-json\/wp\/v2\/product"}],"about":[{"href":"https:\/\/www.customeeple.com\/es\/wp-json\/wp\/v2\/types\/product"}],"wp:featuredmedia":[{"embeddable":true,"href":"https:\/\/www.customeeple.com\/es\/wp-json\/wp\/v2\/media\/54615"}],"wp:attachment":[{"href":"https:\/\/www.customeeple.com\/es\/wp-json\/wp\/v2\/media?parent=54617"}],"wp:term":[{"taxonomy":"product_brand","embeddable":true,"href":"https:\/\/www.customeeple.com\/es\/wp-json\/wp\/v2\/product_brand?post=54617"},{"taxonomy":"product_cat","embeddable":true,"href":"https:\/\/www.customeeple.com\/es\/wp-json\/wp\/v2\/product_cat?post=54617"},{"taxonomy":"product_tag","embeddable":true,"href":"https:\/\/www.customeeple.com\/es\/wp-json\/wp\/v2\/product_tag?post=54617"}],"curies":[{"name":"wp","href":"https:\/\/api.w.org\/{rel}","templated":true}]}}