{"id":5460,"date":"2013-12-09T11:04:36","date_gmt":"2013-12-09T10:04:36","guid":{"rendered":"http:\/\/www.customeeple.com\/product\/bases-hexagonales-circuitos-10-unidades\/"},"modified":"2015-09-24T09:55:35","modified_gmt":"2015-09-24T07:55:35","slug":"bases-hexagonales-circuitos-10-unidades","status":"publish","type":"product","link":"https:\/\/www.customeeple.com\/es\/producto\/bases-hexagonales-circuitos-10-unidades\/","title":{"rendered":"Bases hexagonales (Circuitos-10 uds)"},"content":{"rendered":"<p>\u00bfTe gusta pintar tus miniaturas? \u00bfdecorarlas? \u00bfPersonalizarlas? &#8230; esta es tu oportunidad de conseguir bases para tus miniaturas que sean diferentes y que a\u00f1adir\u00e1n variedad y color a tu colecci\u00f3n.<\/p>\n<p>Consigue ahora nuestro pack de bases hexagonales con dise\u00f1o de circuitos para tus miniaturas. Col\u00f3calas en su ambiente adecuado.<\/p>\n<p>Puedes comprar nuestras bases en un pack de 10 unidades. P\u00edntalas y haz que cada dise\u00f1o sea \u00fanico. Su forma las hace especialmente indicadas para juegos de miniaturas con hex\u00e1gonos como <a href=\"http:\/\/boardgamegeek.com\/boardgame\/129731\/dreadball-the-futuristic-sports-game\"><strong>Dreadball<\/strong> <\/a>o <a href=\"http:\/\/boardgamegeek.com\/boardgame\/31759\/classic-battletech-introductory-box-set\"><strong>Battletech.<\/strong><\/a><\/p>\n<div class=\"moreinfo\">\n<p><strong>Material:<\/strong>\u00a0DM cortado y grabado.<\/p>\n<p><strong>Espesor:<\/strong> 2,5 mm<\/p>\n<p><strong>Tama\u00f1o:<\/strong>\u00a03 x 2,5 cm (1,5cm de lado)<\/p>\n<p><strong>Cantidad: <\/strong>10 Bases hexagonales<\/p>\n<p><strong><span class=\"Apple-style-span\" style=\"font-weight: normal;\"><strong>Uso:<\/strong> Util\u00edzalas como base personalizable para tus miniaturas.<\/span><\/strong><\/p>\n<\/div>\n<p><a href=\"http:\/\/boardgamegeek.com\/boardgame\/129731\/dreadball-the-futuristic-sports-game\"><strong>Dreadball<\/strong><\/a> es un juego de <a href=\"http:\/\/boardgamegeek.com\/boardgamedesigner\/944\/jake-thornton\"><strong>Jake Thorton<\/strong> <\/a>publicado por <strong><a href=\"http:\/\/www.manticgames.com\/\">Mantic Game<\/a>s, <\/strong><a href=\"http:\/\/boardgamegeek.com\/boardgame\/31759\/classic-battletech-introductory-box-set\"><strong>Battletech.<\/strong><\/a> Es un juego de <a href=\"http:\/\/boardgamegeek.com\/boardgamedesigner\/411\/jordan-weisman\"><strong>Jordan Weisman<\/strong><\/a> publicado por <a href=\"http:\/\/www.catalystgamelabs.com\/\"><strong>Catalyst game labs<\/strong><\/a>. <strong>Customeeple<\/strong> no esta asociada con esta compa\u00f1\u00edas y este producto no est\u00e1 de ninguna manera apoyado por ellas.<\/p>\n","protected":false},"excerpt":{"rendered":"<p>10 bases hexagonales para tus miniaturas<\/p>\n","protected":false},"featured_media":5438,"template":"","meta":{"_acf_changed":false},"product_brand":[],"product_cat":[304,1370,1073,1372],"product_tag":[657,655],"class_list":{"0":"post-5460","1":"product","2":"type-product","3":"status-publish","4":"has-post-thumbnail","6":"product_cat-bases-es","7":"product_cat-customeeple-es","8":"product_cat-dreadball-es","9":"product_cat-sci-fi-es","10":"product_tag-battletech-es","11":"product_tag-dreadball-es","13":"first","14":"instock","15":"taxable","16":"shipping-taxable","17":"purchasable","18":"product-type-simple"},"exclude_global_add_ons":[],"addons":[],"acf":[],"_links":{"self":[{"href":"https:\/\/www.customeeple.com\/es\/wp-json\/wp\/v2\/product\/5460","targetHints":{"allow":["GET"]}}],"collection":[{"href":"https:\/\/www.customeeple.com\/es\/wp-json\/wp\/v2\/product"}],"about":[{"href":"https:\/\/www.customeeple.com\/es\/wp-json\/wp\/v2\/types\/product"}],"wp:featuredmedia":[{"embeddable":true,"href":"https:\/\/www.customeeple.com\/es\/wp-json\/wp\/v2\/media\/5438"}],"wp:attachment":[{"href":"https:\/\/www.customeeple.com\/es\/wp-json\/wp\/v2\/media?parent=5460"}],"wp:term":[{"taxonomy":"product_brand","embeddable":true,"href":"https:\/\/www.customeeple.com\/es\/wp-json\/wp\/v2\/product_brand?post=5460"},{"taxonomy":"product_cat","embeddable":true,"href":"https:\/\/www.customeeple.com\/es\/wp-json\/wp\/v2\/product_cat?post=5460"},{"taxonomy":"product_tag","embeddable":true,"href":"https:\/\/www.customeeple.com\/es\/wp-json\/wp\/v2\/product_tag?post=5460"}],"curies":[{"name":"wp","href":"https:\/\/api.w.org\/{rel}","templated":true}]}}