{"id":54587,"date":"2020-11-04T13:12:43","date_gmt":"2020-11-04T12:12:43","guid":{"rendered":"https:\/\/www.customeeple.com\/?post_type=product&#038;p=54587"},"modified":"2020-11-04T13:20:45","modified_gmt":"2020-11-04T12:20:45","slug":"marvel-champions-el-juego-de-cartas","status":"publish","type":"product","link":"https:\/\/www.customeeple.com\/es\/producto\/marvel-champions-el-juego-de-cartas\/","title":{"rendered":"Marvel Champions: El juego de cartas (ESP)"},"content":{"rendered":"<div class=\"p_collection\">\n<div id=\"primary_block\" class=\"clearfix\">\n<div class=\"add-top p_collection\">\n<div class=\"p_collection\">\n<div class=\"p_collection\">\n<p>Marvel Champions: El juego de cartas es un Living Card Game\u00ae cooperativo que os invita a encarnar a los superh\u00e9roes m\u00e1s emblem\u00e1ticos del mundo. \u00a1Con el contenido de esta caja b\u00e1sica, hasta cuatro jugadores podr\u00e9is combinar vuestros esfuerzos para frustrar los perversos planes de tres Villanos diferentes! Usad vuestros extraordinarios poderes para combatir a las fuerzas del mal y vivir la experiencia del Universo Marvel como nunca antes.<\/p>\n<p>\u00a1Adem\u00e1s, al ser un Living Card Game\u00ae, se publicar\u00e1n con regularidad nuevos personajes, desaf\u00edos y aventuras que pondr\u00e1n a prueba vuestra madera de h\u00e9roes!<\/p>\n<\/div>\n<div class=\"product_components double-top\">\n<div class=\"color_grey_medium capitalize bold\"><strong>CONTENIDO<\/strong><\/div>\n<hr \/>\n<div>1 cuaderno Aprende a jugar, 1 Gu\u00eda de referencia, 199 cartas de Jugador, 137 cartas de Encuentro, 7 cartas de referencia, 30 cartas de Estado, 62 fichas de Da\u00f1o, 33 fichas de Amenaza, 5 fichas de Aceleraci\u00f3n, 1 ficha de Jugador inicial, 4 medidores de Vida de jugador, 1 medidor de Vida de Villano y 16 contadores gen\u00e9ricos.<\/div>\n<\/div>\n<\/div>\n<p>&nbsp;<\/p>\n<p><strong>Cantidad de jugadores<\/strong>: 1-4<\/p>\n<\/div>\n<\/div>\n<\/div>\n<div class=\"product_components double-top add-border\">\n<div>\n<p><strong>Duraci\u00f3n<\/strong>: 45-90 minutos<\/p>\n<p><strong>Edad<\/strong>: +14 a\u00f1os<\/p>\n<p><strong>Idioma<\/strong>: Espa\u00f1ol<\/p>\n<\/div>\n<div><\/div>\n<\/div>\n","protected":false},"excerpt":{"rendered":"<p>Boardgame.<\/p>\n","protected":false},"featured_media":54591,"template":"","meta":{"_acf_changed":false},"product_brand":[],"product_cat":[1653,1556,1180],"product_tag":[1286,1264,1280],"class_list":{"0":"post-54587","1":"product","2":"type-product","3":"status-publish","4":"has-post-thumbnail","6":"product_cat-boardgames","7":"product_cat-board-games-es","8":"product_cat-retail-products-es","9":"product_tag-asmodee-es","10":"product_tag-boardgame-es","11":"product_tag-juego-de-mesa-es","13":"first","14":"onbackorder","15":"sale","16":"taxable","17":"shipping-taxable","18":"purchasable","19":"product-type-simple"},"exclude_global_add_ons":[],"addons":[],"acf":[],"_links":{"self":[{"href":"https:\/\/www.customeeple.com\/es\/wp-json\/wp\/v2\/product\/54587","targetHints":{"allow":["GET"]}}],"collection":[{"href":"https:\/\/www.customeeple.com\/es\/wp-json\/wp\/v2\/product"}],"about":[{"href":"https:\/\/www.customeeple.com\/es\/wp-json\/wp\/v2\/types\/product"}],"wp:featuredmedia":[{"embeddable":true,"href":"https:\/\/www.customeeple.com\/es\/wp-json\/wp\/v2\/media\/54591"}],"wp:attachment":[{"href":"https:\/\/www.customeeple.com\/es\/wp-json\/wp\/v2\/media?parent=54587"}],"wp:term":[{"taxonomy":"product_brand","embeddable":true,"href":"https:\/\/www.customeeple.com\/es\/wp-json\/wp\/v2\/product_brand?post=54587"},{"taxonomy":"product_cat","embeddable":true,"href":"https:\/\/www.customeeple.com\/es\/wp-json\/wp\/v2\/product_cat?post=54587"},{"taxonomy":"product_tag","embeddable":true,"href":"https:\/\/www.customeeple.com\/es\/wp-json\/wp\/v2\/product_tag?post=54587"}],"curies":[{"name":"wp","href":"https:\/\/api.w.org\/{rel}","templated":true}]}}