{"id":54581,"date":"2020-11-04T13:06:42","date_gmt":"2020-11-04T12:06:42","guid":{"rendered":"https:\/\/www.customeeple.com\/?post_type=product&#038;p=54581"},"modified":"2020-11-04T13:11:04","modified_gmt":"2020-11-04T12:11:04","slug":"unlock-epic-adventures","status":"publish","type":"product","link":"https:\/\/www.customeeple.com\/es\/producto\/unlock-epic-adventures\/","title":{"rendered":"Unlock! Epic Adventures (ESP)"},"content":{"rendered":"<div class=\"p_collection\">\n<div id=\"primary_block\" class=\"clearfix\">\n<div class=\"add-top p_collection\">\n<div class=\"p_collection\">\n<p>Un juego de cartas cooperativo inspirado en un Escape Room.<br \/>\nLos Escape Room son salas de las que tienes que escapar en menos de 60 minutos. Unlock! Te permite vivir esta experiencia en tu casa, alrededor de una mesa.<br \/>\n\u00a1Tres Aventuras Espeluznantes!<\/p>\n<ul>\n<li>S\u00e9ptimo arte y muerte: \u00a1Coged palomitas! Esta noche se estrena la pel\u00edcula de terror La \u00faltima noche del hombre lobo. \u00bfLograr\u00e9is salir indemnes?<\/li>\n<li>Las siete pruebas del drag\u00f3n: El Templo de los Dragones de Oro acoge cada siete a\u00f1os a nuevos disc\u00edpulos. Sed dignos de las ense\u00f1anzas del Maestro Li.<\/li>\n<li>Misi\u00f3n 07: Alguien se ha infiltrado en la organizaci\u00f3n secreta \u00c1GUILA. \u00a1Agentes, de vosotros depende identificar al topo!<\/li>\n<\/ul>\n<\/div>\n<div class=\"product_components double-top add-border\">\n<div class=\"color_grey_medium capitalize bold\"><strong>CONTENIDO<\/strong><\/div>\n<hr \/>\n<div>1 reglamento, 1 Tutorial (10 cartas), 3 aventuras y 2 hojas de papel.<\/div>\n<\/div>\n<div class=\"product_components add-top\">\n<div><\/div>\n<div class=\"color_grey_medium capitalize bold\"><strong>NOTAS<\/strong><\/div>\n<hr \/>\n<div>UNLOCK! requiere una aplicaci\u00f3n gratuita para poder jugar. Una vez descargada, no se requiere conexi\u00f3n a<\/div>\n<\/div>\n<\/div>\n<\/div>\n<\/div>\n<div class=\"product_components double-top add-border\">\n<div>\n<p>&nbsp;<\/p>\n<p><strong>Duraci\u00f3n<\/strong>: 1 hora<\/p>\n<p><strong>Edad<\/strong>: +10 a\u00f1os<\/p>\n<p><strong>Idioma<\/strong>: Espa\u00f1ol<\/p>\n<\/div>\n<div><\/div>\n<\/div>\n","protected":false},"excerpt":{"rendered":"<p>Boardgame.<\/p>\n","protected":false},"featured_media":54583,"template":"","meta":{"_acf_changed":false},"product_brand":[],"product_cat":[2343,1561,1653,1180],"product_tag":[1264,1280],"class_list":{"0":"post-54581","1":"product","2":"type-product","3":"status-publish","4":"has-post-thumbnail","6":"product_cat-asmodee-es","7":"product_cat-familiar-es","8":"product_cat-boardgames","9":"product_cat-retail-products-es","10":"product_tag-boardgame-es","11":"product_tag-juego-de-mesa-es","13":"first","14":"onbackorder","15":"sale","16":"taxable","17":"shipping-taxable","18":"purchasable","19":"product-type-simple"},"exclude_global_add_ons":[],"addons":[],"acf":[],"_links":{"self":[{"href":"https:\/\/www.customeeple.com\/es\/wp-json\/wp\/v2\/product\/54581","targetHints":{"allow":["GET"]}}],"collection":[{"href":"https:\/\/www.customeeple.com\/es\/wp-json\/wp\/v2\/product"}],"about":[{"href":"https:\/\/www.customeeple.com\/es\/wp-json\/wp\/v2\/types\/product"}],"wp:featuredmedia":[{"embeddable":true,"href":"https:\/\/www.customeeple.com\/es\/wp-json\/wp\/v2\/media\/54583"}],"wp:attachment":[{"href":"https:\/\/www.customeeple.com\/es\/wp-json\/wp\/v2\/media?parent=54581"}],"wp:term":[{"taxonomy":"product_brand","embeddable":true,"href":"https:\/\/www.customeeple.com\/es\/wp-json\/wp\/v2\/product_brand?post=54581"},{"taxonomy":"product_cat","embeddable":true,"href":"https:\/\/www.customeeple.com\/es\/wp-json\/wp\/v2\/product_cat?post=54581"},{"taxonomy":"product_tag","embeddable":true,"href":"https:\/\/www.customeeple.com\/es\/wp-json\/wp\/v2\/product_tag?post=54581"}],"curies":[{"name":"wp","href":"https:\/\/api.w.org\/{rel}","templated":true}]}}