{"id":54571,"date":"2020-11-04T12:30:01","date_gmt":"2020-11-04T11:30:02","guid":{"rendered":"https:\/\/www.customeeple.com\/?post_type=product&#038;p=54571"},"modified":"2020-11-04T12:37:01","modified_gmt":"2020-11-04T11:37:01","slug":"arkham-horror-el-juego-de-cartas","status":"publish","type":"product","link":"https:\/\/www.customeeple.com\/es\/producto\/arkham-horror-el-juego-de-cartas\/","title":{"rendered":"Arkham Horror: el juego de cartas (ESP)"},"content":{"rendered":"<div class=\"p_collection\">\n<div id=\"primary_block\" class=\"clearfix\">\n<div class=\"add-top p_collection\">\n<div class=\"p_collection\">\n<p><em>\u201cLa emoci\u00f3n m\u00e1s antigua y fuerte de la humanidad es el miedo; y el tipo de miedo m\u00e1s antiguo y fuerte es el miedo a lo desconocido.\u201d \u2013H. P. Lovecraft<\/em><\/p>\n<p><em>En la tranquila ciudad de Arkham, en Massachusetts, un peque\u00f1o grupo de intr\u00e9pidos investigadores quiere descubrir la naturaleza de un siniestro peligro que amenaza a la humanidad. \u00a1Pero cuidado! En el reino arcano habitan innumerables horrores, y los investigadores deber\u00e1n aferrarse como puedan a su cordura y lograr sobrevivir.<\/em><\/p>\n<p><em>Arkham Horror: El juego de cartas<\/em>\u00a0es un juego cooperativo para 1 o 2 jugadores en el que cada jugador adopta el papel de un investigador e intenta resolver aterradores misterios arcanos. Con una segunda copia de esta caja b\u00e1sica podr\u00e1n jugar hasta 4 jugadores a la vez. Cada partida es un cap\u00edtulo de una campa\u00f1a mayor, en la que las decisiones tienen inesperadas consecuencias a largo plazo. Como Living Card Game\u00ae, se publicar\u00e1n nuevas cartas y aventuras de forma regular que permitir\u00e1n a los jugadores personalizar el contenido de esta caja b\u00e1sica o crear sus propios mazos.<\/p>\n<p><em>Los Primigenios aguardan. \u00bfPodr\u00e1 alguno de nosotros descubrir sus secretos y vivir para contarlo?<\/em><\/p>\n<\/div>\n<div class=\"product_components double-top\">\n<div class=\"color_grey_medium capitalize bold\"><strong>CONTENIDO<\/strong><\/div>\n<hr \/>\n<div>5 cartas de Investigador, 5 cartas peque\u00f1as, 110 cartas de Escenario, 119 cartas de Jugador, 30 fichas de Recursos, 44 fichas de Caos, 18 fichas de Horror, 27 fichas de Da\u00f1o, 30 fichas de Pista\/Horror, 1 gu\u00eda de campa\u00f1a, 1 reglamento para aprender a jugar y 1 gu\u00eda de referencia de reglas.<\/div>\n<\/div>\n<p>&nbsp;<\/p>\n<p><strong>Cantidad de jugadores<\/strong>: 1-2<\/p>\n<\/div>\n<\/div>\n<\/div>\n<div class=\"product_components double-top add-border\">\n<div>\n<p><strong>Duraci\u00f3n<\/strong>: 60 minutos<\/p>\n<p><strong>Edad<\/strong>: +14 a\u00f1os<\/p>\n<p><strong>Idioma<\/strong>: Espa\u00f1ol<\/p>\n<\/div>\n<div><\/div>\n<\/div>\n","protected":false},"excerpt":{"rendered":"<p>Boardgame.<\/p>\n","protected":false},"featured_media":54577,"template":"","meta":{"_acf_changed":false},"product_brand":[],"product_cat":[1653,1556,1180],"product_tag":[1264,1280],"class_list":{"0":"post-54571","1":"product","2":"type-product","3":"status-publish","4":"has-post-thumbnail","6":"product_cat-boardgames","7":"product_cat-board-games-es","8":"product_cat-retail-products-es","9":"product_tag-boardgame-es","10":"product_tag-juego-de-mesa-es","12":"first","13":"instock","14":"taxable","15":"shipping-taxable","16":"purchasable","17":"product-type-simple"},"exclude_global_add_ons":[],"addons":[],"acf":[],"_links":{"self":[{"href":"https:\/\/www.customeeple.com\/es\/wp-json\/wp\/v2\/product\/54571","targetHints":{"allow":["GET"]}}],"collection":[{"href":"https:\/\/www.customeeple.com\/es\/wp-json\/wp\/v2\/product"}],"about":[{"href":"https:\/\/www.customeeple.com\/es\/wp-json\/wp\/v2\/types\/product"}],"wp:featuredmedia":[{"embeddable":true,"href":"https:\/\/www.customeeple.com\/es\/wp-json\/wp\/v2\/media\/54577"}],"wp:attachment":[{"href":"https:\/\/www.customeeple.com\/es\/wp-json\/wp\/v2\/media?parent=54571"}],"wp:term":[{"taxonomy":"product_brand","embeddable":true,"href":"https:\/\/www.customeeple.com\/es\/wp-json\/wp\/v2\/product_brand?post=54571"},{"taxonomy":"product_cat","embeddable":true,"href":"https:\/\/www.customeeple.com\/es\/wp-json\/wp\/v2\/product_cat?post=54571"},{"taxonomy":"product_tag","embeddable":true,"href":"https:\/\/www.customeeple.com\/es\/wp-json\/wp\/v2\/product_tag?post=54571"}],"curies":[{"name":"wp","href":"https:\/\/api.w.org\/{rel}","templated":true}]}}