{"id":54565,"date":"2020-11-04T11:56:34","date_gmt":"2020-11-04T10:56:34","guid":{"rendered":"https:\/\/www.customeeple.com\/?post_type=product&#038;p=54565"},"modified":"2021-09-23T17:47:08","modified_gmt":"2021-09-23T16:47:08","slug":"catan","status":"publish","type":"product","link":"https:\/\/www.customeeple.com\/es\/producto\/catan\/","title":{"rendered":"Cat\u00e1n (ESP)"},"content":{"rendered":"<div class=\"p_collection\">\n<p><em>Catan<\/em>\u00a0es un juego de mesa para toda la familia que se ha convertido en un fen\u00f3meno mundial. Desde su aparici\u00f3n en Alemania ha vendido m\u00e1s que muchos de los juegos m\u00e1s tradicionales. Se trata de un juego que a\u00fana la estrategia, la astucia y la capacidad para negociar y en el que los jugadores tratan de colonizar una isla, Cat\u00e1n, rica en recursos naturales. Construyendo pueblos, estableciendo rutas comerciales, etc\u2026\u00a0<em>Catan<\/em>\u00a0ha vendido m\u00e1s de 2 millones de ejemplares en Europa y Am\u00e9rica. Por si esto no fuera bastante, ha sido galardonado en Alemania y Estados Unidos como Juego del A\u00f1o. El juego b\u00e1sico de\u00a0<em>Catan<\/em>, a la venta desde hace m\u00e1s de 10 a\u00f1os en Espa\u00f1a, ha marcado un hito en toda Europa en cuanto a juego de planificaci\u00f3n, colaboraci\u00f3n y, por supuesto, diversi\u00f3n. No hace falta comentar que es la \u00fanica pieza indispensable de\u00a0<em>Catan<\/em>\u00a0en tu ludoteca. A partir del b\u00e1sico se abre todo el abanico de expansiones que la isla de Cat\u00e1n te ofrece.<\/p>\n<p>Este juego contiene 126 cartas y le corresponden las \u00abfundas juego de mesa mini -44x68mm-\u00bb<\/p>\n<\/div>\n<p><strong>Edad recomendada: 10+<\/strong><\/p>\n<p><strong>N\u00famero de Jugadores: 3-4<\/strong><\/p>\n<p><strong>Tiempo de juego: 75 Minutos<\/strong><\/p>\n<div class=\"news_box_content\"><\/div>\n","protected":false},"excerpt":{"rendered":"<p>Boardgame.<\/p>\n","protected":false},"featured_media":54557,"template":"","meta":{"_acf_changed":false},"product_brand":[],"product_cat":[2344,1653,1556,1180],"product_tag":[1264,1284,1280],"class_list":{"0":"post-54565","1":"product","2":"type-product","3":"status-publish","4":"has-post-thumbnail","6":"product_cat-devir-es","7":"product_cat-boardgames","8":"product_cat-board-games-es","9":"product_cat-retail-products-es","10":"product_tag-boardgame-es","11":"product_tag-devir-es","12":"product_tag-juego-de-mesa-es","14":"first","15":"instock","16":"sale","17":"taxable","18":"shipping-taxable","19":"purchasable","20":"product-type-simple"},"exclude_global_add_ons":[],"addons":[],"acf":[],"_links":{"self":[{"href":"https:\/\/www.customeeple.com\/es\/wp-json\/wp\/v2\/product\/54565","targetHints":{"allow":["GET"]}}],"collection":[{"href":"https:\/\/www.customeeple.com\/es\/wp-json\/wp\/v2\/product"}],"about":[{"href":"https:\/\/www.customeeple.com\/es\/wp-json\/wp\/v2\/types\/product"}],"wp:featuredmedia":[{"embeddable":true,"href":"https:\/\/www.customeeple.com\/es\/wp-json\/wp\/v2\/media\/54557"}],"wp:attachment":[{"href":"https:\/\/www.customeeple.com\/es\/wp-json\/wp\/v2\/media?parent=54565"}],"wp:term":[{"taxonomy":"product_brand","embeddable":true,"href":"https:\/\/www.customeeple.com\/es\/wp-json\/wp\/v2\/product_brand?post=54565"},{"taxonomy":"product_cat","embeddable":true,"href":"https:\/\/www.customeeple.com\/es\/wp-json\/wp\/v2\/product_cat?post=54565"},{"taxonomy":"product_tag","embeddable":true,"href":"https:\/\/www.customeeple.com\/es\/wp-json\/wp\/v2\/product_tag?post=54565"}],"curies":[{"name":"wp","href":"https:\/\/api.w.org\/{rel}","templated":true}]}}