{"id":54515,"date":"2020-11-04T10:27:35","date_gmt":"2020-11-04T09:27:36","guid":{"rendered":"https:\/\/www.customeeple.com\/?post_type=product&#038;p=54515"},"modified":"2020-11-04T10:32:55","modified_gmt":"2020-11-04T09:32:55","slug":"rising-sun","status":"publish","type":"product","link":"https:\/\/www.customeeple.com\/es\/producto\/rising-sun\/","title":{"rendered":"Rising Sun (ESP)"},"content":{"rendered":"<p>Ambientado en el Jap\u00f3n feudal,\u00a0<em>Rising Sun<\/em>\u00a0pone a los jugadores al mando de los grandes clanes que han reunido los poderosos kami para reformar el pa\u00eds y devolverle sus honorables tradiciones espirituales.<\/p>\n<p>Cada clan emplear\u00e1 sus capacidades \u00fanicas para extender sus fuerzas por las provincias, construir sus fortalezas, cosechar la tierra para obtener sus recompensas y librar guerras unos contra otros. A medida que las estaciones pasen de primavera a verano y a oto\u00f1o, los jugadores podr\u00e1n mejorar sus clanes con aumentos estrat\u00e9gicos, virtudes generosas y hasta poderosos monstruos legendarios que los ayudar\u00e1n en su causa. Los clanes tambi\u00e9n har\u00edan bien en rezar a los dioses, pues cada kami podr\u00eda otorgarles poderosas capacidades. Sin embargo, la diplomacia puede ser una herramienta a\u00fan m\u00e1s \u00fatil, ya que los clanes forjar\u00e1n alianzas en beneficio mutuo y negociar\u00e1n su camino hacia la victoria. En este \u00e1mbito pol\u00edtico, el honor es m\u00e1s valioso que el oro, aunque la traici\u00f3n puede cambiar las tornas de la guerra. Las batallas no s\u00f3lo se ganan mediante la fuerza bruta, sino con estrategia y astucia.<\/p>\n<p>Elige sabiamente tu senda hacia la victoria, y a tus aliados con cuidado. Cuando la nieve invernal cubra la tierra, \u00bfser\u00e1s el elegido para gobernar la tierra del Sol Naciente?<\/p>\n<p>&nbsp;<\/p>\n<p><strong>Edad recomendada: 14+<\/strong><\/p>\n<p><strong>N\u00famero de Jugadores: 3-5<\/strong><\/p>\n<p><strong>Tiempo de juego: 90-120 Minutos<\/strong><\/p>\n<p>&nbsp;<\/p>\n<div class=\"news_box background_color_grey_light product_components\">\n<div class=\"news_box_content\">\n<h6><strong><span class=\"color_grey_dark\">CONTENIDO<\/span><\/strong><\/h6>\n<\/div>\n<hr \/>\n<div class=\"news_box_content\">58 detalladas miniaturas de pl\u00e1stico, 40 bases de miniaturas de color, 65 monedas de pl\u00e1stico, 10 indicadores de Clan de pl\u00e1stico, 66 cartas, 1 tablero de juego, 99 fichas, 5 pantallas de clan y 1 reglamento.<\/div>\n<\/div>\n<p>&nbsp;<\/p>\n<p>&nbsp;<\/p>\n<div class=\"news_box_content\"><\/div>\n","protected":false},"excerpt":{"rendered":"<p>Boardgame.<\/p>\n","protected":false},"featured_media":54503,"template":"","meta":{"_acf_changed":false},"product_brand":[],"product_cat":[1653,1180],"product_tag":[1286,1264,1280],"class_list":{"0":"post-54515","1":"product","2":"type-product","3":"status-publish","4":"has-post-thumbnail","6":"product_cat-boardgames","7":"product_cat-retail-products-es","8":"product_tag-asmodee-es","9":"product_tag-boardgame-es","10":"product_tag-juego-de-mesa-es","12":"first","13":"outofstock","14":"sale","15":"taxable","16":"shipping-taxable","17":"purchasable","18":"product-type-simple"},"exclude_global_add_ons":[],"addons":[],"acf":[],"_links":{"self":[{"href":"https:\/\/www.customeeple.com\/es\/wp-json\/wp\/v2\/product\/54515","targetHints":{"allow":["GET"]}}],"collection":[{"href":"https:\/\/www.customeeple.com\/es\/wp-json\/wp\/v2\/product"}],"about":[{"href":"https:\/\/www.customeeple.com\/es\/wp-json\/wp\/v2\/types\/product"}],"wp:featuredmedia":[{"embeddable":true,"href":"https:\/\/www.customeeple.com\/es\/wp-json\/wp\/v2\/media\/54503"}],"wp:attachment":[{"href":"https:\/\/www.customeeple.com\/es\/wp-json\/wp\/v2\/media?parent=54515"}],"wp:term":[{"taxonomy":"product_brand","embeddable":true,"href":"https:\/\/www.customeeple.com\/es\/wp-json\/wp\/v2\/product_brand?post=54515"},{"taxonomy":"product_cat","embeddable":true,"href":"https:\/\/www.customeeple.com\/es\/wp-json\/wp\/v2\/product_cat?post=54515"},{"taxonomy":"product_tag","embeddable":true,"href":"https:\/\/www.customeeple.com\/es\/wp-json\/wp\/v2\/product_tag?post=54515"}],"curies":[{"name":"wp","href":"https:\/\/api.w.org\/{rel}","templated":true}]}}