{"id":54439,"date":"2020-10-24T11:34:08","date_gmt":"2020-10-24T10:34:08","guid":{"rendered":"https:\/\/www.customeeple.com\/?post_type=product&#038;p=54439"},"modified":"2020-11-07T19:57:40","modified_gmt":"2020-11-07T18:57:40","slug":"orlock-arms-masters-and-wreckers","status":"publish","type":"product","link":"https:\/\/www.customeeple.com\/es\/producto\/orlock-arms-masters-and-wreckers\/","title":{"rendered":"Orlock Arms Masters and Wreckers"},"content":{"rendered":"<p>Seg\u00fan crecen las bandas Orlock, hacen falta Arms Masters que apoyen a los Road Captains y mantengan a raya a Gunners y Greenhorns. Igual que mantienen el orden, lideran con el ejemplo, ya sea machacando cabezas o lanzando sus Cyber-mastiffs contra los luchadores enemigos. Los Wreckers, por otro lado, son j\u00f3venes temerarios y alocados que cortejan el peligro. Equipados con propulsores de salto, a menudo se causan a s\u00ed mismos tanto da\u00f1o como a las bandas enemigas.<\/p>\n<p>Ampl\u00eda tu banda Orlock con estos seis luchadores junto con sus fieles y mort\u00edferos cibercompa\u00f1eros. Los Wreckers est\u00e1n armados con una amplia variedad de pistolas, cuchillas y cargas de demolici\u00f3n. Incluyen un soporte curvo para que d\u00e9 la impresi\u00f3n de que van por los aires. Los Arms Master pueden armarse para la batalla con una escopeta de combate o con un mort\u00edfero martillo de arco. Ambos Cyber-mastiffs est\u00e1n modelados corriendo a la caza de presas por la subcolmena.<\/p>\n<p>Con este kit de pl\u00e1stico de 120 piezas puedes montar dos Arms Masters, dos Cyber-mastiffs y cuatro Wreckers. Incluye cuatro peanas redondas de Necromunda de 25 mm, cuatro peanas redondas de Necromunda de 32 mm, y un set de soportes para voladores de 45 mm.<\/p>\n<p>Puedes encontrar las reglas para usar estas miniaturas de Necromunda en el libro Necromunda: House of Iron.<\/p>\n","protected":false},"excerpt":{"rendered":"<p>Games Workshop boardgame.<\/p>\n","protected":false},"featured_media":54426,"template":"","meta":{"_acf_changed":false},"product_brand":[],"product_cat":[1177,1583,1180,1372,1623],"product_tag":[1264,1179,785],"class_list":{"0":"post-54439","1":"product","2":"type-product","3":"status-publish","4":"has-post-thumbnail","6":"product_cat-games-workshop-es","7":"product_cat-necromunda-es","8":"product_cat-retail-products-es","9":"product_cat-sci-fi-es","10":"product_cat-wargames-es-2","11":"product_tag-boardgame-es","12":"product_tag-gamesworkshop-es","13":"product_tag-wargame-es-2","15":"first","16":"onbackorder","17":"sale","18":"taxable","19":"shipping-taxable","20":"purchasable","21":"product-type-simple"},"exclude_global_add_ons":[],"addons":[],"acf":[],"_links":{"self":[{"href":"https:\/\/www.customeeple.com\/es\/wp-json\/wp\/v2\/product\/54439","targetHints":{"allow":["GET"]}}],"collection":[{"href":"https:\/\/www.customeeple.com\/es\/wp-json\/wp\/v2\/product"}],"about":[{"href":"https:\/\/www.customeeple.com\/es\/wp-json\/wp\/v2\/types\/product"}],"wp:featuredmedia":[{"embeddable":true,"href":"https:\/\/www.customeeple.com\/es\/wp-json\/wp\/v2\/media\/54426"}],"wp:attachment":[{"href":"https:\/\/www.customeeple.com\/es\/wp-json\/wp\/v2\/media?parent=54439"}],"wp:term":[{"taxonomy":"product_brand","embeddable":true,"href":"https:\/\/www.customeeple.com\/es\/wp-json\/wp\/v2\/product_brand?post=54439"},{"taxonomy":"product_cat","embeddable":true,"href":"https:\/\/www.customeeple.com\/es\/wp-json\/wp\/v2\/product_cat?post=54439"},{"taxonomy":"product_tag","embeddable":true,"href":"https:\/\/www.customeeple.com\/es\/wp-json\/wp\/v2\/product_tag?post=54439"}],"curies":[{"name":"wp","href":"https:\/\/api.w.org\/{rel}","templated":true}]}}