{"id":54384,"date":"2020-10-23T16:15:47","date_gmt":"2020-10-23T15:15:47","guid":{"rendered":"https:\/\/www.customeeple.com\/?post_type=product&#038;p=54384"},"modified":"2020-10-23T18:48:43","modified_gmt":"2020-10-23T17:48:43","slug":"marvel-champions-compatible-tokens-pack-57-units","status":"publish","type":"product","link":"https:\/\/www.customeeple.com\/es\/producto\/marvel-champions-compatible-tokens-pack-57-units\/","title":{"rendered":"Marvel Champions compatible Tokens Pack (57 units)"},"content":{"rendered":"<p>Nuestra nueva l\u00ednea de productos <strong>Marvel Champions\u00a0<\/strong>te permitir\u00e1 mejorar tus partidas y experimentar toda la acci\u00f3n de un Comic.\u00a0<\/p>\n<p>El paquete incluye:<\/p>\n<ul>\n<li><em><strong>6 Threat tokens 1<\/strong><\/em><\/li>\n<li><em><strong>5 Threat tokens 3<\/strong><\/em><\/li>\n<li><em><strong>3 Threat tokens 5<\/strong><\/em><\/li>\n<li><em><strong>10 Damage tokens 1<\/strong><\/em><\/li>\n<li><em><strong>5 Damage tokens 3<\/strong><\/em><\/li>\n<li><em><strong>3 Damage tokens 5<\/strong><\/em><\/li>\n<li><em><strong>5 Acceleration tokens<\/strong><\/em><\/li>\n<li><em><strong>4 Confused<\/strong><\/em><\/li>\n<li><em><strong>4 Stunned<\/strong><\/em><\/li>\n<li><em><strong>4 Tough<\/strong><\/em><\/li>\n<li><em><strong>4 Generic Tokens 1<\/strong><\/em><\/li>\n<li><em><strong>4 Generic Tokens 1<\/strong><\/em><\/li>\n<\/ul>\n<div class=\"tlid-input input\">\n<div class=\"source-wrap\">\n<div class=\"input-full-height-wrapper tlid-input-full-height-wrapper\">\n<div class=\"source-input\">\n<div class=\"source-footer-wrap source-or-target-footer\">\n<div class=\"character-count tlid-character-count\">\u00a0<\/div>\n<\/div>\n<\/div>\n<\/div>\n<\/div>\n<\/div>\n<div class=\"tlid-results-container results-container\">\n<div class=\"tlid-result result-dict-wrapper\">\n<div class=\"result tlid-copy-target\">\n<div class=\"result-header\">\n<div class=\"jfk-button-img\"><span title=\"\">Dise\u00f1ado en acr\u00edlico de colores con detalles grabados.<\/span> <span class=\"\" title=\"\">Todos los detalles grabados est\u00e1n pintados a mano para resaltarlos y asegurar su perfecta visibilidad.<\/span><\/div>\n<\/div>\n<div class=\"text-wrap tlid-copy-target\">\n<div class=\"result-shield-container tlid-copy-target\" tabindex=\"0\"><span class=\"tlid-translation translation\" lang=\"es\"><br \/><span title=\"\">Si desea alguna personalizaci\u00f3n o cambio en el producto, no dude en escribirnos a hello@customeeeple.com antes de realizar su pedido.<\/span><\/p>\n<p><span class=\"\" title=\"\">Este producto se vende montado y PREPINTADO y encajar\u00e1 perfectamente y ser\u00e1 compatible con el juego <a href=\"https:\/\/boardgamegeek.com\/boardgame\/285774\/marvel-champions-card-game\"><strong>Marvel Champions.<\/strong><\/a><\/span><\/span><\/div>\n<div tabindex=\"0\">\u00a0<\/div>\n<\/div>\n<\/div>\n<\/div>\n<\/div>\n<div class=\"moreinfo\"><strong>Material:<\/strong> Metacrilato opaco.<\/div>\n<div class=\"moreinfo\"><strong>Espesor:<\/strong>\u00a0 3 mm<\/div>\n<div class=\"moreinfo\"><strong>Tama\u00f1o:<\/strong> variable mira fotos.<\/div>\n<div class=\"moreinfo\"><strong>Cantidad:\u00a0<\/strong>57 unidad<\/div>\n<div class=\"moreinfo\"><strong>Uso:<\/strong> Perfecto para cualquier juego de Superheroes.<\/div>\n<div>\u00a0<\/div>\n<p><strong><a href=\"https:\/\/boardgamegeek.com\/boardgame\/285774\/marvel-champions-card-game\">Marvel Champions<\/a> <\/strong>es un juego de \u00a0<a href=\"https:\/\/boardgamegeek.com\/boardgamedesigner\/119800\/michael-boggs\"><b>Michael Boggs<\/b><\/a>\u00a0\u00a0publicado por\u00a0<strong><a href=\"https:\/\/www.fantasyflightgames.com\/en\/index\/\">Fantasy Flight Games<\/a>.<\/strong>\u00a0<strong>Customeeple<\/strong>\u00a0 no mantiene ninguna relaci\u00f3n con esa compa\u00f1\u00eda y este producto no est\u00e1 de ninguna manera patrocinado por ellos.<\/p>\n","protected":false},"excerpt":{"rendered":"<p>Tokens para juegos de super heroes<\/p>\n","protected":false},"featured_media":54346,"template":"","meta":{"_acf_changed":false},"product_brand":[],"product_cat":[1370,1648],"product_tag":[1713,1772,1734],"class_list":{"0":"post-54384","1":"product","2":"type-product","3":"status-publish","4":"has-post-thumbnail","6":"product_cat-customeeple-es","7":"product_cat-marvel-champions-es","8":"product_tag-batman-es","9":"product_tag-fantasy-flight-es","10":"product_tag-marvel-es","12":"first","13":"instock","14":"taxable","15":"shipping-taxable","16":"purchasable","17":"product-type-simple"},"exclude_global_add_ons":[],"addons":[],"acf":[],"_links":{"self":[{"href":"https:\/\/www.customeeple.com\/es\/wp-json\/wp\/v2\/product\/54384","targetHints":{"allow":["GET"]}}],"collection":[{"href":"https:\/\/www.customeeple.com\/es\/wp-json\/wp\/v2\/product"}],"about":[{"href":"https:\/\/www.customeeple.com\/es\/wp-json\/wp\/v2\/types\/product"}],"wp:featuredmedia":[{"embeddable":true,"href":"https:\/\/www.customeeple.com\/es\/wp-json\/wp\/v2\/media\/54346"}],"wp:attachment":[{"href":"https:\/\/www.customeeple.com\/es\/wp-json\/wp\/v2\/media?parent=54384"}],"wp:term":[{"taxonomy":"product_brand","embeddable":true,"href":"https:\/\/www.customeeple.com\/es\/wp-json\/wp\/v2\/product_brand?post=54384"},{"taxonomy":"product_cat","embeddable":true,"href":"https:\/\/www.customeeple.com\/es\/wp-json\/wp\/v2\/product_cat?post=54384"},{"taxonomy":"product_tag","embeddable":true,"href":"https:\/\/www.customeeple.com\/es\/wp-json\/wp\/v2\/product_tag?post=54384"}],"curies":[{"name":"wp","href":"https:\/\/api.w.org\/{rel}","templated":true}]}}