{"id":54382,"date":"2020-10-23T15:29:45","date_gmt":"2020-10-23T14:29:45","guid":{"rendered":"https:\/\/www.customeeple.com\/?post_type=product&#038;p=54382"},"modified":"2020-10-23T18:48:48","modified_gmt":"2020-10-23T17:48:48","slug":"dial-de-heroe-compatible-con-marvel-champions-copy-2","status":"publish","type":"product","link":"https:\/\/www.customeeple.com\/es\/producto\/dial-de-heroe-compatible-con-marvel-champions-copy-2\/","title":{"rendered":"Dial de heroe compatible con Marvel Champions (Copy)"},"content":{"rendered":"<p>Nuestra nueva l\u00ednea de productos <strong>Marvel Champions\u00a0<\/strong>te permitir\u00e1 mejorar tus partidas y experimentar toda la acci\u00f3n de un Comic.\u00a0<\/p>\n<p>Con este dial puedes llevar la cuenta del da\u00f1o en tu h\u00e9roe. El dial puede marcar hasta 99.<\/p>\n<p>Este producto se vende pintado y montado, como aparece en la foto. Este producto encaja a la perfecci\u00f3n con el juego <a href=\"https:\/\/boardgamegeek.com\/boardgame\/285774\/marvel-champions-card-game\"><strong>\u00a0Marvel Champions.<\/strong><\/a><\/p>\n<div class=\"moreinfo\"><strong>Material:<\/strong> Metacrilato opaco.<\/div>\n<div class=\"moreinfo\"><strong>Espesor:<\/strong>\u00a0 9 mm<\/div>\n<div class=\"moreinfo\"><strong>Tama\u00f1o:<\/strong> 12 x 5,5 cm<\/div>\n<div class=\"moreinfo\"><strong>Cantidad:\u00a0<\/strong>1 unidad<\/div>\n<div class=\"moreinfo\"><strong>Uso:<\/strong> Perfecto para cualquier juego de Superheroes.<\/div>\n<div>\u00a0<\/div>\n<p><strong><a href=\"https:\/\/boardgamegeek.com\/boardgame\/285774\/marvel-champions-card-game\">Marvel Champions<\/a> <\/strong>es un juego de \u00a0<a href=\"https:\/\/boardgamegeek.com\/boardgamedesigner\/119800\/michael-boggs\"><b>Michael Boggs<\/b><\/a>\u00a0\u00a0publicado por\u00a0<strong><a href=\"https:\/\/www.fantasyflightgames.com\/en\/index\/\">Fantasy Flight Games<\/a>.<\/strong>\u00a0<strong>Customeeple<\/strong>\u00a0 no mantiene ninguna relaci\u00f3n con esa compa\u00f1\u00eda y este producto no est\u00e1 de ninguna manera patrocinado por ellos.<\/p>\n","protected":false},"excerpt":{"rendered":"<p>Dial para juegos de super heroes<\/p>\n","protected":false},"featured_media":54354,"template":"","meta":{"_acf_changed":false},"product_brand":[],"product_cat":[1370,1648],"product_tag":[1713,1772,1734],"class_list":{"0":"post-54382","1":"product","2":"type-product","3":"status-publish","4":"has-post-thumbnail","6":"product_cat-customeeple-es","7":"product_cat-marvel-champions-es","8":"product_tag-batman-es","9":"product_tag-fantasy-flight-es","10":"product_tag-marvel-es","12":"first","13":"instock","14":"taxable","15":"shipping-taxable","16":"purchasable","17":"product-type-simple"},"exclude_global_add_ons":[],"addons":[],"acf":[],"_links":{"self":[{"href":"https:\/\/www.customeeple.com\/es\/wp-json\/wp\/v2\/product\/54382","targetHints":{"allow":["GET"]}}],"collection":[{"href":"https:\/\/www.customeeple.com\/es\/wp-json\/wp\/v2\/product"}],"about":[{"href":"https:\/\/www.customeeple.com\/es\/wp-json\/wp\/v2\/types\/product"}],"wp:featuredmedia":[{"embeddable":true,"href":"https:\/\/www.customeeple.com\/es\/wp-json\/wp\/v2\/media\/54354"}],"wp:attachment":[{"href":"https:\/\/www.customeeple.com\/es\/wp-json\/wp\/v2\/media?parent=54382"}],"wp:term":[{"taxonomy":"product_brand","embeddable":true,"href":"https:\/\/www.customeeple.com\/es\/wp-json\/wp\/v2\/product_brand?post=54382"},{"taxonomy":"product_cat","embeddable":true,"href":"https:\/\/www.customeeple.com\/es\/wp-json\/wp\/v2\/product_cat?post=54382"},{"taxonomy":"product_tag","embeddable":true,"href":"https:\/\/www.customeeple.com\/es\/wp-json\/wp\/v2\/product_tag?post=54382"}],"curies":[{"name":"wp","href":"https:\/\/api.w.org\/{rel}","templated":true}]}}