{"id":54307,"date":"2020-10-17T13:11:41","date_gmt":"2020-10-17T12:11:41","guid":{"rendered":"https:\/\/www.customeeple.com\/?post_type=product&#038;p=54307"},"modified":"2020-11-07T19:58:08","modified_gmt":"2020-11-07T18:58:08","slug":"convergence-of-dominion","status":"publish","type":"product","link":"https:\/\/www.customeeple.com\/es\/producto\/convergence-of-dominion\/","title":{"rendered":"Convergencia de Dominio"},"content":{"rendered":"<p>Los Acerostelares fueron desplegados en diferentes mundos como hitos territoriales y guardianes silenciosos por los celosos nobles Necrones. A lo largo de los milenios, se han convertido en olvidadas curiosidades arqueol\u00f3gicas o temidas fuentes de rumores y supersticiones sobre desapariciones y extra\u00f1as luces. Ahora han despertado al igual que sus se\u00f1ores.<\/p>\n<p>Esta Fortificaci\u00f3n de facci\u00f3n espec\u00edfica no solo da cobertura a tus Necrones seg\u00fan avanzan, sino que tambi\u00e9n da m\u00faltiples beneficios a las unidades cercanas. Cada uno de los tres Acerostelares que forman la Convergencia de Dominio est\u00e1 armado con un abductor transdimensional, una antigua arma perfecta para aniquilar a los enemigos que se atrevan a acercarse demasiado.<\/p>\n<p>Con este kit de 14 piezas de pl\u00e1stico puedes montar tres Acerostelares, los cuales forman una Convergencia de dominio.<\/p>\n","protected":false},"excerpt":{"rendered":"<p>Games Workshop miniature.<\/p>\n","protected":false},"featured_media":54292,"template":"","meta":{"_acf_changed":false},"product_brand":[],"product_cat":[1177,1180,1623,1229],"product_tag":[1179],"class_list":{"0":"post-54307","1":"product","2":"type-product","3":"status-publish","4":"has-post-thumbnail","6":"product_cat-games-workshop-es","7":"product_cat-retail-products-es","8":"product_cat-wargames-es-2","9":"product_cat-warhammer-40k-es","10":"product_tag-gamesworkshop-es","12":"first","13":"onbackorder","14":"sale","15":"taxable","16":"shipping-taxable","17":"purchasable","18":"product-type-simple"},"exclude_global_add_ons":[],"addons":[],"acf":[],"_links":{"self":[{"href":"https:\/\/www.customeeple.com\/es\/wp-json\/wp\/v2\/product\/54307","targetHints":{"allow":["GET"]}}],"collection":[{"href":"https:\/\/www.customeeple.com\/es\/wp-json\/wp\/v2\/product"}],"about":[{"href":"https:\/\/www.customeeple.com\/es\/wp-json\/wp\/v2\/types\/product"}],"wp:featuredmedia":[{"embeddable":true,"href":"https:\/\/www.customeeple.com\/es\/wp-json\/wp\/v2\/media\/54292"}],"wp:attachment":[{"href":"https:\/\/www.customeeple.com\/es\/wp-json\/wp\/v2\/media?parent=54307"}],"wp:term":[{"taxonomy":"product_brand","embeddable":true,"href":"https:\/\/www.customeeple.com\/es\/wp-json\/wp\/v2\/product_brand?post=54307"},{"taxonomy":"product_cat","embeddable":true,"href":"https:\/\/www.customeeple.com\/es\/wp-json\/wp\/v2\/product_cat?post=54307"},{"taxonomy":"product_tag","embeddable":true,"href":"https:\/\/www.customeeple.com\/es\/wp-json\/wp\/v2\/product_tag?post=54307"}],"curies":[{"name":"wp","href":"https:\/\/api.w.org\/{rel}","templated":true}]}}