{"id":54305,"date":"2020-10-17T13:07:27","date_gmt":"2020-10-17T12:07:27","guid":{"rendered":"https:\/\/www.customeeple.com\/?post_type=product&#038;p=54305"},"modified":"2020-11-07T19:58:18","modified_gmt":"2020-11-07T18:58:18","slug":"primaris-techmarine","status":"publish","type":"product","link":"https:\/\/www.customeeple.com\/es\/producto\/primaris-techmarine\/","title":{"rendered":"Tecnomarine Primaris"},"content":{"rendered":"<div id=\"tabs\" class=\"responsive-tabs tabs\">\n<div id=\"description\" class=\"tabs__panel tabs__state--active\">\n<div class=\"legacy-tab legacy-tab--description\">\n<div class=\"tab-panel__column\">\n<p>Los Tecnomarines Primaris marchan abnegados entren las r\u00e1fagas de fuego enemigas para calmar los esp\u00edritus m\u00e1quina de los ingenios de guerra heridos en la liza, retirando la armadura da\u00f1ada con sus expertos servobrazos y mecadendritas para reparar cables quemados y paneles disformes.<\/p>\n<p>Los Tecnomarines est\u00e1n especializados en reparaciones de tanques y m\u00e1quinas de guerra, as\u00ed que si te gusta luchar con ellos, no salgas de casa sin un par de Tecnomarines para mantener a tu ej\u00e9rcito en plena forma.<br \/>\nCon este kit puedes montar un Tecnomarine Primaris. Est\u00e1 equipado con una pistola grav, un hacha de energ\u00eda omnissiana, un servobrazo, mecadendritas y un b\u00f3lter de forja montado al hombro. Incluye 24 piezas de pl\u00e1stico y una peana redonda Citadel de 40 mm.<\/p>\n<\/div>\n<\/div>\n<\/div>\n<\/div>\n<div class=\"interactive-content-item-slot\"><\/div>\n","protected":false},"excerpt":{"rendered":"<p>Games Workshop Miniature.<\/p>\n","protected":false},"featured_media":54298,"template":"","meta":{"_acf_changed":false},"product_brand":[],"product_cat":[1177,1180,1372,1623,1229],"product_tag":[1179],"class_list":{"0":"post-54305","1":"product","2":"type-product","3":"status-publish","4":"has-post-thumbnail","6":"product_cat-games-workshop-es","7":"product_cat-retail-products-es","8":"product_cat-sci-fi-es","9":"product_cat-wargames-es-2","10":"product_cat-warhammer-40k-es","11":"product_tag-gamesworkshop-es","13":"first","14":"onbackorder","15":"sale","16":"taxable","17":"shipping-taxable","18":"purchasable","19":"product-type-simple"},"exclude_global_add_ons":[],"addons":[],"acf":[],"_links":{"self":[{"href":"https:\/\/www.customeeple.com\/es\/wp-json\/wp\/v2\/product\/54305","targetHints":{"allow":["GET"]}}],"collection":[{"href":"https:\/\/www.customeeple.com\/es\/wp-json\/wp\/v2\/product"}],"about":[{"href":"https:\/\/www.customeeple.com\/es\/wp-json\/wp\/v2\/types\/product"}],"wp:featuredmedia":[{"embeddable":true,"href":"https:\/\/www.customeeple.com\/es\/wp-json\/wp\/v2\/media\/54298"}],"wp:attachment":[{"href":"https:\/\/www.customeeple.com\/es\/wp-json\/wp\/v2\/media?parent=54305"}],"wp:term":[{"taxonomy":"product_brand","embeddable":true,"href":"https:\/\/www.customeeple.com\/es\/wp-json\/wp\/v2\/product_brand?post=54305"},{"taxonomy":"product_cat","embeddable":true,"href":"https:\/\/www.customeeple.com\/es\/wp-json\/wp\/v2\/product_cat?post=54305"},{"taxonomy":"product_tag","embeddable":true,"href":"https:\/\/www.customeeple.com\/es\/wp-json\/wp\/v2\/product_tag?post=54305"}],"curies":[{"name":"wp","href":"https:\/\/api.w.org\/{rel}","templated":true}]}}