{"id":54302,"date":"2020-10-17T12:48:59","date_gmt":"2020-10-17T11:48:59","guid":{"rendered":"https:\/\/www.customeeple.com\/?post_type=product&#038;p=54302"},"modified":"2020-11-07T19:58:33","modified_gmt":"2020-11-07T18:58:33","slug":"hammerfall-bunker","status":"publish","type":"product","link":"https:\/\/www.customeeple.com\/es\/producto\/hammerfall-bunker\/","title":{"rendered":"Torreta de Desembarco Hammerfall"},"content":{"rendered":"<p>Las Torretas de desembarco Hammerfall se lanzan desde las naves de guerra de los Marines Espaciales igual que las c\u00e1psulas de desembarco. Estos recursos de negaci\u00f3n de area automatizados est\u00e1n tripulados por ciberservidores y desempe\u00f1an todo tipo de funciones sobre el campo de batalla, desde asegurar cabezas de puente hasta desbaratar ataques y sembrar el caos en la retaguardia enemiga.<\/p>\n<p>La Torreta de desembarco Hammerfall ofrece a tu ej\u00e9rcito de Marines Espaciales una implacable potencia de fuego all\u00ed donde m\u00e1s la necesites. Adem\u00e1s de su lanzamisiles Hammerfall, cada torreta est\u00e1 equipada con un lanzallamas pesado y una matriz de b\u00f3lteres pesados, lo que te permitir\u00e1 aplastar a las unidades enemigas cercanas, independientemente de su direcci\u00f3n o estrategia.<\/p>\n<p>Con este kit puedes montar una Torreta de desembarco Hammerfal. Incluye un lanzallamas pesado y una matriz de b\u00f3lteres pesados Hammerfall, as\u00ed como 64 piezas de pl\u00e1stico.<\/p>\n","protected":false},"excerpt":{"rendered":"<p>Games Workshop boardgame.<\/p>\n","protected":false},"featured_media":54286,"template":"","meta":{"_acf_changed":false},"product_brand":[],"product_cat":[1177,1180,1372,1623,1229],"product_tag":[1422,1264,1179,785],"class_list":{"0":"post-54302","1":"product","2":"type-product","3":"status-publish","4":"has-post-thumbnail","6":"product_cat-games-workshop-es","7":"product_cat-retail-products-es","8":"product_cat-sci-fi-es","9":"product_cat-wargames-es-2","10":"product_cat-warhammer-40k-es","11":"product_tag-40000-es","12":"product_tag-boardgame-es","13":"product_tag-gamesworkshop-es","14":"product_tag-wargame-es-2","16":"first","17":"onbackorder","18":"sale","19":"taxable","20":"shipping-taxable","21":"purchasable","22":"product-type-simple"},"exclude_global_add_ons":[],"addons":[],"acf":[],"_links":{"self":[{"href":"https:\/\/www.customeeple.com\/es\/wp-json\/wp\/v2\/product\/54302","targetHints":{"allow":["GET"]}}],"collection":[{"href":"https:\/\/www.customeeple.com\/es\/wp-json\/wp\/v2\/product"}],"about":[{"href":"https:\/\/www.customeeple.com\/es\/wp-json\/wp\/v2\/types\/product"}],"wp:featuredmedia":[{"embeddable":true,"href":"https:\/\/www.customeeple.com\/es\/wp-json\/wp\/v2\/media\/54286"}],"wp:attachment":[{"href":"https:\/\/www.customeeple.com\/es\/wp-json\/wp\/v2\/media?parent=54302"}],"wp:term":[{"taxonomy":"product_brand","embeddable":true,"href":"https:\/\/www.customeeple.com\/es\/wp-json\/wp\/v2\/product_brand?post=54302"},{"taxonomy":"product_cat","embeddable":true,"href":"https:\/\/www.customeeple.com\/es\/wp-json\/wp\/v2\/product_cat?post=54302"},{"taxonomy":"product_tag","embeddable":true,"href":"https:\/\/www.customeeple.com\/es\/wp-json\/wp\/v2\/product_tag?post=54302"}],"curies":[{"name":"wp","href":"https:\/\/api.w.org\/{rel}","templated":true}]}}