{"id":54300,"date":"2020-10-17T12:48:21","date_gmt":"2020-10-17T11:48:21","guid":{"rendered":"https:\/\/www.customeeple.com\/?post_type=product&#038;p=54300"},"modified":"2020-11-07T19:58:45","modified_gmt":"2020-11-07T18:58:45","slug":"ophydian-destroyers","status":"publish","type":"product","link":"https:\/\/www.customeeple.com\/es\/producto\/ophydian-destroyers\/","title":{"rendered":"Destructores ofidianos"},"content":{"rendered":"<p>Los Destructores ofidianos, nausebundos para los dem\u00e1s necrones, incorporan, en sus cuerpos pensados para matar, elementos de Espectros can\u00f3pticos serviles y Desolladores. Excavan t\u00faneles en el ferrocemento s\u00f3lido para moverse velozmente con violencia desenfrenada y estallidos de desplazamientos dimensionales hasta sair a la superficie y atrapar, machetear y desmembrar a sus presas.<\/p>\n<p>\u00c1brete paso destrozando a las unidades enemigas con los Destructores ofidianos. Pocos oponentes sobreviven a los ataques de sus armas hiperfase y de sus garras. Puedes acompa\u00f1ar a tu unidad con un Plasmacita que potenciar\u00e1 a los Destructores. El kit viene con seis cabezas distintas, para que puedas personalizarlos.<\/p>\n<p>Con este kit de 57 piezas de pl\u00e1stico puedes montar 3 Destructores ofidianos y 1 Plasmacita. Incluye 3 peanas redondas Citadel de 50 mm y 1 peana redonda Citadel de 28,5 mm.<\/p>\n","protected":false},"excerpt":{"rendered":"<p>Games Workshop miniatures.<\/p>\n","protected":false},"featured_media":54296,"template":"","meta":{"_acf_changed":false},"product_brand":[],"product_cat":[1177,1180,1372,1623,1229],"product_tag":[1179,1223],"class_list":{"0":"post-54300","1":"product","2":"type-product","3":"status-publish","4":"has-post-thumbnail","6":"product_cat-games-workshop-es","7":"product_cat-retail-products-es","8":"product_cat-sci-fi-es","9":"product_cat-wargames-es-2","10":"product_cat-warhammer-40k-es","11":"product_tag-gamesworkshop-es","12":"product_tag-spacemarines-es","14":"first","15":"onbackorder","16":"sale","17":"taxable","18":"shipping-taxable","19":"purchasable","20":"product-type-simple"},"exclude_global_add_ons":[],"addons":[],"acf":[],"_links":{"self":[{"href":"https:\/\/www.customeeple.com\/es\/wp-json\/wp\/v2\/product\/54300","targetHints":{"allow":["GET"]}}],"collection":[{"href":"https:\/\/www.customeeple.com\/es\/wp-json\/wp\/v2\/product"}],"about":[{"href":"https:\/\/www.customeeple.com\/es\/wp-json\/wp\/v2\/types\/product"}],"wp:featuredmedia":[{"embeddable":true,"href":"https:\/\/www.customeeple.com\/es\/wp-json\/wp\/v2\/media\/54296"}],"wp:attachment":[{"href":"https:\/\/www.customeeple.com\/es\/wp-json\/wp\/v2\/media?parent=54300"}],"wp:term":[{"taxonomy":"product_brand","embeddable":true,"href":"https:\/\/www.customeeple.com\/es\/wp-json\/wp\/v2\/product_brand?post=54300"},{"taxonomy":"product_cat","embeddable":true,"href":"https:\/\/www.customeeple.com\/es\/wp-json\/wp\/v2\/product_cat?post=54300"},{"taxonomy":"product_tag","embeddable":true,"href":"https:\/\/www.customeeple.com\/es\/wp-json\/wp\/v2\/product_tag?post=54300"}],"curies":[{"name":"wp","href":"https:\/\/api.w.org\/{rel}","templated":true}]}}