{"id":54245,"date":"2020-10-10T14:06:28","date_gmt":"2020-10-10T13:06:28","guid":{"rendered":"https:\/\/www.customeeple.com\/?post_type=product&#038;p=54245"},"modified":"2020-10-17T13:03:08","modified_gmt":"2020-10-17T12:03:08","slug":"necron-skorpekh-destroyers","status":"publish","type":"product","link":"https:\/\/www.customeeple.com\/es\/producto\/necron-skorpekh-destroyers\/","title":{"rendered":"Destructores Skorpekh"},"content":{"rendered":"<p>Avanzando a pasos agigantados, con sus miembros armados creando un torbellino de sangre y v\u00edsceras, los Destructores Skorpekh alimentan su necesidad de matar cuando se lanzan al campo de batalla. Nada m\u00e1s puede anular el deseo de matar que da poder a estos Necrones trastornados.<\/p>\n<p>Los Plasmacitas Can\u00f3pticos usan su prob\u00f3scide monomolecular para inyectar una energ\u00eda infecciosa y sensible en los desequilibrados miembros de los Cultos de Destructores. Esta odiosa sustancia, tan peligrosa como poderosa, aumenta su locura nihilista y lleva su aniquilaci\u00f3n sin sentido a nuevas alturas.<\/p>\n<p>Los Destructores Skorpekh est\u00e1n entre los m\u00e1s letales asesinos en combate de las filas de las legiones necronas. Si lo que buscas es hacer pedazos al ej\u00e9rcito enemigo, no busques m\u00e1s all\u00e1 de estos gloriosos y locos asesinos, \u00a1cuya destreza para matar puedes ampliar a\u00fan m\u00e1s con la atenci\u00f3n de los Plasmacitas!<\/p>\n<p>Este kit contiene tres Destructores Skorpekh, dos armados con trilladoras de hiperfase y uno con una hojasegadora de hiperfase, as\u00ed como un Plasmacita. Su f\u00e1cil montaje a presi\u00f3n implica que no necesitar\u00e1s ning\u00fan pegamento para montarlo. El kit consta de 29 componentes de pl\u00e1stico y viene con tres peanas redondas Citadel de 50mm de agujero hexagonal y una peana redonda Citadel de 28.5mm de agujero hexagona<\/p>\n","protected":false},"excerpt":{"rendered":"<p>Games Workshop miniatures.<\/p>\n","protected":false},"featured_media":54161,"template":"","meta":{"_acf_changed":false},"product_brand":[],"product_cat":[1177,1180,1372,1623,1229],"product_tag":[1179,1223],"class_list":{"0":"post-54245","1":"product","2":"type-product","3":"status-publish","4":"has-post-thumbnail","6":"product_cat-games-workshop-es","7":"product_cat-retail-products-es","8":"product_cat-sci-fi-es","9":"product_cat-wargames-es-2","10":"product_cat-warhammer-40k-es","11":"product_tag-gamesworkshop-es","12":"product_tag-spacemarines-es","14":"first","15":"onbackorder","16":"sale","17":"taxable","18":"shipping-taxable","19":"purchasable","20":"product-type-simple"},"exclude_global_add_ons":[],"addons":[],"acf":[],"_links":{"self":[{"href":"https:\/\/www.customeeple.com\/es\/wp-json\/wp\/v2\/product\/54245","targetHints":{"allow":["GET"]}}],"collection":[{"href":"https:\/\/www.customeeple.com\/es\/wp-json\/wp\/v2\/product"}],"about":[{"href":"https:\/\/www.customeeple.com\/es\/wp-json\/wp\/v2\/types\/product"}],"wp:featuredmedia":[{"embeddable":true,"href":"https:\/\/www.customeeple.com\/es\/wp-json\/wp\/v2\/media\/54161"}],"wp:attachment":[{"href":"https:\/\/www.customeeple.com\/es\/wp-json\/wp\/v2\/media?parent=54245"}],"wp:term":[{"taxonomy":"product_brand","embeddable":true,"href":"https:\/\/www.customeeple.com\/es\/wp-json\/wp\/v2\/product_brand?post=54245"},{"taxonomy":"product_cat","embeddable":true,"href":"https:\/\/www.customeeple.com\/es\/wp-json\/wp\/v2\/product_cat?post=54245"},{"taxonomy":"product_tag","embeddable":true,"href":"https:\/\/www.customeeple.com\/es\/wp-json\/wp\/v2\/product_tag?post=54245"}],"curies":[{"name":"wp","href":"https:\/\/api.w.org\/{rel}","templated":true}]}}