{"id":54243,"date":"2020-10-10T14:00:06","date_gmt":"2020-10-10T13:00:06","guid":{"rendered":"https:\/\/www.customeeple.com\/?post_type=product&#038;p=54243"},"modified":"2024-07-14T00:00:10","modified_gmt":"2024-07-13T23:00:10","slug":"necron-hexmark-destroyer","status":"publish","type":"product","link":"https:\/\/www.customeeple.com\/es\/producto\/necron-hexmark-destroyer\/","title":{"rendered":"Destructor Maldicida Necron"},"content":{"rendered":"<p>Los Destructores Maldicidas, que antes fueron Omnicidas, irrumpen y emboscan desde sus grietas dimensionales como monstruosos depredadores jorobados que desatan ineludibles r\u00e1fagas de fuego sobre el enemigo. Sus apuntadores oculares independientes y patrones de disparo optimizados no dejan a sus presas escapatoria alguna.<\/p>\n<p>Con una potencia de fuego a corta distancia casi inigualable, cada Destructor Maldicida es como una bater\u00eda de ca\u00f1ones m\u00f3vil, capaz de abrirse camino entre las hordas de infanter\u00eda enemiga con total impunidad. Si quieres apoyar tu avance o apuntalar un flanco con un formidable fuego de apoyo, el Destructor Maldicida siempre te servir\u00e1 bien.<\/p>\n<p>Con este kit, en el que vienen dos opciones de cabeza, puedes montar un \u00fanico Destructor Maldicida armado con seis pistolas desintegradoras em\u00edticas. El kit consta de 19 piezas de pl\u00e1stico y una peana redonda Citadel de 50 mm.<\/p>\n","protected":false},"excerpt":{"rendered":"<p>Games Workshop Miniature.<\/p>\n","protected":false},"featured_media":54165,"template":"","meta":{"_acf_changed":false},"product_brand":[],"product_cat":[1177,1180,1372,1623,1229],"product_tag":[1179],"class_list":{"0":"post-54243","1":"product","2":"type-product","3":"status-publish","4":"has-post-thumbnail","6":"product_cat-games-workshop-es","7":"product_cat-retail-products-es","8":"product_cat-sci-fi-es","9":"product_cat-wargames-es-2","10":"product_cat-warhammer-40k-es","11":"product_tag-gamesworkshop-es","13":"first","14":"onbackorder","15":"sale","16":"taxable","17":"shipping-taxable","18":"purchasable","19":"product-type-simple"},"exclude_global_add_ons":[],"addons":[],"acf":[],"_links":{"self":[{"href":"https:\/\/www.customeeple.com\/es\/wp-json\/wp\/v2\/product\/54243","targetHints":{"allow":["GET"]}}],"collection":[{"href":"https:\/\/www.customeeple.com\/es\/wp-json\/wp\/v2\/product"}],"about":[{"href":"https:\/\/www.customeeple.com\/es\/wp-json\/wp\/v2\/types\/product"}],"wp:featuredmedia":[{"embeddable":true,"href":"https:\/\/www.customeeple.com\/es\/wp-json\/wp\/v2\/media\/54165"}],"wp:attachment":[{"href":"https:\/\/www.customeeple.com\/es\/wp-json\/wp\/v2\/media?parent=54243"}],"wp:term":[{"taxonomy":"product_brand","embeddable":true,"href":"https:\/\/www.customeeple.com\/es\/wp-json\/wp\/v2\/product_brand?post=54243"},{"taxonomy":"product_cat","embeddable":true,"href":"https:\/\/www.customeeple.com\/es\/wp-json\/wp\/v2\/product_cat?post=54243"},{"taxonomy":"product_tag","embeddable":true,"href":"https:\/\/www.customeeple.com\/es\/wp-json\/wp\/v2\/product_tag?post=54243"}],"curies":[{"name":"wp","href":"https:\/\/api.w.org\/{rel}","templated":true}]}}