{"id":54222,"date":"2020-10-10T13:24:56","date_gmt":"2020-10-10T12:24:56","guid":{"rendered":"https:\/\/www.customeeple.com\/?post_type=product&#038;p=54222"},"modified":"2020-11-07T20:00:42","modified_gmt":"2020-11-07T19:00:42","slug":"endrinmaster-with-dirigible-suit-pre-order","status":"publish","type":"product","link":"https:\/\/www.customeeple.com\/es\/producto\/endrinmaster-with-dirigible-suit-pre-order\/","title":{"rendered":"Endrinmaster con armadura dirigible"},"content":{"rendered":"<p>Muchos Endrinmasters surcan los cielos con armaduras dirigibles dise\u00f1adas por expertos, y sus a\u00e9terturbinas les permiten volar por el aire hacia los aerobajeles que necesitan reparaci\u00f3n, mientras hacen estallar a sus enemigos en pedazos con sus armas incorporadas.<\/p>\n<p>Reparar aerobajeles, llevar a tus Endrinriggers a la batalla, derribar monstruos: no hay una tarea que no pueda llevar a cabo el Endrinmaster con armadura dirigible. Este personaje altamente vers\u00e1til de los Kharadron Overlords es ideal para listas a\u00e9reas con muchos arobajeles, Endrinriggers y Skywardens, o simplemente un proyecto de pintura gratificante.<\/p>\n<p>Este kit se suministra en 26 piezas de pl\u00e1stico y viene con una peana redonda de 50 mm.<\/p>\n","protected":false},"excerpt":{"rendered":"<p>Games Workshop boardgame.<\/p>\n","protected":false},"featured_media":54167,"template":"","meta":{"_acf_changed":false},"product_brand":[],"product_cat":[1400,1177,1180,1623,1654],"product_tag":[1264,1179,785],"class_list":{"0":"post-54222","1":"product","2":"type-product","3":"status-publish","4":"has-post-thumbnail","6":"product_cat-fantasia","7":"product_cat-games-workshop-es","8":"product_cat-retail-products-es","9":"product_cat-wargames-es-2","10":"product_cat-warhammer-age-of-sigmar-es-2","11":"product_tag-boardgame-es","12":"product_tag-gamesworkshop-es","13":"product_tag-wargame-es-2","14":"pa_language-in","15":"pa_language-spanish","17":"first","18":"onbackorder","19":"sale","20":"taxable","21":"shipping-taxable","22":"purchasable","23":"product-type-simple"},"exclude_global_add_ons":[],"addons":[],"acf":[],"_links":{"self":[{"href":"https:\/\/www.customeeple.com\/es\/wp-json\/wp\/v2\/product\/54222","targetHints":{"allow":["GET"]}}],"collection":[{"href":"https:\/\/www.customeeple.com\/es\/wp-json\/wp\/v2\/product"}],"about":[{"href":"https:\/\/www.customeeple.com\/es\/wp-json\/wp\/v2\/types\/product"}],"wp:featuredmedia":[{"embeddable":true,"href":"https:\/\/www.customeeple.com\/es\/wp-json\/wp\/v2\/media\/54167"}],"wp:attachment":[{"href":"https:\/\/www.customeeple.com\/es\/wp-json\/wp\/v2\/media?parent=54222"}],"wp:term":[{"taxonomy":"product_brand","embeddable":true,"href":"https:\/\/www.customeeple.com\/es\/wp-json\/wp\/v2\/product_brand?post=54222"},{"taxonomy":"product_cat","embeddable":true,"href":"https:\/\/www.customeeple.com\/es\/wp-json\/wp\/v2\/product_cat?post=54222"},{"taxonomy":"product_tag","embeddable":true,"href":"https:\/\/www.customeeple.com\/es\/wp-json\/wp\/v2\/product_tag?post=54222"}],"curies":[{"name":"wp","href":"https:\/\/api.w.org\/{rel}","templated":true}]}}