{"id":54211,"date":"2020-10-10T12:42:15","date_gmt":"2020-10-10T11:42:15","guid":{"rendered":"https:\/\/www.customeeple.com\/?post_type=product&#038;p=54211"},"modified":"2024-07-14T00:00:10","modified_gmt":"2024-07-13T23:00:10","slug":"primaris-chaplain-on-bike","status":"publish","type":"product","link":"https:\/\/www.customeeple.com\/es\/producto\/primaris-chaplain-on-bike\/","title":{"rendered":"Capell\u00e1n Primaris en moto"},"content":{"rendered":"<p>Cuando un Capell\u00e1n se lanza al terreno sobre una moto Raider, puede alcanzar incluso a las avanzadillas armadas m\u00e1s veloces o liderar un avance. Cuando luche, inspirar\u00e1 a sus hermanos a la victoria recitando sus catequismos y cargando de cabeza contra el enemigo, guarecido por su crozius arcanum.<\/p>\n<p>La ortodoxia ahora va sobre ruedas. Todo jugador de Marines Espaciales conoce el valor del Capell\u00e1n, puesto que este mejora a las tropas vecinas con una gama de poderosas habilidades. Pero, \u00bfc\u00f3mo mantienes el paso de los elementos m\u00e1s veloces del ej\u00e9rcito? F\u00e1cil: con uno de estos. El Capell\u00e1n Primaris sobre Moto es mitad componente t\u00e1ctico, mitad cometa de furia sacrosanta con revestimiento de ceramita, pero sobre todo es el acompa\u00f1ante ideal para Escoltas e Incursores.<\/p>\n<p>Este juego monta un Capell\u00e1n Primaris sobre moto. Incluye cabezas con y sin casco. Incluye 33 piezas de pl\u00e1stico y una peana ovalada de 90 mm, as\u00ed como una hoja de calcoman\u00edas Primaris.<\/p>\n","protected":false},"excerpt":{"rendered":"<p>Space Marine Razorback.<\/p>\n","protected":false},"featured_media":54185,"template":"","meta":{"_acf_changed":false},"product_brand":[],"product_cat":[1177,1180,1372,1623,1229],"product_tag":[1179,1223],"class_list":{"0":"post-54211","1":"product","2":"type-product","3":"status-publish","4":"has-post-thumbnail","6":"product_cat-games-workshop-es","7":"product_cat-retail-products-es","8":"product_cat-sci-fi-es","9":"product_cat-wargames-es-2","10":"product_cat-warhammer-40k-es","11":"product_tag-gamesworkshop-es","12":"product_tag-spacemarines-es","14":"first","15":"onbackorder","16":"sale","17":"taxable","18":"shipping-taxable","19":"purchasable","20":"product-type-simple"},"exclude_global_add_ons":[],"addons":[],"acf":[],"_links":{"self":[{"href":"https:\/\/www.customeeple.com\/es\/wp-json\/wp\/v2\/product\/54211","targetHints":{"allow":["GET"]}}],"collection":[{"href":"https:\/\/www.customeeple.com\/es\/wp-json\/wp\/v2\/product"}],"about":[{"href":"https:\/\/www.customeeple.com\/es\/wp-json\/wp\/v2\/types\/product"}],"wp:featuredmedia":[{"embeddable":true,"href":"https:\/\/www.customeeple.com\/es\/wp-json\/wp\/v2\/media\/54185"}],"wp:attachment":[{"href":"https:\/\/www.customeeple.com\/es\/wp-json\/wp\/v2\/media?parent=54211"}],"wp:term":[{"taxonomy":"product_brand","embeddable":true,"href":"https:\/\/www.customeeple.com\/es\/wp-json\/wp\/v2\/product_brand?post=54211"},{"taxonomy":"product_cat","embeddable":true,"href":"https:\/\/www.customeeple.com\/es\/wp-json\/wp\/v2\/product_cat?post=54211"},{"taxonomy":"product_tag","embeddable":true,"href":"https:\/\/www.customeeple.com\/es\/wp-json\/wp\/v2\/product_tag?post=54211"}],"curies":[{"name":"wp","href":"https:\/\/api.w.org\/{rel}","templated":true}]}}