{"id":54209,"date":"2020-10-10T12:23:49","date_gmt":"2020-10-10T11:23:50","guid":{"rendered":"https:\/\/www.customeeple.com\/?post_type=product&#038;p=54209"},"modified":"2020-10-10T12:31:16","modified_gmt":"2020-10-10T11:31:16","slug":"primaris-invader-atv","status":"publish","type":"product","link":"https:\/\/www.customeeple.com\/es\/producto\/primaris-invader-atv\/","title":{"rendered":"Escuadra de Quads Invader"},"content":{"rendered":"<p>La escuadra Invader es un veh\u00edculo todoterreno altamente adaptable, perfecto para adoptar un rol de reconocimiento agresivo. Equipado con un ca\u00f1\u00f3n de fusi\u00f3n o gatling de campa\u00f1a, puede ejecutar disparos r\u00e1pidos contra las partes m\u00e1s vulnerables de la l\u00ednea del enemigo, o atacar y destruir r\u00e1pidamente a exploradores enemigos.<\/p>\n<p>Potencia de fuego a toda velocidad: la escuadra de Quads Invader te da las armas que quieres all\u00ed donde las necesitas. Este veh\u00edculo viene armado con el ca\u00f1\u00f3n de fusi\u00f3n machacatanques o con un ca\u00f1\u00f3n gatling de fusi\u00f3n aplastahordas, lo que lo hace ideal para acompa\u00f1ar a tus escoltas y otros elementos r\u00e1pidos de tu ej\u00e9rcito, o para reventar el punto m\u00e1s d\u00e9bil de tu enemigo mientras el grueso de tu ej\u00e9rcito aguanta posici\u00f3n.<\/p>\n<p>Este juego monta una Escuadra de Quads Invader. Incluye una gama de armas y cuenta con 45 piezas de pl\u00e1stico.<\/p>\n","protected":false},"excerpt":{"rendered":"<p>Warhammer 40,000 miniatures.<\/p>\n","protected":false},"featured_media":54149,"template":"","meta":{"_acf_changed":false},"product_brand":[],"product_cat":[1177,1180,1372,1623,1229],"product_tag":[1179],"class_list":{"0":"post-54209","1":"product","2":"type-product","3":"status-publish","4":"has-post-thumbnail","6":"product_cat-games-workshop-es","7":"product_cat-retail-products-es","8":"product_cat-sci-fi-es","9":"product_cat-wargames-es-2","10":"product_cat-warhammer-40k-es","11":"product_tag-gamesworkshop-es","12":"pa_language-in","13":"pa_language-spanish","15":"first","16":"onbackorder","17":"sale","18":"taxable","19":"shipping-taxable","20":"purchasable","21":"product-type-simple"},"exclude_global_add_ons":[],"addons":[],"acf":[],"_links":{"self":[{"href":"https:\/\/www.customeeple.com\/es\/wp-json\/wp\/v2\/product\/54209","targetHints":{"allow":["GET"]}}],"collection":[{"href":"https:\/\/www.customeeple.com\/es\/wp-json\/wp\/v2\/product"}],"about":[{"href":"https:\/\/www.customeeple.com\/es\/wp-json\/wp\/v2\/types\/product"}],"wp:featuredmedia":[{"embeddable":true,"href":"https:\/\/www.customeeple.com\/es\/wp-json\/wp\/v2\/media\/54149"}],"wp:attachment":[{"href":"https:\/\/www.customeeple.com\/es\/wp-json\/wp\/v2\/media?parent=54209"}],"wp:term":[{"taxonomy":"product_brand","embeddable":true,"href":"https:\/\/www.customeeple.com\/es\/wp-json\/wp\/v2\/product_brand?post=54209"},{"taxonomy":"product_cat","embeddable":true,"href":"https:\/\/www.customeeple.com\/es\/wp-json\/wp\/v2\/product_cat?post=54209"},{"taxonomy":"product_tag","embeddable":true,"href":"https:\/\/www.customeeple.com\/es\/wp-json\/wp\/v2\/product_tag?post=54209"}],"curies":[{"name":"wp","href":"https:\/\/api.w.org\/{rel}","templated":true}]}}