{"id":54193,"date":"2020-10-10T11:37:24","date_gmt":"2020-10-10T10:37:24","guid":{"rendered":"https:\/\/www.customeeple.com\/?post_type=product&#038;p=54193"},"modified":"2020-11-04T22:01:22","modified_gmt":"2020-11-04T21:01:22","slug":"szarekh-the-silent-king","status":"publish","type":"product","link":"https:\/\/www.customeeple.com\/es\/producto\/szarekh-the-silent-king\/","title":{"rendered":"Szarekh, el Rey Silente"},"content":{"rendered":"<p>El Rey Silente llega a la guerra a bordo de su propio Trono del Dominio, flanqueado por faerones de su Triarca y orbitado por menhires de noctilita. Desata sus poderes pseudodivinos para aniquilar a sus desfallecidos oponentes a medida que su autoridad absoluta lo desborda para empoderar a las legiones necronas en su camino a la inevitable victoria.<\/p>\n<p>\u00a1Mira, el Rey Silente ha retornado a la galaxia! Este es el personaje necr\u00f3n definitivo, Szarekh, que se merece un lugar en toda colecci\u00f3n. Utiliza sus aterradoras habilidades para mejorar las unidades de tu ej\u00e9rcito, aplastar a tus enemigos mediante ataques implacables o simplemente disfruta pintando su maravillosa miniatura.<\/p>\n<p>Este juego crea Szarekh, el Rey Silente, y dos menhires triarcales. Contiene 155 piezas de pl\u00e1stico, una peana redonda de 100 mm y dos peanas redondas de 50 mm.<\/p>\n","protected":false},"excerpt":{"rendered":"<p>Games Workshop miniatures.<\/p>\n","protected":false},"featured_media":54155,"template":"","meta":{"_acf_changed":false},"product_brand":[],"product_cat":[1177,1180,1372,1623,1229],"product_tag":[1605,1179],"class_list":{"0":"post-54193","1":"product","2":"type-product","3":"status-publish","4":"has-post-thumbnail","6":"product_cat-games-workshop-es","7":"product_cat-retail-products-es","8":"product_cat-sci-fi-es","9":"product_cat-wargames-es-2","10":"product_cat-warhammer-40k-es","11":"product_tag-chaos-knights-es","12":"product_tag-gamesworkshop-es","14":"first","15":"onbackorder","16":"sale","17":"taxable","18":"shipping-taxable","19":"purchasable","20":"product-type-simple"},"exclude_global_add_ons":[],"addons":[],"acf":[],"_links":{"self":[{"href":"https:\/\/www.customeeple.com\/es\/wp-json\/wp\/v2\/product\/54193","targetHints":{"allow":["GET"]}}],"collection":[{"href":"https:\/\/www.customeeple.com\/es\/wp-json\/wp\/v2\/product"}],"about":[{"href":"https:\/\/www.customeeple.com\/es\/wp-json\/wp\/v2\/types\/product"}],"wp:featuredmedia":[{"embeddable":true,"href":"https:\/\/www.customeeple.com\/es\/wp-json\/wp\/v2\/media\/54155"}],"wp:attachment":[{"href":"https:\/\/www.customeeple.com\/es\/wp-json\/wp\/v2\/media?parent=54193"}],"wp:term":[{"taxonomy":"product_brand","embeddable":true,"href":"https:\/\/www.customeeple.com\/es\/wp-json\/wp\/v2\/product_brand?post=54193"},{"taxonomy":"product_cat","embeddable":true,"href":"https:\/\/www.customeeple.com\/es\/wp-json\/wp\/v2\/product_cat?post=54193"},{"taxonomy":"product_tag","embeddable":true,"href":"https:\/\/www.customeeple.com\/es\/wp-json\/wp\/v2\/product_tag?post=54193"}],"curies":[{"name":"wp","href":"https:\/\/api.w.org\/{rel}","templated":true}]}}