{"id":54191,"date":"2020-10-10T11:30:00","date_gmt":"2020-10-10T10:30:00","guid":{"rendered":"https:\/\/www.customeeple.com\/?post_type=product&#038;p=54191"},"modified":"2020-10-10T11:33:19","modified_gmt":"2020-10-10T10:33:19","slug":"necron-lokhust-heavy-destroyer","status":"publish","type":"product","link":"https:\/\/www.customeeple.com\/es\/producto\/necron-lokhust-heavy-destroyer\/","title":{"rendered":"Destructor Pesado Lokhust Necron"},"content":{"rendered":"<p>Los Cultos de destructores no se lo piensan a la hora de sacrificar sus formas f\u00edsicas para optimizarse en la masacre. Estos Destructores Pesados Lokhust se deslizan en la batalla sobre cuerpo tirados por repulsores. Llevan los miembros superiores atados a destructores gauss o exterminadores em\u00edticos con los que aniquilan a sus oponentes con devastadores disparos desde la distancia.<\/p>\n<p>Tanto si necesitas decimar infanter\u00edas como machacar tanques, querr\u00e1s un Destructor Pesado Lokhust. Esta plataforma armada de movimiento r\u00e1pido se acopla perfectamente a otras unidades Destructoras o como componente \u00fanico en un ej\u00e9rcito que necesita potencia de fuego adicional.<\/p>\n<p>Este juego crea un Destructor Pesado Lokhust, y al ser de montaje f\u00e1cil, no necesitar\u00e1s pegamento. Incluye una gama de cabezas y armas mortales para que elijas la que m\u00e1s te guste. Contiene 33 piezas de pl\u00e1stico y una peana redonda de 60 mm.<\/p>\n","protected":false},"excerpt":{"rendered":"<p>Games Workshop Miniature.<\/p>\n","protected":false},"featured_media":54157,"template":"","meta":{"_acf_changed":false},"product_brand":[],"product_cat":[1177,1180,1372,1623,1229],"product_tag":[1179],"class_list":{"0":"post-54191","1":"product","2":"type-product","3":"status-publish","4":"has-post-thumbnail","6":"product_cat-games-workshop-es","7":"product_cat-retail-products-es","8":"product_cat-sci-fi-es","9":"product_cat-wargames-es-2","10":"product_cat-warhammer-40k-es","11":"product_tag-gamesworkshop-es","13":"first","14":"instock","15":"sale","16":"taxable","17":"shipping-taxable","18":"purchasable","19":"product-type-simple"},"exclude_global_add_ons":[],"addons":[],"acf":[],"_links":{"self":[{"href":"https:\/\/www.customeeple.com\/es\/wp-json\/wp\/v2\/product\/54191","targetHints":{"allow":["GET"]}}],"collection":[{"href":"https:\/\/www.customeeple.com\/es\/wp-json\/wp\/v2\/product"}],"about":[{"href":"https:\/\/www.customeeple.com\/es\/wp-json\/wp\/v2\/types\/product"}],"wp:featuredmedia":[{"embeddable":true,"href":"https:\/\/www.customeeple.com\/es\/wp-json\/wp\/v2\/media\/54157"}],"wp:attachment":[{"href":"https:\/\/www.customeeple.com\/es\/wp-json\/wp\/v2\/media?parent=54191"}],"wp:term":[{"taxonomy":"product_brand","embeddable":true,"href":"https:\/\/www.customeeple.com\/es\/wp-json\/wp\/v2\/product_brand?post=54191"},{"taxonomy":"product_cat","embeddable":true,"href":"https:\/\/www.customeeple.com\/es\/wp-json\/wp\/v2\/product_cat?post=54191"},{"taxonomy":"product_tag","embeddable":true,"href":"https:\/\/www.customeeple.com\/es\/wp-json\/wp\/v2\/product_tag?post=54191"}],"curies":[{"name":"wp","href":"https:\/\/api.w.org\/{rel}","templated":true}]}}