{"id":54187,"date":"2020-10-10T11:23:06","date_gmt":"2020-10-10T10:23:06","guid":{"rendered":"https:\/\/www.customeeple.com\/?post_type=product&#038;p=54187"},"modified":"2024-07-14T00:00:09","modified_gmt":"2024-07-13T23:00:09","slug":"necron-canoptek-doomstalker","status":"publish","type":"product","link":"https:\/\/www.customeeple.com\/es\/producto\/necron-canoptek-doomstalker\/","title":{"rendered":"Destructor Acechante Can\u00f3ptico Necron"},"content":{"rendered":"<p>Los Destructores Acechantes Can\u00f3pticos merodean con inquietante gracilidad. Tanto si acechan en las armer\u00edas de sus se\u00f1ores como centinelas incansables o si proporcionan soporte de fuego m\u00f3vil para las legiones necronas, los Destructores Acechantes aniquilan a quienes se atreven a oponerse a ellos con los disparos abrasadores de sus bl\u00e1ster del exterminio.<\/p>\n<p>\u00bfNecesitas que algo explote? Los Destructores Acechantes Can\u00f3pticos son la soluci\u00f3n. Estos enormes centinelas machacar\u00e1n a tus oponentes, acribill\u00e1ndolos con sus terror\u00edficos bl\u00e1ster del exterminio. Tambi\u00e9n son una excelente opci\u00f3n defensiva, pues ofrecen fuerza de fuego cuando las unidades vecinas son atacadas,<\/p>\n<p>Este juego crea un Destructor Acechante Can\u00f3ptico, y al ser de montaje f\u00e1cil, no necesitar\u00e1s pegamento. Incluye 14 piezas de pl\u00e1stico y una peana redonda de 90 mm.<\/p>\n","protected":false},"excerpt":{"rendered":"<p>Warhammer 40,000 miniatures.<\/p>\n","protected":false},"featured_media":54159,"template":"","meta":{"_acf_changed":false},"product_brand":[],"product_cat":[1177,1180,1372,1623,1229],"product_tag":[1179],"class_list":{"0":"post-54187","1":"product","2":"type-product","3":"status-publish","4":"has-post-thumbnail","6":"product_cat-games-workshop-es","7":"product_cat-retail-products-es","8":"product_cat-sci-fi-es","9":"product_cat-wargames-es-2","10":"product_cat-warhammer-40k-es","11":"product_tag-gamesworkshop-es","12":"pa_language-in","13":"pa_language-spanish","15":"first","16":"onbackorder","17":"sale","18":"taxable","19":"shipping-taxable","20":"purchasable","21":"product-type-simple"},"exclude_global_add_ons":[],"addons":[],"acf":[],"_links":{"self":[{"href":"https:\/\/www.customeeple.com\/es\/wp-json\/wp\/v2\/product\/54187","targetHints":{"allow":["GET"]}}],"collection":[{"href":"https:\/\/www.customeeple.com\/es\/wp-json\/wp\/v2\/product"}],"about":[{"href":"https:\/\/www.customeeple.com\/es\/wp-json\/wp\/v2\/types\/product"}],"wp:featuredmedia":[{"embeddable":true,"href":"https:\/\/www.customeeple.com\/es\/wp-json\/wp\/v2\/media\/54159"}],"wp:attachment":[{"href":"https:\/\/www.customeeple.com\/es\/wp-json\/wp\/v2\/media?parent=54187"}],"wp:term":[{"taxonomy":"product_brand","embeddable":true,"href":"https:\/\/www.customeeple.com\/es\/wp-json\/wp\/v2\/product_brand?post=54187"},{"taxonomy":"product_cat","embeddable":true,"href":"https:\/\/www.customeeple.com\/es\/wp-json\/wp\/v2\/product_cat?post=54187"},{"taxonomy":"product_tag","embeddable":true,"href":"https:\/\/www.customeeple.com\/es\/wp-json\/wp\/v2\/product_tag?post=54187"}],"curies":[{"name":"wp","href":"https:\/\/api.w.org\/{rel}","templated":true}]}}