{"id":54119,"date":"2020-10-06T11:20:30","date_gmt":"2020-10-06T10:20:30","guid":{"rendered":"https:\/\/www.customeeple.com\/?post_type=product&#038;p=54119"},"modified":"2020-10-07T09:39:30","modified_gmt":"2020-10-07T08:39:30","slug":"marvel-champions-the-rise-of-red-skull-compatible-insert-20-x-7-x-20-cm","status":"publish","type":"product","link":"https:\/\/www.customeeple.com\/es\/producto\/marvel-champions-the-rise-of-red-skull-compatible-insert-20-x-7-x-20-cm\/","title":{"rendered":"Marvel champions: The Rise of Red Skull compatible Insert (20 x 7 x 20 cm)"},"content":{"rendered":"<p>\u00bfEst\u00e1s cansado de los huecos de aire en las cajas de los juegos?\u00bfjuegos que vienen con insertos que molestan m\u00e1s que organizan? Esta es tu soluci\u00f3n, compra tu propio inserto a medida. Nunca m\u00e1s rodar\u00e1n las piezas por la caja y podr\u00e1s tener organizadas las cartas de un juego. Este inserto esta pensado para encajar en la caja de la expansi\u00f3n de \u00a0<strong><a href=\"http:\/\/www.fantasyflightgames.es\/juegos\/articulo\/marvel_champions\/la_tirania_de_craneo_rojo\">Marvel champions: La Tiran\u00eda de Cr\u00e1neo Rojo<\/a>\u00a0<\/strong><a href=\"https:\/\/www.fantasyflightgames.com\/en\/news\/2018\/10\/10\/children-of-the-empire\/\"><strong>\u00a0<\/strong><\/a>para que puedas tener todas las cartas de esa y otras expansiones ordenadas. El inserto separa la caja en dos columnas de 9,4 cm para alojar cartas e incluye tres separadores dobles y 4 individuales. Podemos fabricar f\u00e1cilmente insertos en otros tama\u00f1os, solo<strong>\u00a0<\/strong><strong><a href=\"..\/contact-us\/\">contacta con nosotros<\/a>.<\/strong><\/p>\n<div class=\"moreinfo\"><strong>Material: <\/strong>DM<\/p>\n<p dir=\"ltr\"><strong>Espesor:<\/strong> 2,5 mm<\/p>\n<p dir=\"ltr\"><strong>Tama\u00f1o:<\/strong> 20 x 7 x 20 cm<\/p>\n<p dir=\"ltr\"><strong>Cantidad:<\/strong> 1 inserto y 7 separadores<\/p>\n<p><strong><a href=\"http:\/\/www.fantasyflightgames.es\/juegos\/articulo\/marvel_champions\/la_tirania_de_craneo_rojo\">Marvel champions: La Tiran\u00eda de Cr\u00e1neo Rojo<\/a><a href=\"https:\/\/www.fantasyflightgames.com\/en\/news\/2018\/10\/10\/children-of-the-empire\/\">\u00a0<\/a><\/strong>\u00a0es un juego publicado por <strong><a title=\"Fantasy Flight Games\" href=\"https:\/\/boardgamegeek.com\/boardgamepublisher\/17\/fantasy-flight-games\">Fantasy Flight Games<\/a>\u00a0<\/strong>. <strong>Customeeple<\/strong>\u00a0no mantiene ninguna relaci\u00f3n con esta compa\u00f1\u00eda y este producto no esta apoyado por ellos de ninguna forma.<\/div>\n<div class=\"infopreorder\"><strong>Nota:<\/strong> Este inserto se vende sin montar. necesitaras pegamento para montarlo<\/div>\n","protected":false},"excerpt":{"rendered":"<p>Un resistente inserto pensado para cajas de <strong>20 x 7 x 20 cm<\/strong><\/p>\n","protected":false},"featured_media":54121,"template":"","meta":{"_acf_changed":false},"product_brand":[],"product_cat":[191,1370,1395,1648,1391],"product_tag":[332,2091],"class_list":{"0":"post-54119","1":"product","2":"type-product","3":"status-publish","4":"has-post-thumbnail","6":"product_cat-accesorios","7":"product_cat-customeeple-es","8":"product_cat-insertos","9":"product_cat-marvel-champions-es","10":"product_cat-deck-holders-es","11":"product_tag-insert-es","12":"product_tag-lcg-es","14":"first","15":"instock","16":"taxable","17":"shipping-taxable","18":"purchasable","19":"product-type-simple"},"exclude_global_add_ons":[],"addons":[],"acf":[],"_links":{"self":[{"href":"https:\/\/www.customeeple.com\/es\/wp-json\/wp\/v2\/product\/54119","targetHints":{"allow":["GET"]}}],"collection":[{"href":"https:\/\/www.customeeple.com\/es\/wp-json\/wp\/v2\/product"}],"about":[{"href":"https:\/\/www.customeeple.com\/es\/wp-json\/wp\/v2\/types\/product"}],"wp:featuredmedia":[{"embeddable":true,"href":"https:\/\/www.customeeple.com\/es\/wp-json\/wp\/v2\/media\/54121"}],"wp:attachment":[{"href":"https:\/\/www.customeeple.com\/es\/wp-json\/wp\/v2\/media?parent=54119"}],"wp:term":[{"taxonomy":"product_brand","embeddable":true,"href":"https:\/\/www.customeeple.com\/es\/wp-json\/wp\/v2\/product_brand?post=54119"},{"taxonomy":"product_cat","embeddable":true,"href":"https:\/\/www.customeeple.com\/es\/wp-json\/wp\/v2\/product_cat?post=54119"},{"taxonomy":"product_tag","embeddable":true,"href":"https:\/\/www.customeeple.com\/es\/wp-json\/wp\/v2\/product_tag?post=54119"}],"curies":[{"name":"wp","href":"https:\/\/api.w.org\/{rel}","templated":true}]}}