{"id":54077,"date":"2020-10-02T10:30:56","date_gmt":"2020-10-02T09:30:56","guid":{"rendered":"https:\/\/www.customeeple.com\/?post_type=product&#038;p=54077"},"modified":"2026-03-25T11:54:52","modified_gmt":"2026-03-25T10:54:52","slug":"space-marines-vanguard-veteran-squad","status":"publish","type":"product","link":"https:\/\/www.customeeple.com\/es\/producto\/space-marines-vanguard-veteran-squad\/","title":{"rendered":"Space Marines Vanguard Veteran Squad"},"content":{"rendered":"<p>Los Veteranos de Vanguardia de los Marines Espaciales son especialistas en combate cuerpo a cuerpo que se despliegan como fuerzas de intervenci\u00f3n r\u00e1pida dotadas de una gran movilidad. Estos veteranos de la 1\u00aa Compa\u00f1\u00eda se lanzan al campo de batalla con sus propulsores de salto y blandiendo armas de combate que son verdaderas reliquias del Cap\u00edtulo.<\/p>\n<p>&nbsp;<\/p>\n<p>Esta escuadra de 5 Veteranos de Vanguardia de los Marines Espaciales transmite una gran sensaci\u00f3n de dinamismo y energ\u00eda.<\/p>\n<p>&nbsp;<\/p>\n<p>La caja contiene 5 pares de piernas, 5 placas pectorales \u00fanicas, 16 hombreras diferentes, 9 cabezas (8 con casco y 1 descubierta) y 5 propulsores de salto individuales.<\/p>\n<p>&nbsp;<\/p>\n<p>Todos los miembros de la Escuadra pueden armarse con pistola b\u00f3lter y espada sierra (cada una de estas arma tiene un dise\u00f1o \u00fanico) y adem\u00e1s hay 4 pares de cuchillas rel\u00e1mpago y 4 pares de martillo de trueno y escudo tormenta. Para el Sargento puedes optar por un arma reliquia, espada de energ\u00eda, pu\u00f1o de combate o hacha de energ\u00eda y hay tambi\u00e9n una pistola grav, una pistola de plasma, una bomba de fusi\u00f3n y una selecci\u00f3n de granadas de fragmentaci\u00f3n y perforantes.<\/p>\n<p>&nbsp;<\/p>\n<p>La gama de Marines Espaciales se ha dise\u00f1ado para que todos los componentes de sus diversas cajas sean compatibles. Seg\u00fan c\u00f3mo montes las miniaturas, esta caja te permite hacer cientos de variantes de Veterano de Vanguardia pero, si quieres m\u00e1s variedad de hombreras, cabezas o armas, puedes usar algunas de la Escuadra T\u00e1ctica y encajar\u00e1n a la perfecci\u00f3n. Gracias a esto podr\u00e1s hacer de tu colecci\u00f3n de miniaturas algo \u00fanico.<\/p>\n<p>&nbsp;<\/p>\n<p>Este kit multicomponente de pl\u00e1stico contiene 98 piezas con las que montar una Escuadra de 5 Veteranos de Vanguardia y a\u00fan te sobrar\u00e1n para muchos m\u00e1s proyectos.<\/p>\n<p>&nbsp;<\/p>\n<p>Las miniaturas requieren montaje y pintado; recomendamos el uso del Pegamento para Pl\u00e1stico y de las Pinturas Citadel.<\/p>\n","protected":false},"excerpt":{"rendered":"<p>Games Workshop miniatures.<\/p>\n","protected":false},"featured_media":53930,"template":"","meta":{"_acf_changed":false},"product_brand":[],"product_cat":[1177,1180,1372,1623,1229],"product_tag":[1179],"class_list":{"0":"post-54077","1":"product","2":"type-product","3":"status-publish","4":"has-post-thumbnail","6":"product_cat-games-workshop-es","7":"product_cat-retail-products-es","8":"product_cat-sci-fi-es","9":"product_cat-wargames-es-2","10":"product_cat-warhammer-40k-es","11":"product_tag-gamesworkshop-es","13":"first","14":"onbackorder","15":"sale","16":"taxable","17":"shipping-taxable","18":"purchasable","19":"product-type-simple"},"exclude_global_add_ons":[],"addons":[],"acf":[],"_links":{"self":[{"href":"https:\/\/www.customeeple.com\/es\/wp-json\/wp\/v2\/product\/54077","targetHints":{"allow":["GET"]}}],"collection":[{"href":"https:\/\/www.customeeple.com\/es\/wp-json\/wp\/v2\/product"}],"about":[{"href":"https:\/\/www.customeeple.com\/es\/wp-json\/wp\/v2\/types\/product"}],"wp:featuredmedia":[{"embeddable":true,"href":"https:\/\/www.customeeple.com\/es\/wp-json\/wp\/v2\/media\/53930"}],"wp:attachment":[{"href":"https:\/\/www.customeeple.com\/es\/wp-json\/wp\/v2\/media?parent=54077"}],"wp:term":[{"taxonomy":"product_brand","embeddable":true,"href":"https:\/\/www.customeeple.com\/es\/wp-json\/wp\/v2\/product_brand?post=54077"},{"taxonomy":"product_cat","embeddable":true,"href":"https:\/\/www.customeeple.com\/es\/wp-json\/wp\/v2\/product_cat?post=54077"},{"taxonomy":"product_tag","embeddable":true,"href":"https:\/\/www.customeeple.com\/es\/wp-json\/wp\/v2\/product_tag?post=54077"}],"curies":[{"name":"wp","href":"https:\/\/api.w.org\/{rel}","templated":true}]}}