{"id":54036,"date":"2020-10-01T11:10:41","date_gmt":"2020-10-01T10:10:41","guid":{"rendered":"https:\/\/www.customeeple.com\/?post_type=product&#038;p=54036"},"modified":"2024-07-14T00:00:09","modified_gmt":"2024-07-13T23:00:09","slug":"space-marines-primaris-aggressors","status":"publish","type":"product","link":"https:\/\/www.customeeple.com\/es\/producto\/space-marines-primaris-aggressors\/","title":{"rendered":"Space Marines Primaris Aggressors"},"content":{"rendered":"<p>Ataviados con pesadas armaduras Gravis, las escuadras de Aggressors avanzan hacia el enemigo como fortalezas de ceramita andantes. Son m\u00e1s m\u00f3viles que algunos otros Space Marines y m\u00e1s capaces de atravesar terrenos problem\u00e1ticos, lo que los hace vers\u00e1tiles; aunque suelen usarse en circunstancias o terrenos concretos, las escuadras de Aggressors tambi\u00e9n sirven como reservas para cerrar brechas en las l\u00edneas de combate o como punta de lanza en el avance. El alcance de su armamento no es muy largo, pero cuando se acercan lo suficiente como para abrir fuego, el resultado es un brutal barrido con balas de alto calibre capaz de hacer a\u00f1icos una carga enemiga.<\/p>\n<p>Este kit de pl\u00e1stico multicomponente contiene las piezas necesarias para montar una escuadra de tres Primaris Aggressors. Con sus armaduras extremadamente pesadas, su silueta es m\u00e1s ancha y aparatosa que la de la mayor\u00eda de los Primaris Space Marines, debido en buena parte a sus guanteletes de asalto autom\u00e1ticos o guanteletes tormenta de llamas. Se incluyen tres pares de cada uno, y cada arma cuenta con tubos o correas de munici\u00f3n conectados a la enorme mochila. Un par de guanteletes tormenta de llamas tienen los cargadores retra\u00eddos, pues en el cuerpo a cuerpo valen m\u00e1s los pu\u00f1os que las llamas\u2026 Si te decides por los guanteletes de asalto, los Aggressors tambi\u00e9n pueden llevar lanzagranadas fragtormenta.<\/p>\n<p>Tienes la opci\u00f3n de montar 3 Aggressors o 2 Aggressors y un Sergeant; en cualquier caso, cuentas con multitud de opciones. Hay 6 cabezas para los Aggressors normales, con respiradores en la m\u00e1scara de los que usan guanteletes tormenta de llamas, y 2 cabezas m\u00e1s espec\u00edficas para el Sergeant. Los Aggressors con tormenta de llamas tambi\u00e9n tienen hombreras propias, con un mayor refuerzo para protegerlos de las alt\u00edsimas temperaturas de su propio armamento. Tambi\u00e9n se incluyen relicarios y sellos de pureza, con ejemplos especiales para Sergeants con cr\u00e1neos adicionales.<\/p>\n<p>Los Primaris Aggressors se componen de 107 piezas, e incluyen 3 peanas redondas Citadel de 40 mm.<\/p>\n","protected":false},"excerpt":{"rendered":"<p>Games Workshop miniatures.<\/p>\n","protected":false},"featured_media":53936,"template":"","meta":{"_acf_changed":false},"product_brand":[],"product_cat":[1177,1180,1372,1623,1229],"product_tag":[1179],"class_list":{"0":"post-54036","1":"product","2":"type-product","3":"status-publish","4":"has-post-thumbnail","6":"product_cat-games-workshop-es","7":"product_cat-retail-products-es","8":"product_cat-sci-fi-es","9":"product_cat-wargames-es-2","10":"product_cat-warhammer-40k-es","11":"product_tag-gamesworkshop-es","13":"first","14":"onbackorder","15":"sale","16":"taxable","17":"shipping-taxable","18":"purchasable","19":"product-type-simple"},"exclude_global_add_ons":[],"addons":[],"acf":[],"_links":{"self":[{"href":"https:\/\/www.customeeple.com\/es\/wp-json\/wp\/v2\/product\/54036","targetHints":{"allow":["GET"]}}],"collection":[{"href":"https:\/\/www.customeeple.com\/es\/wp-json\/wp\/v2\/product"}],"about":[{"href":"https:\/\/www.customeeple.com\/es\/wp-json\/wp\/v2\/types\/product"}],"wp:featuredmedia":[{"embeddable":true,"href":"https:\/\/www.customeeple.com\/es\/wp-json\/wp\/v2\/media\/53936"}],"wp:attachment":[{"href":"https:\/\/www.customeeple.com\/es\/wp-json\/wp\/v2\/media?parent=54036"}],"wp:term":[{"taxonomy":"product_brand","embeddable":true,"href":"https:\/\/www.customeeple.com\/es\/wp-json\/wp\/v2\/product_brand?post=54036"},{"taxonomy":"product_cat","embeddable":true,"href":"https:\/\/www.customeeple.com\/es\/wp-json\/wp\/v2\/product_cat?post=54036"},{"taxonomy":"product_tag","embeddable":true,"href":"https:\/\/www.customeeple.com\/es\/wp-json\/wp\/v2\/product_tag?post=54036"}],"curies":[{"name":"wp","href":"https:\/\/api.w.org\/{rel}","templated":true}]}}