{"id":54034,"date":"2020-10-01T11:07:12","date_gmt":"2020-10-01T10:07:12","guid":{"rendered":"https:\/\/www.customeeple.com\/?post_type=product&#038;p=54034"},"modified":"2020-10-01T11:09:48","modified_gmt":"2020-10-01T10:09:48","slug":"space-marines-primaris-repulsor","status":"publish","type":"product","link":"https:\/\/www.customeeple.com\/es\/producto\/space-marines-primaris-repulsor\/","title":{"rendered":"Space Marines Primaris Repulsor"},"content":{"rendered":"<p>El transporte blindado Repulsor es una combinaci\u00f3n letal de maniobrabilidad y fuerza bruta. Las turbinas de su parte trasera le aportan una tremenda fuerza motriz que se mantiene gracias a sus generadores antigrav\u00edticos. El Repulsor est\u00e1 tan fuertemente armado y blindado que no sobrevuela el terreno, sino que destroza el suelo bajo \u00e9l. Su avance resuena con un rugido sordo, reduciendo la roca a grava y los cuerpos ca\u00eddos a montones de sangre y huesos pulverizados.<\/p>\n<p>Este kit de pl\u00e1stico multicomponente contiene las piezas necesarias para montar un Repulsor de los Space Marines Primaris, un veh\u00edculo blindado capaz no s\u00f3lo de transportar a 10 Primaris Space Marines al combate sino tambi\u00e9n de defenderse con el vasto arsenal de armas que tiene a su disposici\u00f3n. El Repulsor puede elegir entre:<\/p>\n<p>&#8211; Un ca\u00f1\u00f3n pesado gatling de batalla montado en torreta, que puede ser reemplazado por un espol\u00f3n l\u00e1ser;<br \/>&#8211; Un b\u00f3lter pesado doble montado al frente, que puede ser reemplazado por un ca\u00f1\u00f3n l\u00e1ser doble;<br \/>&#8211; Una ametralladora pesada gran\u00edfero montada, que puede ser reemplazada por un ca\u00f1\u00f3n gatling de batalla;<br \/>&#8211; Una ametralladora pesada gran\u00edfero \u00cdcaro trasera, que puede ser reemplazada por una bater\u00eda de cohetes \u00cdcaro, b\u00f3lter tormenta o lanzagranadas perfotormenta;<br \/>&#8211; 2 b\u00f3lteres tormenta, que pueden ser reemplazados por 2 lanzagranadas fragtormenta;<br \/>&#8211; Descargadores autom\u00e1ticos que pueden ser reemplazados por 2 lanzagranadas fragtormenta.<\/p>\n<p>El Repulsor tambi\u00e9n est\u00e1 equipado con un par de lanzagranadas de fragmentaci\u00f3n y puede elegir una ametralladora pesada gran\u00edfero adicional.<\/p>\n<p>El cuerpo del Repulsor incluye diversas opciones de modelaje: hay 6 montajes de estiba, que son completamente modulares y configurables en incontables formas, con granadas y cohetes. La escotilla superior se puede montar abierta o cerrada; y en caso de que elijas la opci\u00f3n abierta puedes situar a un Tech-marine en la escotilla, se\u00f1alando hacia el enemigo u operando el arma montada. Tambi\u00e9n incluye todos los detalles que puedes esperar en una miniatura Imperial: luces, radar, grandes salidas de ventilaci\u00f3n y aquilas que se exhiben orgullosas hacia el enemigo.<\/p>\n<p>El Primaris Repulsor est\u00e1 formado por 168 componentes e incluye una hoja de calcoman\u00edas, as\u00ed como una peana redonda Citadel de 100mm. La peana ofrece un soporte flotante transparente que se puede fijar en \u00e1ngulo, a\u00f1adiendo un cierto grado de inclinaci\u00f3n a tu miniatura.<\/p>\n","protected":false},"excerpt":{"rendered":"<p>Games Workshop boardgame.<\/p>\n","protected":false},"featured_media":53938,"template":"","meta":{"_acf_changed":false},"product_brand":[],"product_cat":[1177,1180,1372,1229],"product_tag":[1422,1264,1179,785],"class_list":{"0":"post-54034","1":"product","2":"type-product","3":"status-publish","4":"has-post-thumbnail","6":"product_cat-games-workshop-es","7":"product_cat-retail-products-es","8":"product_cat-sci-fi-es","9":"product_cat-warhammer-40k-es","10":"product_tag-40000-es","11":"product_tag-boardgame-es","12":"product_tag-gamesworkshop-es","13":"product_tag-wargame-es-2","15":"first","16":"onbackorder","17":"sale","18":"taxable","19":"shipping-taxable","20":"purchasable","21":"product-type-simple"},"exclude_global_add_ons":[],"addons":[],"acf":[],"_links":{"self":[{"href":"https:\/\/www.customeeple.com\/es\/wp-json\/wp\/v2\/product\/54034","targetHints":{"allow":["GET"]}}],"collection":[{"href":"https:\/\/www.customeeple.com\/es\/wp-json\/wp\/v2\/product"}],"about":[{"href":"https:\/\/www.customeeple.com\/es\/wp-json\/wp\/v2\/types\/product"}],"wp:featuredmedia":[{"embeddable":true,"href":"https:\/\/www.customeeple.com\/es\/wp-json\/wp\/v2\/media\/53938"}],"wp:attachment":[{"href":"https:\/\/www.customeeple.com\/es\/wp-json\/wp\/v2\/media?parent=54034"}],"wp:term":[{"taxonomy":"product_brand","embeddable":true,"href":"https:\/\/www.customeeple.com\/es\/wp-json\/wp\/v2\/product_brand?post=54034"},{"taxonomy":"product_cat","embeddable":true,"href":"https:\/\/www.customeeple.com\/es\/wp-json\/wp\/v2\/product_cat?post=54034"},{"taxonomy":"product_tag","embeddable":true,"href":"https:\/\/www.customeeple.com\/es\/wp-json\/wp\/v2\/product_tag?post=54034"}],"curies":[{"name":"wp","href":"https:\/\/api.w.org\/{rel}","templated":true}]}}