{"id":54030,"date":"2020-10-01T10:58:35","date_gmt":"2020-10-01T09:58:35","guid":{"rendered":"https:\/\/www.customeeple.com\/?post_type=product&#038;p=54030"},"modified":"2020-10-01T11:01:01","modified_gmt":"2020-10-01T10:01:01","slug":"necron-overlord","status":"publish","type":"product","link":"https:\/\/www.customeeple.com\/es\/producto\/necron-overlord\/","title":{"rendered":"Necron Overlord"},"content":{"rendered":"<p>Gobernando legi\u00f3n tras legi\u00f3n de soldados no muertos cuyo \u00fanico prop\u00f3sito es obedecer sus \u00f3rdenes, el Necron Overlord es un semidios fr\u00edo y calculador. Puede elegir lo que quiera entre el armamento arcano de su antigua raza; artefactos poderosos que han acabado con muchas de las mayores civilizaciones de la galaxia.<\/p>\n<p>Este kit de pl\u00e1stico de 10 piezas permite montar un Necron Overlord armado con un d\u00e1culus y un orbe de resurrecci\u00f3n. La miniatura se suministra con una peana redonda de 40 mm.<\/p>\n","protected":false},"excerpt":{"rendered":"<p>Games Workshop Miniature.<\/p>\n","protected":false},"featured_media":53942,"template":"","meta":{"_acf_changed":false},"product_brand":[],"product_cat":[1177,1180,1372,1623,1229],"product_tag":[1179],"class_list":{"0":"post-54030","1":"product","2":"type-product","3":"status-publish","4":"has-post-thumbnail","6":"product_cat-games-workshop-es","7":"product_cat-retail-products-es","8":"product_cat-sci-fi-es","9":"product_cat-wargames-es-2","10":"product_cat-warhammer-40k-es","11":"product_tag-gamesworkshop-es","13":"first","14":"onbackorder","15":"sale","16":"taxable","17":"shipping-taxable","18":"purchasable","19":"product-type-simple"},"exclude_global_add_ons":[],"addons":[],"acf":[],"_links":{"self":[{"href":"https:\/\/www.customeeple.com\/es\/wp-json\/wp\/v2\/product\/54030","targetHints":{"allow":["GET"]}}],"collection":[{"href":"https:\/\/www.customeeple.com\/es\/wp-json\/wp\/v2\/product"}],"about":[{"href":"https:\/\/www.customeeple.com\/es\/wp-json\/wp\/v2\/types\/product"}],"wp:featuredmedia":[{"embeddable":true,"href":"https:\/\/www.customeeple.com\/es\/wp-json\/wp\/v2\/media\/53942"}],"wp:attachment":[{"href":"https:\/\/www.customeeple.com\/es\/wp-json\/wp\/v2\/media?parent=54030"}],"wp:term":[{"taxonomy":"product_brand","embeddable":true,"href":"https:\/\/www.customeeple.com\/es\/wp-json\/wp\/v2\/product_brand?post=54030"},{"taxonomy":"product_cat","embeddable":true,"href":"https:\/\/www.customeeple.com\/es\/wp-json\/wp\/v2\/product_cat?post=54030"},{"taxonomy":"product_tag","embeddable":true,"href":"https:\/\/www.customeeple.com\/es\/wp-json\/wp\/v2\/product_tag?post=54030"}],"curies":[{"name":"wp","href":"https:\/\/api.w.org\/{rel}","templated":true}]}}