{"id":54026,"date":"2020-10-01T10:54:04","date_gmt":"2020-10-01T09:54:04","guid":{"rendered":"https:\/\/www.customeeple.com\/?post_type=product&#038;p=54026"},"modified":"2023-04-28T00:00:11","modified_gmt":"2023-04-27T23:00:11","slug":"blood-angels-death-company","status":"publish","type":"product","link":"https:\/\/www.customeeple.com\/es\/producto\/blood-angels-death-company\/","title":{"rendered":"Blood Angels Death Company"},"content":{"rendered":"<p>Los guerreros de la Death Company, consumidos por la locura de la Rabia Negra, se entregan a la muerte en combate. Es tanto una gran tragedia como un gran honor ofrecerse a uno mismo en el altar de la guerra.<\/p>\n<p>Este kit de pl\u00e1stico multicomponente contiene 94 componentes que te permitir\u00e1n montar una 5 miniaturas de la Death Company de los Blood Angels. Incluye 5 mochilas, 5 propulsores de salto, 20 hombreras y 8 cabezas. Tambi\u00e9n se incluye una serie de b\u00f3lters, pistolas b\u00f3lter y espadas sierras, as\u00ed como un gran cantidad de opciones de armas y 5 peanas redondas de 32 mm.<\/p>\n","protected":false},"excerpt":{"rendered":"<p>Warhammer 40,000 miniatures.<\/p>\n","protected":false},"featured_media":53950,"template":"","meta":{"_acf_changed":false},"product_brand":[],"product_cat":[1177,1180,1372,1623,1229],"product_tag":[1179],"class_list":{"0":"post-54026","1":"product","2":"type-product","3":"status-publish","4":"has-post-thumbnail","6":"product_cat-games-workshop-es","7":"product_cat-retail-products-es","8":"product_cat-sci-fi-es","9":"product_cat-wargames-es-2","10":"product_cat-warhammer-40k-es","11":"product_tag-gamesworkshop-es","12":"pa_language-in","13":"pa_language-spanish","15":"first","16":"onbackorder","17":"sale","18":"taxable","19":"shipping-taxable","20":"purchasable","21":"product-type-simple"},"exclude_global_add_ons":[],"addons":[],"acf":[],"_links":{"self":[{"href":"https:\/\/www.customeeple.com\/es\/wp-json\/wp\/v2\/product\/54026","targetHints":{"allow":["GET"]}}],"collection":[{"href":"https:\/\/www.customeeple.com\/es\/wp-json\/wp\/v2\/product"}],"about":[{"href":"https:\/\/www.customeeple.com\/es\/wp-json\/wp\/v2\/types\/product"}],"wp:featuredmedia":[{"embeddable":true,"href":"https:\/\/www.customeeple.com\/es\/wp-json\/wp\/v2\/media\/53950"}],"wp:attachment":[{"href":"https:\/\/www.customeeple.com\/es\/wp-json\/wp\/v2\/media?parent=54026"}],"wp:term":[{"taxonomy":"product_brand","embeddable":true,"href":"https:\/\/www.customeeple.com\/es\/wp-json\/wp\/v2\/product_brand?post=54026"},{"taxonomy":"product_cat","embeddable":true,"href":"https:\/\/www.customeeple.com\/es\/wp-json\/wp\/v2\/product_cat?post=54026"},{"taxonomy":"product_tag","embeddable":true,"href":"https:\/\/www.customeeple.com\/es\/wp-json\/wp\/v2\/product_tag?post=54026"}],"curies":[{"name":"wp","href":"https:\/\/api.w.org\/{rel}","templated":true}]}}